{"id":955,"date":"2010-07-08T04:40:34","date_gmt":"2010-07-08T08:40:34","guid":{"rendered":"http:\/\/seelearningcenter.pt\/"},"modified":"2010-07-09T02:17:17","modified_gmt":"2010-07-09T06:17:17","slug":"bienvenido-a-lisboa","status":"publish","type":"page","link":"https:\/\/seelearningcenter.pt\/es\/aprendizaje-de-portugues\/bienvenido-a-lisboa\/","title":{"rendered":"Bienvenido a Lisboa"},"content":{"rendered":"<table border=\"0\" cellspacing=\"0\" cellpadding=\"0\" width=\"100%\">\n<tbody>\n<tr>\n<td width=\"42%\"><img loading=\"lazy\" decoding=\"async\" src=\"http:\/\/www.seelearningcenter.pt\/images\/lisboa1.jpg\" alt=\"\" width=\"288\" height=\"191\" \/><\/td>\n<td width=\"2%\"><img loading=\"lazy\" decoding=\"async\" src=\"http:\/\/www.seelearningcenter.pt\/images\/transp.gif\" alt=\"\" width=\"15\" height=\"1\" \/><\/td>\n<td width=\"56%\"><em>\u00abLos caf\u00e9s son uno de los rasgos m\u00e1s caracter\u00edsticos de una tierra. El viajante curtido y exquisito que llega a cualquier parte, entra en un caf\u00e9, lo observa, lo examina, lo estudia, reconoce entonces el pa\u00eds en el que est\u00e1, su gobierno, sus leyes, sus costumbres, su religi\u00f3n.\u201d<\/em><strong> <\/strong><\/p>\n<p><strong>Almeida Garret, <em>Viagens na Minha Terra<\/em><\/strong><\/td>\n<\/tr>\n<\/tbody>\n<\/table>\n<p>Dar la bienvenida a Lisboa es dar la bienvenida a una ciudad cuya luz es  una de las m\u00e1s especiales\u00a0 de Europa. Desde lo alto de sus siete  colinas, Lisboa saluda a quienes llegan atra\u00eddos por el quejido de las  guitarras que entonan el hadado destino del <em>fado<\/em>. Capital  milenaria, la ciudad se arregla todos los d\u00edas para bajar por el  tradicional empedrado de empinadas cuestas y callejuelas de m\u00faltiples  salidas.<\/p>\n<p>Son los barrios antiguos tales como <em>Alfama<\/em> los que le dan fama  de castiza, sus avenidas &#8211; como la de la <em>Liberdade<\/em>&#8211; que la  visten con elegancia y sus ordenadas calles &#8211; como las de <em>Campo de  Ourique<\/em>&#8211;\u00a0 que le dan personalidad.<\/p>\n<p>Y si un caf\u00e9  dice mucho de una ciudad, entonces est\u00e1 invitado a sentarse en la <em>Brasileira<\/em> para descubrir los secretos que esta ciudad a\u00fan no le haya revelado.<\/p>\n<p>Sea bienvenido a Lisboa<\/p>\n<p><a id=\"1\" name=\"1\"><\/a><strong><em>Historia de la ciudad<\/em><\/strong><\/p>\n<table border=\"0\" cellspacing=\"0\" cellpadding=\"0\" width=\"100%\">\n<tbody>\n<tr>\n<td width=\"42%\"><img loading=\"lazy\" decoding=\"async\" src=\"http:\/\/www.seelearningcenter.pt\/images\/lisboa2.jpg\" alt=\"\" width=\"288\" height=\"191\" \/><\/td>\n<td width=\"2%\"><img loading=\"lazy\" decoding=\"async\" src=\"http:\/\/www.seelearningcenter.pt\/images\/transp.gif\" alt=\"\" width=\"15\" height=\"1\" \/><\/td>\n<td width=\"56%\">Situada en el  estuario del r\u00edo Tajo, sobre la costa oeste del oc\u00e9ano Atl\u00e1ntico, Lisboa  es la ciudad capital m\u00e1s antigua del continente europeo. Con tres  honorables milenios de historia y el t\u00edtulo de capital conquistado en  1147, Lisboa se renueva a s\u00ed misma a trav\u00e9s de su vida de barrio y de su  modernidad multicultural.<\/td>\n<\/tr>\n<\/tbody>\n<\/table>\n<p>En el distrito de esta  ciudad cosmopolita viven aproximadamente 556.797 habitantes, en una \u00e1rea  metropolitana que abarca alrededor de 84 km2. Ocupa la zona de Grande  Lisboa (las afueras) cerca de 2750 Km2 donde que cuenta aproximadamente  2,1 millones de habitantes. El distrito de Lisboa se divide en 53 juntas  de barrio (<em>freguesias<\/em>), haciendo frontera con municipios como <em>Odivelas<\/em> y <em>Loures<\/em> (al norte), <em>Oeiras<\/em> (al oeste), <em>Amadora<\/em> (al este) y al sudeste con el estuario del Tajo, tambi\u00e9n conocido como <em>Mar  de Palha <\/em>(Mar de la Paja), el cual la une a los distritos de <em>Almada,  Seixas, Barreiro, Moita, Montijo <\/em>y <em>Alcochete<\/em>.<\/p>\n<p>Sobre las Siete Colinas, con un empedrado de calles estrechas y  vistas panor\u00e1micas en cada rinc\u00f3n, la ciudad se llena de coloridas  historias, culturas fascinantes y barrios encantadores, atrayendo una  vez m\u00e1s a estudiantes extranjeros que ans\u00edan aprender la lengua  portuguesa. El coraz\u00f3n de la ciudad est\u00e1 salpicado de barrios  acogedores, todos con un sabor propio: <em>Alfama, Chiado, Mouraria,  Bairro Alto<\/em>, <em>Estrela, Bel\u00e9m, Ajuda<\/em> y otros m\u00e1s que dan color a  la ciudad donde las colinas duermen sobre el r\u00edo. Con un plano en mano,  estar\u00e1 listo para abrirse camino.<\/p>\n<p>Dice la leyenda  que fue Ulises quien fund\u00f3 la ciudad, pero la historia es m\u00e1s exacta y  laurea a los fenicios con tal m\u00e9rito all\u00e1 por el a\u00f1o 1200 a.C. Al pueblo  fundador le siguieron los romanos, liderados por Decimus Junius Brutus  en la conquista de Lusitania, quienes hicieron de Lisboa una aut\u00e9ntica  plaza de comercio.<\/p>\n<p>Con la ca\u00edda del Imperio romano,  los germanos contin\u00faan con el saqueo de Olisipo y despu\u00e9s de ellos  fueron los v\u00e1ndalos en el siglo V, sigui\u00e9ndoles los alanos y los godos  hasta que la ciudad recibe por fin la llegada de Remismundo, en el a\u00f1o  468, que integra Lisboa al Reino Suevo, el cual ten\u00eda Braga como  capital, otra de las bellas e hist\u00f3ricas ciudades de Portugal.<\/p>\n<p><em>Ulishbona<\/em> se ir\u00eda a llamar cuando, en el siglo VI, los  visigodos unificaron la Pen\u00ednsula Ib\u00e9rica. A\u00fan antes del Cerco de Lisboa  en 1147, la ciudad vio a los musulmanes tomar la retaguardia pero con  la fuerza de Martim Moniz, que dio la vida por su bella amada, y la  astucia de los caballeros de las cruzadas,\u00a0 Don Alfonso Henriques tomar\u00e1  el reinado de la ciudad. Fue el d\u00eda 1 de noviembre del mismo a\u00f1o. Y  Lisboa crece y Don Alfonso III de Portugal, al ver tama\u00f1o crecimiento,  la nombra capital. Corr\u00eda el a\u00f1o 1256.<\/p>\n<p>Le sigui\u00f3 el  periodo hist\u00f3rico de Los Descubrimientos y Lisboa se convirti\u00f3 en La  Se\u00f1ora de los Mares, disponi\u00e9ndose as\u00ed a recibir tanto navegantes de  exquisitos gustos llegados de toda Europa como tambi\u00e9n esclavos de  \u00c1frica e hind\u00faes, chinos, japoneses e ind\u00edgenas de Brasil. Se crean  grandes casas de comercio en la capital, la m\u00e1s famosa de todas llamada  Casa de la  India. El inter\u00e9s por la cultura y construcci\u00f3n de grandes  obras acompa\u00f1a a esta Lisboa de navegantes, siendo ejemplos de \u00e9sto el <em>Mosterio  dos Jer\u00f3nimos<\/em> y la <em>Torre<\/em><em> de Bel\u00e9m<\/em>, construidos al  estilo manuelino, el\u00a0 <em>Forte<\/em> de <em>S\u00e3o Juli\u00e3o da Barra<\/em>, el\u00a0 <em>Terreiro  do Pa\u00e7o<\/em> y el Palacio Real, m\u00e1s tarde destruido. Es tambi\u00e9n en  aquella altura que las ciencias y las letras alcanzan un notable apogeo,  con Lu\u00eds Vaz de Cam\u00f5es a la cabeza de la  Generaci\u00f3n de Oro.<\/p>\n<p>Y continuamos hasta el 1 de noviembre de 1755, d\u00eda de Todos los  Santos y cuando se produce, a las 9h40, el terremoto de Lisboa. La  ciudad encuentra en el Ministro de Guerra y de los Negocios Extranjeros &#8211;  de nombre Sebasti\u00e3o Jos\u00e9 de Carvalho e Melo, conocido por todos como el  Marqu\u00e9s de Pombal- una nueva vida. Renace la zona de la <em>Baixa  Pombalina<\/em>, del <em>Terreiro do Pa\u00e7o<\/em> y de la <em>Pra\u00e7a<\/em><em> la  Figueira<\/em>.<\/p>\n<p>Y Lisboa va pasando por los siglos,  casi olvidada por el protagonismo anunciado de las ciudades coloniales  de Angola y Mozambique, hasta que Fontes Pereira de Melo le renueva el  estilo y la lleva al encuentro de grandes empresas. Una nueva Lisboa  crece en las <em>Avenidas Novas<\/em> y en barrios como <em>Campo de Ourique<\/em>.<\/p>\n<table border=\"0\" cellspacing=\"0\" cellpadding=\"0\" width=\"100%\">\n<tbody>\n<tr>\n<td width=\"42%\"><img loading=\"lazy\" decoding=\"async\" src=\"http:\/\/www.seelearningcenter.pt\/images\/lisboa13.jpg\" alt=\"\" width=\"288\" height=\"191\" \/><\/td>\n<td width=\"2%\"><\/td>\n<td width=\"56%\"><strong><em> <\/em><\/strong>Con el 25 de abril viene la  Revoluci\u00f3n de los Claveles y  la  modernizaci\u00f3n. Lisboa se mira en el espejo de \u00e9sta que fue la  primera  operaci\u00f3n pol\u00edtica de la ciudad y que le dio el envi\u00f3n para ser\u00a0   Capital Europea de la Cultura en 1994. Otros volver\u00edan a visitarla en   1988, con la zona oriental reformada y una Exposici\u00f3n Mundial de los   Oc\u00e9anos abriendo nuevos horizontes.<\/p>\n<p>Nuevas historias  tendr\u00e1 esta ciudad, donde se cruzan mundos y  culturas y sus ciudadanos  reciben de brazos abiertos a los extranjeros  que la visitan, haci\u00e9ndolos  sentir como en su propia casa. Por eso en  See Learning Center, las  actividades culturales y los paseos por la  ciudad son planeados de forma  tan cuidadosa.. Todo de manera a que se  lleve consigo, entre tantas  otras cosas, el <em>Fado<\/em>, ese estilo  musical tan portugu\u00e9s, que tiene  su ra\u00edz etimol\u00f3gica del lat\u00edn <em>factum<\/em> (destino) y cuyo origen  vive escondido en las tabernas de la <em>Mouraria<\/em>.<\/td>\n<\/tr>\n<\/tbody>\n<\/table>\n<p><a id=\"2\" name=\"2\"><\/a><strong><em>San Antonio de Lisboa<\/em><\/strong><\/p>\n<table border=\"0\" cellspacing=\"0\" cellpadding=\"0\" width=\"100%\">\n<tbody>\n<tr>\n<td width=\"42%\"><img loading=\"lazy\" decoding=\"async\" src=\"http:\/\/www.seelearningcenter.pt\/images\/lisboa3.jpg\" alt=\"\" width=\"288\" height=\"191\" \/><\/td>\n<td width=\"2%\"><img loading=\"lazy\" decoding=\"async\" src=\"http:\/\/www.seelearningcenter.pt\/images\/transp.gif\" alt=\"\" width=\"15\" height=\"1\" \/><\/td>\n<td width=\"56%\">La noche del 12 de junio  -noche de fiesta en la ciudad- las Marchas  Populares de Lisboa recorren  la <em>Avenida<\/em><em> da Liberdade<\/em>:  todos los grupos recreativos y  asociaciones de los barrios lisboetas  recorren la avenida compitiendo  por el t\u00edtulo al mejor desfile, traje,  m\u00fasica y coreograf\u00eda. La mejor  marcha gana un premio. Inspirados en el  tema \u201cLisboa\u201d, los veinte  participantes dan cuerpo a un acontecimiento  \u00fanico de la cultura  folcl\u00f3rica portuguesa.<\/p>\n<p>En realidad, durante todo el  mes de junio, mes de los Santos  Populares, las noches de Lisboa se  llenan de animados festivales que  toman el centro hist\u00f3rico de la ciudad  y los barrios t\u00edpicos. Desde el  castillo hasta morer\u00eda, de <em>Gra\u00e7a<\/em> a <em>Alfama<\/em> y de <em>Ajuda<\/em> al <em>Bairro Alto<\/em>, todos forman  parte de esta fiesta. Las calles  se decoran con banderas, iluminadas con  centelleantes luces y  desbordando m\u00fasica popular por los templetes. Y  tambi\u00e9n las  tradicionales sardinas a la parrilla, servidas al plato o en  el pan, y  el t\u00edpico <em>manjerico<\/em> (planta de albahaca) con versos en  honor a  San Antonio, patr\u00f3n de Lisboa y santo casamentero.<\/td>\n<\/tr>\n<\/tbody>\n<\/table>\n<p><a id=\"3\" name=\"3\"><\/a><strong><em>Comer fuera<\/em><\/strong><\/p>\n<table border=\"0\" cellspacing=\"0\" cellpadding=\"0\" width=\"100%\">\n<tbody>\n<tr>\n<td width=\"42%\"><img loading=\"lazy\" decoding=\"async\" src=\"http:\/\/www.seelearningcenter.pt\/images\/lisboa4.jpg\" alt=\"\" width=\"288\" height=\"191\" \/><\/td>\n<td width=\"2%\"><img loading=\"lazy\" decoding=\"async\" src=\"http:\/\/www.seelearningcenter.pt\/images\/transp.gif\" alt=\"\" width=\"15\" height=\"1\" \/><\/td>\n<td width=\"56%\">En Lisboa, comer fuera es siempre  una experiencia maravillosa. La  gastronom\u00eda tradicional portuguesa  significa cultura, imaginaci\u00f3n y  buen gusto. Desde los restaurantes  tradicionales hasta los acogedores  caf\u00e9s, pasando por la cocina  internacional, tiene Lisboa una cornucopia  de sabores para degustar.  Deguste una cena al son de las guitarras que  tocan\u00a0 <em>fado<\/em>, la m\u00e1s  tradicional m\u00fasica lisboeta, o pruebe un <em>bife<\/em> (solomillo) regado  con una buena cerveza en las cervecer\u00edas  tradicionales.<\/td>\n<\/tr>\n<\/tbody>\n<\/table>\n<p><a id=\"4\" name=\"4\"><\/a><strong><em>Andar  a pie<\/em><\/strong><\/p>\n<table border=\"0\" cellspacing=\"0\" cellpadding=\"0\" width=\"100%\">\n<tbody>\n<tr>\n<td width=\"42%\"><img loading=\"lazy\" decoding=\"async\" src=\"http:\/\/www.seelearningcenter.pt\/images\/lisboa6.jpg\" alt=\"\" width=\"288\" height=\"191\" \/><\/td>\n<td width=\"2%\"><img loading=\"lazy\" decoding=\"async\" src=\"http:\/\/www.seelearningcenter.pt\/images\/transp.gif\" alt=\"\" width=\"15\" height=\"1\" \/><\/td>\n<td width=\"56%\">Del\u00e9itese con el paisaje en la zona oriental de la  ciudad, la cual  gan\u00f3 una nueva vida para recibir la Expo \u201998.  Pedaleando en bicicleta o  paseando tranquilamente, saque partido del  sinf\u00edn de actividades en el  Parque de las Naciones. Pasee tranquilamente  por la <em>Rua  Augusta<\/em> y entret\u00e9ngase haciendo compras o visitando  el <em>Jard\u00edn Zool\u00f3gico<\/em>,  uno de los m\u00e1s antiguos del mundo<\/p>\n<p>La  ciudad tiene muchos estadios y a los clubes deportivos se los  mima con  orgullo. No se pierda la experiencia de ir a uno de sus  partidos de  f\u00fatbol.<\/td>\n<\/tr>\n<\/tbody>\n<\/table>\n<p>En la \u00e9poca de verano las temperaturas invitan a salir a  la calle y   disfrutar del ambiente vivido en la ciudad, donde festivales,  cines,   conciertos, obras de teatro, desfiles y folclore, llenan la  agenda con   programas que le permiten disfrutar plenamente los d\u00edas y las  noches   lisboetas. El hist\u00f3rico barrio que va desde\u00a0 <em>Pra\u00e7a do  Com\u00e9rcio<\/em> hasta\u00a0 <em>Baixa<\/em> <em>Chiado<\/em>, la cosmopolita <em>Avenida  da   Liberdade<\/em>, as\u00ed como las m\u00e1s variadas avenidas y calles, se  juntan   para dar la bienvenida a todos los que en esta ciudad viven o  llegan en   calidad de visitantes.<\/p>\n<p><a id=\"5\" name=\"5\"><\/a><strong><em>Salir por la noche<\/em><\/strong><\/p>\n<p><strong><em> <\/em><\/strong><\/p>\n<table border=\"0\" cellspacing=\"0\" cellpadding=\"0\" width=\"100%\">\n<tbody>\n<tr>\n<td width=\"42%\"><img loading=\"lazy\" decoding=\"async\" src=\"http:\/\/www.seelearningcenter.pt\/images\/lisboa7.jpg\" alt=\"\" width=\"288\" height=\"191\" \/><\/td>\n<td width=\"2%\"><img loading=\"lazy\" decoding=\"async\" src=\"http:\/\/www.seelearningcenter.pt\/images\/transp.gif\" alt=\"\" width=\"15\" height=\"1\" \/><\/td>\n<td width=\"56%\"><strong> <\/strong>Al anochecer,   discotecas, pubs y casas de fado dan vida a la ciudad,  invitando a  todos  a disfrutar de buenos momentos.<\/p>\n<p>Para los visitantes, las  casas  de fado son lugares de paso  obligatorio. Del\u00e9itese con un  tradicional  bacalao regado con un buen  vino regional y acompa\u00f1ado de  las voces y  guitarras portuguesas que  hacen del fado la inolvidable  tarjeta de  visita lisboeta.<\/p>\n<p>Si prefiere un estilo m\u00e1s  sincr\u00e9tico, encontrar\u00e1  restaurantes que  acogen artistas, escritores,  m\u00fasicos y pol\u00edticos de la  sociedad  portuguesa as\u00ed como intelectuales  de todo el mundo. En esta  vieja  Lisboa tambi\u00e9n podr\u00e1 encontrar el  placer de degustar una cocina  firmada  por chefs portugueses.<\/p>\n<p>Para  bailar, bien cerca de la zona  portuaria, puede contar con  buenos DJ\u2019s  o por la zona de <em>Santos<\/em>,  con el especial y  cosmopolita estilo  de sus discotecas.<\/p>\n<p>Si le  gusta recordar ritmos de otros tiempos,  el <em>Hard Rock Caf\u00e9<\/em> tambi\u00e9n  le espera.<\/p>\n<p><strong> <\/strong><\/p>\n<p><strong> <\/strong><\/td>\n<\/tr>\n<\/tbody>\n<\/table>\n<p>En Lisboa,  infinitas horas de diversi\u00f3n van a su  encuentro.<\/p>\n<p><a id=\"6\" name=\"6\"><\/a><strong><em>De  compras<\/em><\/strong><\/p>\n<table border=\"0\" cellspacing=\"0\" cellpadding=\"0\" width=\"100%\">\n<tbody>\n<tr>\n<td width=\"42%\"><img loading=\"lazy\" decoding=\"async\" src=\"http:\/\/www.seelearningcenter.pt\/images\/lisboa8.jpg\" alt=\"\" width=\"288\" height=\"191\" \/><\/td>\n<td width=\"2%\"><\/td>\n<td width=\"56%\">Lisboa  tiene de todo. Desde las famosas tiendas  de moda hasta el  peque\u00f1o  comercio,<\/p>\n<p>De <em>boutiques<\/em> dise\u00f1adores de moda de renombre a\u00a0  modernos  centros comerciales,  mercados, etc. Pruebe el contraste entre  el  comercio tradicional y el  moderno.<\/p>\n<p>Una de las  zonas comerciales m\u00e1s antiguas de la ciudad  es la <em>Baixa<\/em>,  que va  desde <em>Rossio<\/em> hasta <em>Rua Augusta<\/em> y sus  perpendiculares, y  desde <em>Chiado<\/em> hasta <em>Avenida da  Liberdade<\/em>.<\/p>\n<p>Encontrar\u00e1  f\u00e1cilmente nombres de calles  relacionados con oficios  practicados en  determinadas calles<em>: Rua da  Prata, Rua do Ouro, Rua  dos Ferreiros<\/em>,  etc.<\/p>\n<p>Con una gran  variedad de comercio concentrado,  si busca joyas, ropa,  accesorios,  relojes o recuerdos paras regalo,  existe una zona\u00a0  definida que lo  espera.<\/p>\n<p>Encontrar\u00e1 centros  comerciales\u00a0 por casi toda la ciudad:  desde los  grandes almacenes hasta  superficies m\u00e1s peque\u00f1as, siempre a  su  disposici\u00f3n para satisfacer sus  necesidades. Los m\u00e1s importantes  abren  todos los d\u00edas entre las 10h00 y  las 00h00 (verdaderos para\u00edsos  del  arte de comprar).<\/td>\n<\/tr>\n<\/tbody>\n<\/table>\n<table border=\"0\" cellspacing=\"0\" cellpadding=\"0\" width=\"100%\">\n<tbody>\n<tr>\n<td width=\"42%\"><img loading=\"lazy\" decoding=\"async\" src=\"http:\/\/www.seelearningcenter.pt\/images\/lisboa14.jpg\" alt=\"\" width=\"288\" height=\"421\" \/><\/td>\n<td width=\"2%\"><img loading=\"lazy\" decoding=\"async\" src=\"http:\/\/www.seelearningcenter.pt\/images\/transp.gif\" alt=\"\" width=\"15\" height=\"1\" \/><\/td>\n<td width=\"56%\"><a id=\"7\" name=\"7\"><\/a><strong><em>Informaciones \u00fatile<\/em><\/strong><strong> <\/strong><\/p>\n<p>Franja horaria:  GMT+1 (Verano)<\/p>\n<p>EUA \/ Los \u00c1ngeles: -8H<\/p>\n<p>EUA\/  Nueva York: -5H<\/p>\n<p>Brasil\/ Brasilia: -3H<\/p>\n<p>Reino Unido\/  Londres: =<\/p>\n<p>\u00c1frica  del Sur \/ Ciudad de Cabo: -2H<\/p>\n<p>Francia\/  Par\u00eds; Alemania\/ Bonn;  Holanda\/ \u00c1msterdam; Italia\/ Roma;  Noruega\/  Oslo; Espa\u00f1a\/ Madrid; Suecia\/  Estocolmo: +1H<\/p>\n<p>Jap\u00f3n\/Tokio: +9H<\/p>\n<p>Australia\/ Camberra: +10H<\/td>\n<\/tr>\n<\/tbody>\n<\/table>\n<p><strong><a id=\"8\" name=\"8\"><\/a>Moneda<\/strong>: Euro (desde 2002). 1  euro se divide en  100 c\u00e9ntimos.  Existen monedas de 1, 2, 5, 10, 20 y  50 c\u00e9ntimos y de 1 y 2  euros. Los  billetes se distinguen por su color y  tama\u00f1o y tienen el  siguiente  valor: 5, 10, 20, 50, 100, 200 y 500  euros. En Portugal se  puede pagar\u00a0  en efectivo, por transferencia  bancaria,\u00a0 con cheque o\u00a0  tarjeta de  cr\u00e9dito o de d\u00e9bito.<\/p>\n<p><strong><a id=\"9\" name=\"9\"><\/a>Temperatura<\/strong>:   la primavera y el oto\u00f1o son c\u00e1lidos (media de  14\u00ba C), con sol y  alguna  nubosidad. Los meses de verano son soleados y  calientes aunque  con  alguna humedad y brisa mar\u00edtima (las temperaturas  var\u00edan entre 16\u00ba  C y  37\u00ba C), fruto de la ubicaci\u00f3n de la ciudad junto  al mar. Los  inviernos  normalmente son lluviosos y fr\u00edos, registr\u00e1ndose a  pesar de  todo,  algunos d\u00edas de sol con temperaturas medias de 12\u00ba C.  No suele  nevar. De  media hay 3.300 horas de sol al a\u00f1o.<\/p>\n<table border=\"0\" cellspacing=\"0\" cellpadding=\"0\" width=\"100%\">\n<tbody>\n<tr>\n<td width=\"42%\"><img loading=\"lazy\" decoding=\"async\" src=\"http:\/\/www.seelearningcenter.pt\/images\/lisboa10.jpg\" alt=\"\" width=\"288\" height=\"191\" \/><\/td>\n<td width=\"2%\"><img loading=\"lazy\" decoding=\"async\" src=\"http:\/\/www.seelearningcenter.pt\/images\/transp.gif\" alt=\"\" width=\"15\" height=\"1\" \/><\/td>\n<td width=\"56%\"><strong><a id=\"10\" name=\"10\"><\/a><\/strong><strong>Transportes<\/strong>:   La red de transportes p\u00fablicos de la ciudad es  bastante segura. El   metropolitano conecta el centro de la ciudad con la  parte alta y con la   zona oeste, alcanzando tambi\u00e9n algunos barrios  perif\u00e9ricos. El <em>el\u00e9ctrico<\/em> (tranv\u00eda) es el medio de transporte  p\u00fablico m\u00e1s tradicional. Existe   tambi\u00e9n una extensa red ferroviaria.<\/p>\n<p><strong> <\/strong><\/td>\n<\/tr>\n<\/tbody>\n<\/table>\n<p><strong><a id=\"11\" name=\"11\"><\/a>Electricidad<\/strong>:   230\/400 voltios, en una frecuencia de 50-hertz;  en cuanto a los   enchufes siguen la normativa europea. El uso de  enchufes de l\u00e1mina   (modelo americano) debe combinarse con un  transformador de 230 voltios y   adem\u00e1s, con un adaptador.<\/p>\n<table border=\"0\" cellspacing=\"0\" cellpadding=\"0\" width=\"100%\">\n<tbody>\n<tr>\n<td width=\"42%\"><img loading=\"lazy\" decoding=\"async\" src=\"http:\/\/www.seelearningcenter.pt\/images\/lisboa11.jpg\" alt=\"\" width=\"288\" height=\"191\" \/><\/td>\n<td width=\"2%\"><img loading=\"lazy\" decoding=\"async\" src=\"http:\/\/www.seelearningcenter.pt\/images\/transp.gif\" alt=\"\" width=\"15\" height=\"1\" \/><\/td>\n<td width=\"56%\"><strong><a id=\"12\" name=\"12\"><\/a><em>Horarios<\/em><\/strong><strong> <\/strong><\/p>\n<p><strong>Autobuses<\/strong>:  Todos los d\u00edas desde las 06.30H hasta las 00.00H<\/p>\n<p><strong>Metro<\/strong>:  Todos los d\u00edas desde las 06.30H hasta las 01.00H<\/p>\n<p><strong>Bancos<\/strong>:   De lunes a viernes, de 08.30H a 15.00H<\/p>\n<p><strong>Centros Comerciales<\/strong>:   Todos los d\u00edas de 10.00H a 00.00H<\/p>\n<p><strong>Restaurantes<\/strong>: Comida  de  12.00H a15.00H; cena de 19.00H a  22.00H<\/td>\n<\/tr>\n<\/tbody>\n<\/table>\n<p><a id=\"13\" name=\"13\"><\/a><strong>Correos<\/strong>: De  lunes  a viernes de 09.00H a 18.00H. Los puestos  de correos de<em> Pra\u00e7a  dos  Restauradores, Cabo Ruivo <\/em>y del  aeropuerto<em> <\/em>est\u00e1n  abiertos  hasta las 20.00H, teniendo durante los  fines de semana  horarios m\u00e1s  reducidos.<\/p>\n<p><a id=\"14\" name=\"14\"><\/a><strong>Embajadas<\/strong>: De lunes a viernes de  09.00H a  15.00H<\/p>\n<p><a id=\"15\" name=\"15\"><\/a><strong>Farmacias<\/strong>: de lunes a viernes de 09.00H a  19.00H  (algunas  farmacias cierran a la hora de la comida), s\u00e1bados de  09.00H a  13.00H.  Cuando est\u00e1n cerradas, todas las farmacias tienen  indicaci\u00f3n de  cu\u00e1l es  la farmacia de guardia m\u00e1s pr\u00f3xima. La farmacia  de guardia  funciona 24  horas.<\/p>\n<p><a id=\"16\" name=\"16\"><\/a><strong>Sanidad<\/strong>: Los servicios de  emergencia  hospitalaria deben  usarse exclusivamente en situaciones de  emergencia.  Para tener acceso a  este servicio, los ciudadanos europeos  sin  residencia en Portugal  deben mostrar su pasaporte o D.N.I.<\/p>\n<p class=\"MsoNormal\" style=\"text-align: left;\"><a id=\"17\" name=\"17\"><\/a><strong>Conversi\u00f3n  de medidas<\/strong><\/p>\n<p>1 cm = 0,39 inches<\/p>\n<p>1  metro = 3,28 feet\/  1,09  yards<\/p>\n<p>1 km = 0,62 miles<\/p>\n<p>1 litro =  0,26  gallons  (USA) \/0,22 (UK)<\/p>\n<p><strong><a id=\"18\" name=\"18\"><\/a><\/strong><strong>N\u00fameros  de Tel\u00e9fono \u00datiles<\/strong><\/p>\n<p><strong>N\u00famero  Nacional de Emergencia<\/strong>: 112<\/p>\n<p><strong>Polic\u00eda \/ Oficina de  Informaci\u00f3n Tur\u00edstica de <em>Pra\u00e7a dos   Restauradores<\/em><\/strong>: +351 213  421 634 \/ +351<\/p>\n<p>213 421 623<\/p>\n<p><strong>Bomberos<\/strong>:  +351 213 422  222<\/p>\n<p><strong>Red Ferroviaria (CP)<\/strong>: 808 208 208<\/p>\n<p><strong>Autobuses<\/strong>:   +351 213 613 000<\/p>\n<p><strong>Metropolitano<\/strong>: +351 217 980 600<\/p>\n<p><strong>Aeropuerto   de Lisboa (llegadas y partidas)<\/strong>: +351 216 413 700<\/p>\n<p><strong>\u201c<em>Ask   Me<\/em>\u201d Recepci\u00f3n del Aeropuerto<\/strong>: +351<\/p>\n<p>218 450 660<\/p>\n<p><strong>L\u00ednea   de Informaci\u00f3n al Turista<\/strong>: 808 781 212<\/p>\n<p><a id=\"19\" name=\"19\"><\/a><strong><em>Prefijos<\/em><\/strong><strong> <\/strong><\/p>\n<p><strong>Llamadas internacionales<\/strong>: 00 + prefijo del pa\u00eds y   del \u00e1rea<\/p>\n<p><strong>Prefijo de Portugal<\/strong>: 351<\/p>\n<p><strong><em> <\/em><\/strong><\/p>\n<table border=\"0\" cellspacing=\"0\" cellpadding=\"0\" width=\"100%\">\n<tbody>\n<tr>\n<td width=\"42%\"><img loading=\"lazy\" decoding=\"async\" src=\"http:\/\/www.seelearningcenter.pt\/images\/lisboa11.jpg\" alt=\"\" width=\"288\" height=\"191\" \/><\/td>\n<td width=\"2%\"><img loading=\"lazy\" decoding=\"async\" src=\"http:\/\/www.seelearningcenter.pt\/images\/transp.gif\" alt=\"\" width=\"15\" height=\"1\" \/><\/td>\n<td width=\"56%\"><a id=\"20\" name=\"20\"><\/a><strong><em>Curiosidades<\/em><\/strong><strong> <\/strong><\/p>\n<p>El portugu\u00e9s es la lengua   oficial de Portugal. Derivada del lat\u00edn  es, a escala mundial, la  tercera  lengua europea m\u00e1s hablada, ocupando  el sexto lugar en  relaci\u00f3n a\u00a0  todas las lenguas maternas restantes,  registrando cerca de  200 millones  de hablantes.<\/p>\n<p>Aunque la Constituci\u00f3n portuguesa se   asume como laica, la mayor  parte de los ciudadanos portugueses  profesan  la religi\u00f3n cat\u00f3lica.<\/td>\n<\/tr>\n<\/tbody>\n<\/table>\n<div id=\"_mcePaste\" style=\"position: absolute; left: -10000px; top: 0px; width: 1px; height: 1px; overflow: hidden;\">Storia della citt\u00e0<\/div>\n","protected":false},"excerpt":{"rendered":"<p>\u00abLos caf\u00e9s son uno de los rasgos m\u00e1s caracter\u00edsticos de una tierra. El viajante curtido y exquisito que llega a cualquier parte, entra en un caf\u00e9, lo observa, lo examina, lo estudia, reconoce entonces el pa\u00eds en el que est\u00e1, su gobierno, sus leyes, sus costumbres, su religi\u00f3n.\u201d Almeida Garret, Viagens na Minha Terra Dar [&hellip;]<\/p>\n","protected":false},"author":2,"featured_media":226,"parent":845,"menu_order":0,"comment_status":"closed","ping_status":"closed","template":"page-welcome.php","meta":{"footnotes":"","_links_to":"","_links_to_target":""},"_links":{"self":[{"href":"https:\/\/seelearningcenter.pt\/es\/wp-json\/wp\/v2\/pages\/955"}],"collection":[{"href":"https:\/\/seelearningcenter.pt\/es\/wp-json\/wp\/v2\/pages"}],"about":[{"href":"https:\/\/seelearningcenter.pt\/es\/wp-json\/wp\/v2\/types\/page"}],"author":[{"embeddable":true,"href":"https:\/\/seelearningcenter.pt\/es\/wp-json\/wp\/v2\/users\/2"}],"replies":[{"embeddable":true,"href":"https:\/\/seelearningcenter.pt\/es\/wp-json\/wp\/v2\/comments?post=955"}],"version-history":[{"count":22,"href":"https:\/\/seelearningcenter.pt\/es\/wp-json\/wp\/v2\/pages\/955\/revisions"}],"predecessor-version":[{"id":1031,"href":"https:\/\/seelearningcenter.pt\/es\/wp-json\/wp\/v2\/pages\/955\/revisions\/1031"}],"up":[{"embeddable":true,"href":"https:\/\/seelearningcenter.pt\/es\/wp-json\/wp\/v2\/pages\/845"}],"wp:featuredmedia":[{"embeddable":true,"href":"https:\/\/seelearningcenter.pt\/es\/wp-json\/wp\/v2\/media\/226"}],"wp:attachment":[{"href":"https:\/\/seelearningcenter.pt\/es\/wp-json\/wp\/v2\/media?parent=955"}],"curies":[{"name":"wp","href":"https:\/\/api.w.org\/{rel}","templated":true}]}}