{"id":812,"date":"2010-07-05T17:56:17","date_gmt":"2010-07-05T21:56:17","guid":{"rendered":"http:\/\/seelearningcenter.pt\/"},"modified":"2010-10-17T15:44:16","modified_gmt":"2010-10-17T19:44:16","slug":"por-que-aprender-portugues-en-see-learning-center","status":"publish","type":"page","link":"https:\/\/seelearningcenter.pt\/es\/aprendizaje-de-portugues\/por-que-aprender-portugues-en-see-learning-center\/","title":{"rendered":"\u00bfPor qu\u00e9 aprender portugu\u00e9s en See Learning Center?"},"content":{"rendered":"<table border=\"0\" cellspacing=\"0\" cellpadding=\"0\" width=\"100%\">\n<tbody>\n<tr>\n<td width=\"28%\" valign=\"top\"><img loading=\"lazy\" decoding=\"async\" src=\"http:\/\/www.seelearningcenter.pt\/images\/cursos_port_see.jpg\" alt=\"\" width=\"191\" height=\"288\" \/><\/td>\n<td width=\"2%\"><img loading=\"lazy\" decoding=\"async\" src=\"http:\/\/www.seelearningcenter.pt\/images\/transp.gif\" alt=\"\" width=\"15\" height=\"1\" \/><\/td>\n<td width=\"70%\" valign=\"top\">\n<ul>\n<li>See      Learning Center posee una excelente ubicaci\u00f3n ya que se encuentra      localizado en Alfornelos, \u00e1rea lim\u00edtrofe de Lisboa, cerca de las zonas de      Benfica y Pontinha. Con acceso a un amplio abanico de servicios como      cafeter\u00edas, restaurantes, bancos, centro de salud y centro comercial,      Alfornelos goza tambi\u00e9n de una c\u00f3moda red de transportes (metropolitano y      autobuses)<\/li>\n<li>Alfornelos      es un barrio seguro y din\u00e1mico.\u00a0      Posee excelentes ligaciones ferroviarias con\u00a0 \u00e1reas circundantes como Benfica y      Amadora y est\u00e1 a corta distancia de la estaci\u00f3n de tren.<\/li>\n<\/ul>\n<ul>\n<li>See      Learning Center se encuentra a escasos 5 minutos en metro del Centro Comercial Colombo y a no m\u00e1s de 20 minutos del centro de Lisboa.<\/li>\n<\/ul>\n<ul>\n<li><a href=\"http:\/\/seelearningcenter.pt\/es\/aprendizaje-de-portugues\/bienvenido-a-lisboa\/\">Los      alumnos podr\u00e1n aprovechar la ventajosa ubicaci\u00f3n de la escuela para      explorar la ciudad, ir a eventos culturales y deportivos, cenar en      restaurantes y hacer compras en gran variedad de tiendas.<\/a><\/li>\n<\/ul>\n<ul>\n<li>Por medio      de See, los alumnos disfrutar\u00e1n de excursiones y actividades culturales      semanales.<\/li>\n<\/ul>\n<ul>\n<li>El equipo      de See Learning Center est\u00e1 siempre a disposici\u00f3n de los alumnos para      favorecer su adaptaci\u00f3n e integraci\u00f3n en la cultura y en la ciudad y      tambi\u00e9n en\u00a0 el ritmo de vida y en la      din\u00e1mica de estudio.<\/li>\n<\/ul>\n<ul>\n<li>See      Learning Center ofrece cursos de lengua portuguesa en un ambiente din\u00e1mico      y profesional<\/li>\n<\/ul>\n<ul>\n<li>Se      ofrecen programas para todas las edades: desde ni\u00f1os y adolescentes,      pasando por estudiantes universitarios, hasta cursos para profesionales y      tambi\u00e9n para mayores de 50 a\u00f1os.<\/li>\n<\/ul>\n<ul>\n<li>Hay      variados programas para elegir, pudi\u00e9ndose optar por aquel que m\u00e1s se      adapte a las necesidades del alumno.<\/li>\n<\/ul>\n<ul>\n<li>Los      profesores de See Learning Center tienen formaci\u00f3n\u00a0 que los cualifica para la ense\u00f1anza de      portugu\u00e9s lengua extranjera y adem\u00e1s son nativos.<\/li>\n<\/ul>\n<ul>\n<li>See      Learning Center ofrece cursos estructurados en 6 niveles de aprendizaje.<\/li>\n<\/ul>\n<ul>\n<li>La      metodolog\u00eda est\u00e1 basada en el Marco Com\u00fan Europeo de Referencia para      Lenguas (QECR).<\/li>\n<\/ul>\n<ul>\n<li>Nos      comprometemos a tener un m\u00e1ximo de 8 estudiantes por clase, de manera a      ofrecer un mejor seguimiento del alumno.<\/li>\n<\/ul>\n<ul>\n<li>Estancia      m\u00ednima de 1 semana<\/li>\n<\/ul>\n<ul>\n<li>Cursos      con duraci\u00f3n superior a 1 a\u00f1o<\/li>\n<\/ul>\n<ul>\n<li>Sala de      ordenadores a disposici\u00f3n de todos los alumnos y acceso libre a Wireless      LAN<\/li>\n<\/ul>\n<ul>\n<li>See      Learning Center garantiza que los alumnos no ser\u00e1n alojados juntamente con      colegas hablantes de la misma lengua.<\/li>\n<\/ul>\n<ul>\n<li>Damos      gran importancia a su experiencia con la familia de acogida.<\/li>\n<\/ul>\n<\/td>\n<\/tr>\n<\/tbody>\n<\/table>\n","protected":false},"excerpt":{"rendered":"<p>See Learning Center posee una excelente ubicaci\u00f3n ya que se encuentra localizado en Alfornelos, \u00e1rea lim\u00edtrofe de Lisboa, cerca de las zonas de Benfica y Pontinha. Con acceso a un amplio abanico de servicios como cafeter\u00edas, restaurantes, bancos, centro de salud y centro comercial, Alfornelos goza tambi\u00e9n de una c\u00f3moda red de transportes (metropolitano y [&hellip;]<\/p>\n","protected":false},"author":2,"featured_media":235,"parent":845,"menu_order":10,"comment_status":"closed","ping_status":"closed","template":"","meta":{"footnotes":"","_links_to":"","_links_to_target":""},"_links":{"self":[{"href":"https:\/\/seelearningcenter.pt\/es\/wp-json\/wp\/v2\/pages\/812"}],"collection":[{"href":"https:\/\/seelearningcenter.pt\/es\/wp-json\/wp\/v2\/pages"}],"about":[{"href":"https:\/\/seelearningcenter.pt\/es\/wp-json\/wp\/v2\/types\/page"}],"author":[{"embeddable":true,"href":"https:\/\/seelearningcenter.pt\/es\/wp-json\/wp\/v2\/users\/2"}],"replies":[{"embeddable":true,"href":"https:\/\/seelearningcenter.pt\/es\/wp-json\/wp\/v2\/comments?post=812"}],"version-history":[{"count":6,"href":"https:\/\/seelearningcenter.pt\/es\/wp-json\/wp\/v2\/pages\/812\/revisions"}],"predecessor-version":[{"id":2990,"href":"https:\/\/seelearningcenter.pt\/es\/wp-json\/wp\/v2\/pages\/812\/revisions\/2990"}],"up":[{"embeddable":true,"href":"https:\/\/seelearningcenter.pt\/es\/wp-json\/wp\/v2\/pages\/845"}],"wp:featuredmedia":[{"embeddable":true,"href":"https:\/\/seelearningcenter.pt\/es\/wp-json\/wp\/v2\/media\/235"}],"wp:attachment":[{"href":"https:\/\/seelearningcenter.pt\/es\/wp-json\/wp\/v2\/media?parent=812"}],"curies":[{"name":"wp","href":"https:\/\/api.w.org\/{rel}","templated":true}]}}