{"id":794,"date":"2010-07-05T17:40:05","date_gmt":"2010-07-05T21:40:05","guid":{"rendered":"http:\/\/seelearningcenter.pt\/"},"modified":"2010-11-10T11:37:24","modified_gmt":"2010-11-10T15:37:24","slug":"por-que-aprender-la-lengua-portuguesa","status":"publish","type":"page","link":"https:\/\/seelearningcenter.pt\/es\/aprendizaje-de-portugues\/por-que-aprender-la-lengua-portuguesa\/","title":{"rendered":"\u00bfPor qu\u00e9 aprender la lengua portuguesa?"},"content":{"rendered":"<table border=\"0\" cellspacing=\"0\" cellpadding=\"0\" width=\"100%\">\n<tbody>\n<tr>\n<td width=\"28%\" valign=\"top\"><img loading=\"lazy\" decoding=\"async\" src=\"http:\/\/www.seelearningcenter.pt\/images\/cursos_portugues1.jpg\" alt=\"\" width=\"191\" height=\"288\" \/><\/td>\n<td width=\"2%\"><img loading=\"lazy\" decoding=\"async\" src=\"http:\/\/www.seelearningcenter.pt\/images\/transp.gif\" alt=\"\" width=\"15\" height=\"1\" \/><\/td>\n<td width=\"70%\" valign=\"top\">\n<ul>\n<li>M\u00e1s de 210 millones de personas en todo el mundo hablan portugu\u00e9s.<\/li>\n<li>El portugu\u00e9s es la sexta lengua m\u00e1s hablada en el <em>ranking<\/em> de las lenguas maternas.<\/li>\n<li>Se asume como la mayor lengua franca en las antiguas.<\/li>\n<li>La lengua portuguesa es la que conquista el mayor n\u00famero de hablantes en Am\u00e9rica Latina, siendo hablada por toda la poblaci\u00f3n de Brasil.<\/li>\n<li>Fue descrita por Octavio Bilac, escritor brasile\u00f1o, como la \u201c\u00faltima flor del Lacio, inculta y bella\u201d colonias portuguesas.<\/li>\n<li>El portugu\u00e9s es la lengua oficial de 10 pa\u00edses.<\/li>\n<li>Es hablada por una extensa comunidad de emigrantes\u00a0 (nativos portugueses), localizada en el norte de Am\u00e9rica, especialmente en Canad\u00e1 <span style=\"text-decoration: underline;\">(<\/span>Ontario) y los EEUU<\/li>\n<li>La lengua portuguesa es, junto      con la espa\u00f1ola y la francesa, lengua oficial en pa\u00edses como Guin\u00e9a      Ecuatorial, lengua cooficial con el canton\u00e9s y el chino en      la Regi\u00f3n       Administrativa de Macau y por \u00faltimo, cooficial con la lengua tetum en Timor      Leste.<strong><em><\/em><\/strong><\/li>\n<li>Miguel de Cervantes se refiri\u00f3      a la lengua portuguesa como \u201clengua dulce\u201d.<\/li>\n<\/ul>\n<\/td>\n<\/tr>\n<\/tbody>\n<\/table>\n","protected":false},"excerpt":{"rendered":"<p>M\u00e1s de 210 millones de personas en todo el mundo hablan portugu\u00e9s. El portugu\u00e9s es la sexta lengua m\u00e1s hablada en el ranking de las lenguas maternas. Se asume como la mayor lengua franca en las antiguas. La lengua portuguesa es la que conquista el mayor n\u00famero de hablantes en Am\u00e9rica Latina, siendo hablada por [&hellip;]<\/p>\n","protected":false},"author":2,"featured_media":229,"parent":845,"menu_order":8,"comment_status":"closed","ping_status":"closed","template":"","meta":{"footnotes":"","_links_to":"","_links_to_target":""},"_links":{"self":[{"href":"https:\/\/seelearningcenter.pt\/es\/wp-json\/wp\/v2\/pages\/794"}],"collection":[{"href":"https:\/\/seelearningcenter.pt\/es\/wp-json\/wp\/v2\/pages"}],"about":[{"href":"https:\/\/seelearningcenter.pt\/es\/wp-json\/wp\/v2\/types\/page"}],"author":[{"embeddable":true,"href":"https:\/\/seelearningcenter.pt\/es\/wp-json\/wp\/v2\/users\/2"}],"replies":[{"embeddable":true,"href":"https:\/\/seelearningcenter.pt\/es\/wp-json\/wp\/v2\/comments?post=794"}],"version-history":[{"count":7,"href":"https:\/\/seelearningcenter.pt\/es\/wp-json\/wp\/v2\/pages\/794\/revisions"}],"predecessor-version":[{"id":3261,"href":"https:\/\/seelearningcenter.pt\/es\/wp-json\/wp\/v2\/pages\/794\/revisions\/3261"}],"up":[{"embeddable":true,"href":"https:\/\/seelearningcenter.pt\/es\/wp-json\/wp\/v2\/pages\/845"}],"wp:featuredmedia":[{"embeddable":true,"href":"https:\/\/seelearningcenter.pt\/es\/wp-json\/wp\/v2\/media\/229"}],"wp:attachment":[{"href":"https:\/\/seelearningcenter.pt\/es\/wp-json\/wp\/v2\/media?parent=794"}],"curies":[{"name":"wp","href":"https:\/\/api.w.org\/{rel}","templated":true}]}}