{"id":2300,"date":"2010-09-18T15:43:20","date_gmt":"2010-09-18T19:43:20","guid":{"rendered":"http:\/\/seelearningcenter.pt\/"},"modified":"2010-09-30T04:03:07","modified_gmt":"2010-09-30T08:03:07","slug":"la-edad-de-oro-50","status":"publish","type":"page","link":"https:\/\/seelearningcenter.pt\/es\/aprendizaje-de-portugues\/la-edad-de-oro-50\/","title":{"rendered":"La Edad de Oro 50 +"},"content":{"rendered":"<p><img loading=\"lazy\" decoding=\"async\" class=\"aligncenter size-medium wp-image-1375\" title=\"The Golden Age 50+\" src=\"http:\/\/seelearningcenter.pt\/wp-content\/uploads\/2010\/07\/SEE-PLE-12-300x200.jpg\" alt=\"\" width=\"300\" height=\"200\" srcset=\"https:\/\/seelearningcenter.pt\/wp-content\/uploads\/2010\/07\/SEE-PLE-12-300x200.jpg 300w, https:\/\/seelearningcenter.pt\/wp-content\/uploads\/2010\/07\/SEE-PLE-12-1024x682.jpg 1024w\" sizes=\"(max-width: 300px) 100vw, 300px\" \/><\/p>\n<p>El programa \u00ab<strong>La Edad de Oro<\/strong>\u00bb es una experiencia excepcional ideada para estudiantes mayores de 50 a\u00f1os de edad que amen viajar, encontrar gente nueva y para quienes tengan sentido de aventura y gusto por nuevos descubrimientos. Este curso de 2 semanas de duraci\u00f3n con hospedaje inclu\u00eddo, consiste en 20 lecciones semanales, las cuales est\u00e1n decididamente enfocadas en el aprendizaje de la lengua portuguesa en su aspecto conversacional. Las actividades est\u00e1n direccionadas hacia aspectos culturales de Portugal, tales como sus costumbres, su historia y su arte. Este curso es ideal para estudiantes de mediana edad que pretendan aprender portugu\u00e9s mientras prueban la experiencia de saborear Portugal.<br \/>\n<strong><br \/>\nSEE CLUB PORTUGU\u00c9S +50, LA EDAD DE ORO<\/strong><\/p>\n<ul>\n<li>Descubra la historia misteriosa y profunda de Lisboa.<\/li>\n<li>Sum\u00e9rjase en la cultura portuguesa mientras vive con una familia de\u00a0 acogida.<\/li>\n<li>Aprenda portugu\u00e9s en una \u00edntima, relevante y agradable forma.<\/li>\n<li>Practique hablar portugu\u00e9s coloquial.<\/li>\n<li>Combine la lengua portuguesa con el aprendizaje de los aspectos culturales.<\/li>\n<li>Aproveche las actividades culturales y sociales.<\/li>\n<li>Asista a clases especializadas en historia portuguesa, arte, pol\u00edtica y cultura.<\/li>\n<li>Acceda a ordenadores y tecnolog\u00eda Wi-Fi.<\/li>\n<li>Encu\u00e9ntrese con gente de todo el mundo con inquietudes similares a las suyas.<\/li>\n<\/ul>\n","protected":false},"excerpt":{"rendered":"<p>El programa \u00abLa Edad de Oro\u00bb es una experiencia excepcional ideada para estudiantes mayores de 50 a\u00f1os de edad que amen viajar, encontrar gente nueva y para quienes tengan sentido de aventura y gusto por nuevos descubrimientos. Este curso de 2 semanas de duraci\u00f3n con hospedaje inclu\u00eddo, consiste en 20 lecciones semanales, las cuales est\u00e1n [&hellip;]<\/p>\n","protected":false},"author":2,"featured_media":2303,"parent":845,"menu_order":6,"comment_status":"open","ping_status":"closed","template":"","meta":{"footnotes":"","_links_to":"","_links_to_target":""},"_links":{"self":[{"href":"https:\/\/seelearningcenter.pt\/es\/wp-json\/wp\/v2\/pages\/2300"}],"collection":[{"href":"https:\/\/seelearningcenter.pt\/es\/wp-json\/wp\/v2\/pages"}],"about":[{"href":"https:\/\/seelearningcenter.pt\/es\/wp-json\/wp\/v2\/types\/page"}],"author":[{"embeddable":true,"href":"https:\/\/seelearningcenter.pt\/es\/wp-json\/wp\/v2\/users\/2"}],"replies":[{"embeddable":true,"href":"https:\/\/seelearningcenter.pt\/es\/wp-json\/wp\/v2\/comments?post=2300"}],"version-history":[{"count":4,"href":"https:\/\/seelearningcenter.pt\/es\/wp-json\/wp\/v2\/pages\/2300\/revisions"}],"predecessor-version":[{"id":2716,"href":"https:\/\/seelearningcenter.pt\/es\/wp-json\/wp\/v2\/pages\/2300\/revisions\/2716"}],"up":[{"embeddable":true,"href":"https:\/\/seelearningcenter.pt\/es\/wp-json\/wp\/v2\/pages\/845"}],"wp:featuredmedia":[{"embeddable":true,"href":"https:\/\/seelearningcenter.pt\/es\/wp-json\/wp\/v2\/media\/2303"}],"wp:attachment":[{"href":"https:\/\/seelearningcenter.pt\/es\/wp-json\/wp\/v2\/media?parent=2300"}],"curies":[{"name":"wp","href":"https:\/\/api.w.org\/{rel}","templated":true}]}}