{"id":2267,"date":"2010-09-18T15:25:40","date_gmt":"2010-09-18T19:25:40","guid":{"rendered":"http:\/\/seelearningcenter.pt\/"},"modified":"2010-09-30T04:29:06","modified_gmt":"2010-09-30T08:29:06","slug":"jovenes-estudiantes","status":"publish","type":"page","link":"https:\/\/seelearningcenter.pt\/es\/aprendizaje-de-portugues\/jovenes-estudiantes\/","title":{"rendered":"Verano J\u00fanior"},"content":{"rendered":"<table border=\"0\" cellspacing=\"0\" cellpadding=\"0\" width=\"690\">\n<tbody>\n<tr>\n<td width=\"290\"><img loading=\"lazy\" decoding=\"async\" title=\"Young Learners\" src=\"http:\/\/seelearningcenter.pt\/wp-content\/uploads\/2010\/06\/SEE-LEARNING-CENTER-15-quadrado.jpg\" alt=\"\" width=\"235\" height=\"235\" \/><\/td>\n<td width=\"15\"><img loading=\"lazy\" decoding=\"async\" src=\"http:\/\/www.seelearningcenter.pt\/images\/transp.gif\" alt=\"\" width=\"15\" height=\"1\" \/><\/td>\n<td width=\"387\"><strong>SEE PROGRAMA DE PORTUGU\u00c9S DE VERANO<\/strong><\/p>\n<p>En See Learning Center los estudiantes tienen la oportunidad de explorar la excitante ciudad de Lisboa, hacerse de nuevos amigos de todos los lugares del mundo y de ser absolutamente inmersos en la cultura portuguesa a trav\u00e9s de su estad\u00eda en una casa de acogida cuidadosamente seleccionada. SEE\u00a0 Vacaciones de Verano Programa de Portugu\u00e9s.<\/p>\n<p>El curso SEE Programa de Portugu\u00e9s de Verano tiene un m\u00ednimo de una semana de duraci\u00f3n con un m\u00e1ximo de quince alumnos. Este curso combina quince lecciones de lengua portuguesa por semana con actividades culturales divertidas e interactivas por la tarde . Cada alumno ser\u00e1 alojado en un confortable y c\u00e1lido hogar de acogida. Independientemente de las capacidades individuales, este curso es ideal para todos aquellos -desde pricipiantes hasta avanzados- que deseen una experiencia educacional y cultural excitante.<br \/>\n<strong>\u00a1SEE Programa Escuela de Verano J\u00fanior<\/strong> les asegura a sus estudiantes aprender y vivir la lengua portuguesa mientras se divierten!<\/p>\n<p><strong>SEE Programa Escuela de Verano J\u00fanior<\/strong><\/p>\n<ul>\n<li> Haga nuevos amigos.<\/li>\n<li>Aprenda historia, cultura y tradici\u00f3n portuguesas.<\/li>\n<li>Programas de actividades culturales supervisados.<\/li>\n<li>Atenci\u00f3n individual y personalizada.<\/li>\n<li>&#8211; Acompa\u00f1amiento de las necesidades e inquietudes de los estudiantes.<\/li>\n<li>Alto nivel de ense\u00f1anza.<\/li>\n<li>Certificados de estudio.<\/li>\n<li>Paquete \u00abtodo inclu\u00eddo\u00bb.<\/li>\n<\/ul>\n<\/td>\n<\/tr>\n<\/tbody>\n<\/table>\n","protected":false},"excerpt":{"rendered":"<p>SEE PROGRAMA DE PORTUGU\u00c9S DE VERANO En See Learning Center los estudiantes tienen la oportunidad de explorar la excitante ciudad de Lisboa, hacerse de nuevos amigos de todos los lugares del mundo y de ser absolutamente inmersos en la cultura portuguesa a trav\u00e9s de su estad\u00eda en una casa de acogida cuidadosamente seleccionada. SEE\u00a0 Vacaciones [&hellip;]<\/p>\n","protected":false},"author":2,"featured_media":2271,"parent":845,"menu_order":4,"comment_status":"open","ping_status":"closed","template":"","meta":{"footnotes":"","_links_to":"","_links_to_target":""},"_links":{"self":[{"href":"https:\/\/seelearningcenter.pt\/es\/wp-json\/wp\/v2\/pages\/2267"}],"collection":[{"href":"https:\/\/seelearningcenter.pt\/es\/wp-json\/wp\/v2\/pages"}],"about":[{"href":"https:\/\/seelearningcenter.pt\/es\/wp-json\/wp\/v2\/types\/page"}],"author":[{"embeddable":true,"href":"https:\/\/seelearningcenter.pt\/es\/wp-json\/wp\/v2\/users\/2"}],"replies":[{"embeddable":true,"href":"https:\/\/seelearningcenter.pt\/es\/wp-json\/wp\/v2\/comments?post=2267"}],"version-history":[{"count":7,"href":"https:\/\/seelearningcenter.pt\/es\/wp-json\/wp\/v2\/pages\/2267\/revisions"}],"predecessor-version":[{"id":2721,"href":"https:\/\/seelearningcenter.pt\/es\/wp-json\/wp\/v2\/pages\/2267\/revisions\/2721"}],"up":[{"embeddable":true,"href":"https:\/\/seelearningcenter.pt\/es\/wp-json\/wp\/v2\/pages\/845"}],"wp:featuredmedia":[{"embeddable":true,"href":"https:\/\/seelearningcenter.pt\/es\/wp-json\/wp\/v2\/media\/2271"}],"wp:attachment":[{"href":"https:\/\/seelearningcenter.pt\/es\/wp-json\/wp\/v2\/media?parent=2267"}],"curies":[{"name":"wp","href":"https:\/\/api.w.org\/{rel}","templated":true}]}}