{"id":2245,"date":"2010-09-18T15:08:29","date_gmt":"2010-09-18T19:08:29","guid":{"rendered":"http:\/\/seelearningcenter.pt\/"},"modified":"2010-11-10T11:43:11","modified_gmt":"2010-11-10T15:43:11","slug":"pasantias","status":"publish","type":"page","link":"https:\/\/seelearningcenter.pt\/es\/aprendizaje-de-portugues\/pasantias\/","title":{"rendered":"PR\u00c1CTICAS PROFESIONALES"},"content":{"rendered":"<p><img loading=\"lazy\" decoding=\"async\" class=\"alignleft size-medium wp-image-1349\" title=\"SITE SEE LC\" src=\"http:\/\/seelearningcenter.pt\/wp-content\/uploads\/2010\/07\/SITE-SEE-LC-186x300.jpg\" alt=\"\" width=\"186\" height=\"300\" srcset=\"https:\/\/seelearningcenter.pt\/wp-content\/uploads\/2010\/07\/SITE-SEE-LC-186x300.jpg 186w, https:\/\/seelearningcenter.pt\/wp-content\/uploads\/2010\/07\/SITE-SEE-LC-638x1024.jpg 638w\" sizes=\"(max-width: 186px) 100vw, 186px\" \/><\/p>\n<p><strong>SEE Experi\u00eancia Laboral<\/strong><\/p>\n<p>El programa de Experi\u00eancia Laboral SEE es una excelente forma de aumentar las competencias en portugu\u00e9s\u00a0 mientras se desarrollan las destrezas inherentes a la carrera elegida.<\/p>\n<p>Ofrecemos colocaci\u00f3n dentro de una gran gama de sectores que incluye: Medios de Comunicaci\u00f3n, Administraci\u00f3n, Turismo y Hosteler\u00eda, Recursos Humanos, Dise\u00f1o Gr\u00e1fico, Leyes y Servicios Sociales, entre otros.<\/p>\n<p>SEE garantiza que todas las colocaciones se ajusten a las necesidades y objetivos propios de la carrera elegida por el estudiante.<\/p>\n<p>*Las pr\u00e1cticas no son remuneradas.<\/p>\n","protected":false},"excerpt":{"rendered":"<p>SEE Experi\u00eancia Laboral El programa de Experi\u00eancia Laboral SEE es una excelente forma de aumentar las competencias en portugu\u00e9s\u00a0 mientras se desarrollan las destrezas inherentes a la carrera elegida. Ofrecemos colocaci\u00f3n dentro de una gran gama de sectores que incluye: Medios de Comunicaci\u00f3n, Administraci\u00f3n, Turismo y Hosteler\u00eda, Recursos Humanos, Dise\u00f1o Gr\u00e1fico, Leyes y Servicios Sociales, [&hellip;]<\/p>\n","protected":false},"author":2,"featured_media":2253,"parent":845,"menu_order":16,"comment_status":"open","ping_status":"closed","template":"","meta":{"footnotes":"","_links_to":"","_links_to_target":""},"_links":{"self":[{"href":"https:\/\/seelearningcenter.pt\/es\/wp-json\/wp\/v2\/pages\/2245"}],"collection":[{"href":"https:\/\/seelearningcenter.pt\/es\/wp-json\/wp\/v2\/pages"}],"about":[{"href":"https:\/\/seelearningcenter.pt\/es\/wp-json\/wp\/v2\/types\/page"}],"author":[{"embeddable":true,"href":"https:\/\/seelearningcenter.pt\/es\/wp-json\/wp\/v2\/users\/2"}],"replies":[{"embeddable":true,"href":"https:\/\/seelearningcenter.pt\/es\/wp-json\/wp\/v2\/comments?post=2245"}],"version-history":[{"count":5,"href":"https:\/\/seelearningcenter.pt\/es\/wp-json\/wp\/v2\/pages\/2245\/revisions"}],"predecessor-version":[{"id":3269,"href":"https:\/\/seelearningcenter.pt\/es\/wp-json\/wp\/v2\/pages\/2245\/revisions\/3269"}],"up":[{"embeddable":true,"href":"https:\/\/seelearningcenter.pt\/es\/wp-json\/wp\/v2\/pages\/845"}],"wp:featuredmedia":[{"embeddable":true,"href":"https:\/\/seelearningcenter.pt\/es\/wp-json\/wp\/v2\/media\/2253"}],"wp:attachment":[{"href":"https:\/\/seelearningcenter.pt\/es\/wp-json\/wp\/v2\/media?parent=2245"}],"curies":[{"name":"wp","href":"https:\/\/api.w.org\/{rel}","templated":true}]}}