{"id":2211,"date":"2010-09-18T14:48:22","date_gmt":"2010-09-18T18:48:22","guid":{"rendered":"http:\/\/seelearningcenter.pt\/"},"modified":"2010-09-24T09:14:52","modified_gmt":"2010-09-24T13:14:52","slug":"alojamiento","status":"publish","type":"page","link":"https:\/\/seelearningcenter.pt\/es\/aprendizaje-de-portugues\/alojamiento\/","title":{"rendered":"Alojamiento"},"content":{"rendered":"<p>Comparta su d\u00eda a   d\u00eda con una familia de acogida<span style=\"text-decoration: underline;\"> <\/span>y  sum\u00e9rjase completamente en la   cultura portuguesa<span style=\"text-decoration: underline;\">:<\/span> <strong>una  casa lejos de casa<\/strong>. Todas las   familias son controladas y  tuteladas para asegurar<span style=\"text-decoration: underline;\"> <\/span>un  hogar   acogedor, dando al alumno la  oportunidad de mejorar su  aprendizaje de  la  lengua en un ambiente  tradicional. Los alumnos  pueden optar por un   cuarto individual o doble y  ser\u00e1n los \u00fanicos  nativos de su lengua en  la  casa, excepto si se  demanda lo contrario.<\/p>\n<table border=\"0\" cellspacing=\"0\" cellpadding=\"0\" width=\"100%\">\n<tbody>\n<tr>\n<td width=\"28%\" valign=\"top\"><img loading=\"lazy\" decoding=\"async\" src=\"http:\/\/www.seelearningcenter.pt\/images\/cursos_portugues13.jpg\" alt=\"\" width=\"191\" height=\"288\" \/><\/td>\n<td width=\"2%\"><img loading=\"lazy\" decoding=\"async\" src=\"http:\/\/www.seelearningcenter.pt\/images\/transp.gif\" alt=\"\" width=\"15\" height=\"1\" \/><\/td>\n<td width=\"35%\" valign=\"top\"><img loading=\"lazy\" decoding=\"async\" src=\"http:\/\/www.seelearningcenter.pt\/images\/cursos_portugues14.jpg\" alt=\"\" width=\"191\" height=\"288\" \/><\/td>\n<td width=\"2%\"><img loading=\"lazy\" decoding=\"async\" src=\"http:\/\/www.seelearningcenter.pt\/images\/transp.gif\" alt=\"\" width=\"15\" height=\"1\" \/><\/td>\n<td width=\"70%\">La residencia de  la  familia de acogida  nunca estar\u00e1 a  m\u00e1s de 20  minutos de See Learning   Center siendo el  acceso f\u00e1cil a  pie o en  transportes p\u00fablicos. Las   familias est\u00e1n en su  mayor\u00eda  ubicadas en  Alfornelos. Este barrio   apareci\u00f3 hace un siglo,   reemplazando las  fincas que all\u00ed exist\u00edan por   edificios. Fue este   origen rural que le  dio el nombre Al- Fornelos que   viene del \u00e1rabe y   significa panadero.  Al inicio pertenec\u00eda al distrito   de Lisboa,   integrado en el distrito  del barrio de Benfica. Hoy en d\u00eda   pertenece  al  distrito de Amadora.  Aunque es el barrio m\u00e1s peque\u00f1o,  viven  14305   personas y cuenta con  una de las poblaciones m\u00e1s j\u00f3venes  del   distrito.Las  familias de acogida pueden tambi\u00e9n<span style=\"text-decoration: underline;\"> <\/span>estar   ubicadas en \u00e1reas  pr\u00f3ximas, como Benfica o Pontinha.<\/p>\n<p>Si   as\u00ed lo desea,  See Learning Center puede<span style=\"text-decoration: underline;\"> <\/span>encontrarle\u00a0  alojamiento   en hotel.<\/td>\n<\/tr>\n<\/tbody>\n<\/table>\n","protected":false},"excerpt":{"rendered":"<p>Comparta su d\u00eda a d\u00eda con una familia de acogida y sum\u00e9rjase completamente en la cultura portuguesa: una casa lejos de casa. Todas las familias son controladas y tuteladas para asegurar un hogar acogedor, dando al alumno la oportunidad de mejorar su aprendizaje de la lengua en un ambiente tradicional. Los alumnos pueden optar por [&hellip;]<\/p>\n","protected":false},"author":2,"featured_media":2215,"parent":845,"menu_order":18,"comment_status":"open","ping_status":"closed","template":"","meta":{"footnotes":"","_links_to":"","_links_to_target":""},"class_list":["post-2211","page","type-page","status-publish","has-post-thumbnail","hentry"],"_links":{"self":[{"href":"https:\/\/seelearningcenter.pt\/es\/wp-json\/wp\/v2\/pages\/2211","targetHints":{"allow":["GET"]}}],"collection":[{"href":"https:\/\/seelearningcenter.pt\/es\/wp-json\/wp\/v2\/pages"}],"about":[{"href":"https:\/\/seelearningcenter.pt\/es\/wp-json\/wp\/v2\/types\/page"}],"author":[{"embeddable":true,"href":"https:\/\/seelearningcenter.pt\/es\/wp-json\/wp\/v2\/users\/2"}],"replies":[{"embeddable":true,"href":"https:\/\/seelearningcenter.pt\/es\/wp-json\/wp\/v2\/comments?post=2211"}],"version-history":[{"count":6,"href":"https:\/\/seelearningcenter.pt\/es\/wp-json\/wp\/v2\/pages\/2211\/revisions"}],"predecessor-version":[{"id":2336,"href":"https:\/\/seelearningcenter.pt\/es\/wp-json\/wp\/v2\/pages\/2211\/revisions\/2336"}],"up":[{"embeddable":true,"href":"https:\/\/seelearningcenter.pt\/es\/wp-json\/wp\/v2\/pages\/845"}],"wp:featuredmedia":[{"embeddable":true,"href":"https:\/\/seelearningcenter.pt\/es\/wp-json\/wp\/v2\/media\/2215"}],"wp:attachment":[{"href":"https:\/\/seelearningcenter.pt\/es\/wp-json\/wp\/v2\/media?parent=2211"}],"curies":[{"name":"wp","href":"https:\/\/api.w.org\/{rel}","templated":true}]}}