{"id":1744,"date":"2010-09-11T20:09:55","date_gmt":"2010-09-12T00:09:55","guid":{"rendered":"http:\/\/seelearningcenter.pt\/"},"modified":"2010-11-10T11:38:05","modified_gmt":"2010-11-10T15:38:05","slug":"see-highlights","status":"publish","type":"page","link":"https:\/\/seelearningcenter.pt\/es\/aprendizaje-de-portugues\/see-highlights\/","title":{"rendered":"See Highlights"},"content":{"rendered":"<p><a rel=\"attachment wp-att-1197\" href=\"http:\/\/seelearningcenter.pt\/learning-portuguese-ple\/see-highlights\/attachment\/img_see_hilights\/\"><img loading=\"lazy\" decoding=\"async\" class=\"alignleft size-full wp-image-1197\" title=\"img_see_hilights\" src=\"http:\/\/seelearningcenter.pt\/wp-content\/uploads\/2010\/07\/img_see_hilights.jpg\" alt=\"\" width=\"288\" height=\"429\" srcset=\"https:\/\/seelearningcenter.pt\/wp-content\/uploads\/2010\/07\/img_see_hilights.jpg 288w, https:\/\/seelearningcenter.pt\/wp-content\/uploads\/2010\/07\/img_see_hilights-201x300.jpg 201w\" sizes=\"(max-width: 288px) 100vw, 288px\" \/><\/a><\/p>\n<p><span class=\"destaques\">1.<\/span> M\u00e9todo de ense\u00f1anza acompa\u00f1ado<\/p>\n<p><span class=\"destaques\">2.<\/span> Aprendizaje en un ambiente acogedor y    multicultural<\/p>\n<p><span class=\"destaques\">3.<\/span> Equipo de profesores portugueses con  marcada   experiencia<\/p>\n<p><span class=\"destaques\">4.<\/span> Acompa\u00f1amiento permanente y personalizado<\/p>\n<p><span class=\"destaques\">5.<\/span> Excelente ubicaci\u00f3n y accesos<\/p>\n<p><span class=\"destaques\">6.<\/span> Precios competitivos<\/p>\n<p><span class=\"destaques\">7.<\/span> Actividades culturales y l\u00fadicas<\/p>\n<p><span class=\"destaques\">8.<\/span> Cerca de la costa (Costa da Caparica)<\/p>\n<p><span class=\"destaques\">9.<\/span> Familias de acogida agradables y hospitalarias<\/p>\n<p><span class=\"destaques\">10.<\/span> Tradici\u00f3n e innovaci\u00f3n con un toque personal<\/p>\n<p><strong><span class=\"destaques_red\">Profesores y M\u00e9todo<\/span><\/strong><\/p>\n<p>Con una metodolog\u00eda de ense\u00f1anza avalada por la experiencia de m\u00e1s de 20 a\u00f1os, See Learning Center se enorgullece del alto nivel de sus cursos, clases particulares y visitas de estudio apelativas y flexibles.<\/p>\n<p>Los profesores de lengua portuguesa son nativos y poseen las licenciaturas reconocidas por el \u00f3rgano competente, el Ministerio de Ciencia, Tecnolog\u00eda y Ense\u00f1anza Superior. Todos poseen formaci\u00f3n pedag\u00f3gica que los capacita para aleccionar portugu\u00e9s como lengua extranjera.<\/p>\n","protected":false},"excerpt":{"rendered":"<p>1. M\u00e9todo de ense\u00f1anza acompa\u00f1ado 2. Aprendizaje en un ambiente acogedor y multicultural 3. Equipo de profesores portugueses con marcada experiencia 4. Acompa\u00f1amiento permanente y personalizado 5. Excelente ubicaci\u00f3n y accesos 6. Precios competitivos 7. Actividades culturales y l\u00fadicas 8. Cerca de la costa (Costa da Caparica) 9. Familias de acogida agradables y hospitalarias 10. [&hellip;]<\/p>\n","protected":false},"author":2,"featured_media":2177,"parent":845,"menu_order":12,"comment_status":"open","ping_status":"closed","template":"","meta":{"footnotes":"","_links_to":"","_links_to_target":""},"_links":{"self":[{"href":"https:\/\/seelearningcenter.pt\/es\/wp-json\/wp\/v2\/pages\/1744"}],"collection":[{"href":"https:\/\/seelearningcenter.pt\/es\/wp-json\/wp\/v2\/pages"}],"about":[{"href":"https:\/\/seelearningcenter.pt\/es\/wp-json\/wp\/v2\/types\/page"}],"author":[{"embeddable":true,"href":"https:\/\/seelearningcenter.pt\/es\/wp-json\/wp\/v2\/users\/2"}],"replies":[{"embeddable":true,"href":"https:\/\/seelearningcenter.pt\/es\/wp-json\/wp\/v2\/comments?post=1744"}],"version-history":[{"count":7,"href":"https:\/\/seelearningcenter.pt\/es\/wp-json\/wp\/v2\/pages\/1744\/revisions"}],"predecessor-version":[{"id":3265,"href":"https:\/\/seelearningcenter.pt\/es\/wp-json\/wp\/v2\/pages\/1744\/revisions\/3265"}],"up":[{"embeddable":true,"href":"https:\/\/seelearningcenter.pt\/es\/wp-json\/wp\/v2\/pages\/845"}],"wp:featuredmedia":[{"embeddable":true,"href":"https:\/\/seelearningcenter.pt\/es\/wp-json\/wp\/v2\/media\/2177"}],"wp:attachment":[{"href":"https:\/\/seelearningcenter.pt\/es\/wp-json\/wp\/v2\/media?parent=1744"}],"curies":[{"name":"wp","href":"https:\/\/api.w.org\/{rel}","templated":true}]}}