{"id":1705,"date":"2010-09-10T23:28:06","date_gmt":"2010-09-11T03:28:06","guid":{"rendered":"http:\/\/seelearningcenter.pt\/"},"modified":"2010-10-17T17:09:52","modified_gmt":"2010-10-17T21:09:52","slug":"faq","status":"publish","type":"page","link":"https:\/\/seelearningcenter.pt\/es\/aprendizaje-de-portugues\/faq\/","title":{"rendered":"FAQ"},"content":{"rendered":"<div class=\"faq_question\">\n<h4>\u00bfCu\u00e1l es el n\u00famero de alumnos por clase?<\/h4>\n<p>Las clases tendr\u00e1n un m\u00e1ximo de 8 alumnos, recibiendo de este modo cada estudiante un seguimiento personalizado por parte del profesor.<\/p>\n<\/div>\n<div class=\"faq_question\">\n<h4>\u00bfCu\u00e1ntos niveles existen?<\/h4>\n<p>Existen 6 niveles que van del Inicial al Avanzado.<\/p>\n<\/div>\n<div class=\"faq_question\">\n<h4>\u00bfCu\u00e1l es la ubicaci\u00f3n de See Learning Center?<\/h4>\n<p>See Learning Center dispone de aulas modernas, c\u00f3modas y totalmente equipadas, estando la sede ubicada justo a la salida de la estaci\u00f3n de metro de Alfornelos, un barrio familiar en la zona lim\u00edtrofe de Lisboa (Grande Lisboa).<\/p>\n<\/div>\n<div class=\"faq_question\">\n<h4>\u00bfCu\u00e1ndo empiezan los cursos?<\/h4>\n<p>Todos los lunes, excepto en vacaciones y d\u00edas festivos.<\/p>\n<\/div>\n<div class=\"faq_question\">\n<h4>\u00bfC\u00f3mo me puedo inscribir?<\/h4>\n<p>Primero es necesario rellenar la ficha de inscripci\u00f3n y proceder al pago del importe dicha inscripci\u00f3n. Despu\u00e9s, le ser\u00e1 enviada una carta confirmando su inscripci\u00f3n y las condiciones de pago del curso, el cual deber\u00e1 ser liquidado dentro de las 4 semanas antes de su inicio. No ser\u00e1 permitido empezar un curso sin haber sido pagado en su totalidad.<\/p>\n<\/div>\n<div class=\"faq_question\">\n<h4>\u00bfQu\u00e9 suceder\u00e1 si mi pedido de visado es rechazado?<\/h4>\n<p>En ese caso, deber\u00e1 enviarnos una copia certificada de la carta en la que se le deniega el visado emitida por el Consulado de Portugal donde  fue solicitado, adjuntando la carta de confirmaci\u00f3n para que se proceda inmediatamente a la devoluci\u00f3n \u00edntegra de  la totalidad de los pagos que en hubiera efectuado hasta ese momento. No obstante, s\u00f3lo se efectuar\u00e1 la devoluci\u00f3n en caso de que se haya  cancelado con una antelaci\u00f3n no inferior a los 14 d\u00edas antes del inicio del curso. En caso contrario, cuando se cancele despu\u00e9s del l\u00edmite referido anteriormente, se cobrar\u00e1 una comisi\u00f3n por cancelaci\u00f3n.<\/p>\n<\/div>\n<div class=\"faq_question\">\n<h4>\u00bfCu\u00e1l es la regla m\u00e1s importante en See Learning Center?<\/h4>\n<p>Mientras est\u00e1n en el interior del centro de estudios, no les es permitido a los alumnos hablar otra lengua tanto durante la clase como despu\u00e9s. El primer d\u00eda de clase, todos los alumnos firmar\u00e1n un contrato en el que se comprometer\u00e1n a comunicarse con la lengua de estudio.<\/p>\n<\/div>\n<div class=\"faq_question\">\n<h4>\u00bfCu\u00e1l es el tipo de alojamiento que se recomienda?<\/h4>\n<p>La mayor parte  de los alumnos elige vivir con una familia de acogida. La estancia con familias es la mejor opci\u00f3n por los siguientes motivos:  &#8211; Al practicar el idioma con la familia de acogida aprender\u00e1 m\u00e1s r\u00e1pidamente la lengua portuguesa. &#8211; Esta  soluci\u00f3n es barata y segura. &#8211; Le permite aprender mucho m\u00e1s sobre Portugal y la cultura portuguesa.<\/p>\n<\/div>\n<div class=\"faq_question\">\n<h4>\u00bfCu\u00e1nto tiempo tardar\u00e9 en aprender portugu\u00e9s?<\/h4>\n<p>Cada alumno es diferente. Algunos aprender\u00e1n m\u00e1s r\u00e1pidamente mientras que a otros les llevar\u00e1 m\u00e1s tiempo. Si pretende hacer un avance notable deber\u00e1 estudiar como m\u00ednimo durante 3 meses. El promedio estimado de estudio de la lengua portuguesa en See Learning Center  es de un periodo de entre 3  a 6 meses.<\/p>\n<\/div>\n<div class=\"faq_question\">\n<h4>\u00bfRecibir\u00e9 un Diploma?<\/h4>\n<p>Los estudiantes deber\u00e1n asistir a todas las clases, y atenerse a las normas de puntualidad y urbanidad.  Los profesores pueden negar la entrada a aquellos   estudiantes que lleguen 10 minutos despu\u00e9s del inicio de la clase.  Para obtener el certificado, los estudiantes deber\u00e1n asistir como m\u00ednimo al 85 % de las clases.<br \/>\nEn caso que el alumno no vaya a asistir a una o m\u00e1s clases, o que se verifique su abstenci\u00f3n por motivo de enfermedad, es deber del alumno comunicar a la escuela inmediatamente y por tel\u00e9fono dicha situaci\u00f3n<\/p>\n<\/div>\n<div class=\"faq_question\">\n<h4>\u00bfEs necesario  un Seguro de Salud?<\/h4>\n<p>S\u00ed. Los estudiantes no est\u00e1n asegurados en See Learning Center o en la familia de acogida contra enfermedades, ante necesidad de tratamiento odontol\u00f3gico o p\u00e9rdida de bienes personales, no responsabiliz\u00e1ndose la escuela  en tales casos.<br \/>\nLos estudiantes oriundos de los Estados Miembro deben ser portadores de su cartilla sanitaria. Aquellos no provenientes de la UE deber\u00e1n obtener un seguro de salud. Los alumnos se har\u00e1n cargo de todos los gastos derivados de tratamientos m\u00e9dicos y medicinas recibidos en Portugal.<\/p>\n<\/div>\n<div class=\"faq_question\">\n<h4>\u00bfPuedo cambiar el programa de aprendizaje?<\/h4>\n<p>Los alumnos pueden ser transferidos  para otra modalidad de cursos  PLE siempre que  esta tenga vacantes. Aquellas personas que opten por  cambiar  de su programa de aprendizaje inicial para otro de mayor coste, deber\u00e1n pagar  la diferencia en el momento de formalizar  la alteraci\u00f3n.<\/p>\n<\/div>\n<div class=\"faq_question\">\n<h4>\u00bfEs posible disponer de un r\u00e9gimen especial de alimentaci\u00f3n?<\/h4>\n<p>Algunos alumnos de See Learning Center tienen un r\u00e9gimen especial de alimentaci\u00f3n. En  estos casos, si es necesario para la familia de acogida  la adquisici\u00f3n de otros alimentos fuera de los habituales,  See Learning Center cobrar\u00e1  los respectivos costes siempre que estas especificidades alimenticias as\u00ed lo requieran.<\/p>\n<\/div>\n<div class=\"faq_question\">\n<h4>Despu\u00e9s de haber empezado el programa  de aprendizaje, \u00bfcu\u00e1les son las condiciones para efectuar una anulaci\u00f3n?<\/h4>\n<p>Se cobrar\u00e1 una comisi\u00f3n por cancelaci\u00f3n correspondiente a una semana de clases. El resto ser\u00e1 devuelto al alumno. Las devoluciones no ser\u00e1n transferidas para otro alumno. Si el alumno desea suspender, por motivos vacacionales, la asistencia a las clases por un periodo de 1 \u00f3 2 semanas, deber\u00e1 formalizar su pedido a trav\u00e9s de una  carta de preaviso presentada por escrito  a See Learning Center con una antelaci\u00f3n m\u00ednima de 2 semanas. Al final del curso, los alumnos tendr\u00e1n derecho a disfrutar del tiempo de aulas equivalente al tiempo de suspensi\u00f3n de las mismas. Se cobrar\u00e1 una tasa administrativa  por todos los cambios  que difieran de lo inicialmente acordado.<\/p>\n<\/div>\n","protected":false},"excerpt":{"rendered":"<p>\u00bfCu\u00e1l es el n\u00famero de alumnos por clase? Las clases tendr\u00e1n un m\u00e1ximo de 8 alumnos, recibiendo de este modo cada estudiante un seguimiento personalizado por parte del profesor. \u00bfCu\u00e1ntos niveles existen? Existen 6 niveles que van del Inicial al Avanzado. \u00bfCu\u00e1l es la ubicaci\u00f3n de See Learning Center? See Learning Center dispone de aulas [&hellip;]<\/p>\n","protected":false},"author":2,"featured_media":2183,"parent":845,"menu_order":20,"comment_status":"open","ping_status":"closed","template":"page-faqs.php","meta":{"footnotes":"","_links_to":"","_links_to_target":""},"_links":{"self":[{"href":"https:\/\/seelearningcenter.pt\/es\/wp-json\/wp\/v2\/pages\/1705"}],"collection":[{"href":"https:\/\/seelearningcenter.pt\/es\/wp-json\/wp\/v2\/pages"}],"about":[{"href":"https:\/\/seelearningcenter.pt\/es\/wp-json\/wp\/v2\/types\/page"}],"author":[{"embeddable":true,"href":"https:\/\/seelearningcenter.pt\/es\/wp-json\/wp\/v2\/users\/2"}],"replies":[{"embeddable":true,"href":"https:\/\/seelearningcenter.pt\/es\/wp-json\/wp\/v2\/comments?post=1705"}],"version-history":[{"count":3,"href":"https:\/\/seelearningcenter.pt\/es\/wp-json\/wp\/v2\/pages\/1705\/revisions"}],"predecessor-version":[{"id":2995,"href":"https:\/\/seelearningcenter.pt\/es\/wp-json\/wp\/v2\/pages\/1705\/revisions\/2995"}],"up":[{"embeddable":true,"href":"https:\/\/seelearningcenter.pt\/es\/wp-json\/wp\/v2\/pages\/845"}],"wp:featuredmedia":[{"embeddable":true,"href":"https:\/\/seelearningcenter.pt\/es\/wp-json\/wp\/v2\/media\/2183"}],"wp:attachment":[{"href":"https:\/\/seelearningcenter.pt\/es\/wp-json\/wp\/v2\/media?parent=1705"}],"curies":[{"name":"wp","href":"https:\/\/api.w.org\/{rel}","templated":true}]}}