{"id":1663,"date":"2010-09-10T22:27:53","date_gmt":"2010-09-11T02:27:53","guid":{"rendered":"http:\/\/seelearningcenter.pt\/"},"modified":"2010-09-18T16:08:31","modified_gmt":"2010-09-18T20:08:31","slug":"sabia-que","status":"publish","type":"page","link":"https:\/\/seelearningcenter.pt\/es\/aprendizaje-de-portugues\/sabia-que\/","title":{"rendered":"\u00bfSab\u00eda que&#8230;"},"content":{"rendered":"<p><img loading=\"lazy\" decoding=\"async\" class=\"alignleft size-full wp-image-1646\" title=\"sabia_que\" src=\"http:\/\/seelearningcenter.pt\/wp-content\/uploads\/2010\/09\/sabia_que.jpg\" alt=\"\" width=\"350\" height=\"237\" srcset=\"https:\/\/seelearningcenter.pt\/wp-content\/uploads\/2010\/09\/sabia_que.jpg 350w, https:\/\/seelearningcenter.pt\/wp-content\/uploads\/2010\/09\/sabia_que-300x203.jpg 300w\" sizes=\"(max-width: 350px) 100vw, 350px\" \/><\/p>\n<ul class=\"right_ul\" type=\"disc\">\n<li>los Cursos See Portugu\u00e9s como Lengua Extranjera son cursos que tienen como objetivo la promoci\u00f3n de la lengua y cultura portuguesa y pretenden cualificar a hablantes de otros idiomas en este dominio, as\u00ed como reforzar su conocimiento por parte de los ciudadanos oriundos de pa\u00edses cuya lengua oficial es el portugu\u00e9s?<\/li>\n<li>las clases tendr\u00e1n un m\u00e1ximo de 8 alumnos, recibiendo cada estudiante un acompa\u00f1amiento personalizado por parte del profesor?<\/li>\n<li>existen 6 niveles que van del nivel de Iniciaci\u00f3n al nivel Avanzado?<\/li>\n<li>que los cursos  empiezan todos los lunes, excepto en periodo de vacaciones y d\u00edas festivos?<\/li>\n<li>la duraci\u00f3n m\u00ednima del curso es de una semana, pudiendo extenderse tanto tiempo como el alumno lo desee, pudiendo este autogestionar sus horas de estudio de acuerdo con su disponibilidad y objetivos?<\/li>\n<li>See Learning Center dispone de instalaciones modernas, c\u00f3modas y equipadas, estando la sede ubicada justo a la salida de la estaci\u00f3n de metro de Alfornelos (Amadora Este), un barrio familiar a 20 minutos del centro de Lisboa?<\/li>\n<\/ul>\n","protected":false},"excerpt":{"rendered":"<p>los Cursos See Portugu\u00e9s como Lengua Extranjera son cursos que tienen como objetivo la promoci\u00f3n de la lengua y cultura portuguesa y pretenden cualificar a hablantes de otros idiomas en este dominio, as\u00ed como reforzar su conocimiento por parte de los ciudadanos oriundos de pa\u00edses cuya lengua oficial es el portugu\u00e9s? las clases tendr\u00e1n un [&hellip;]<\/p>\n","protected":false},"author":2,"featured_media":2182,"parent":845,"menu_order":22,"comment_status":"open","ping_status":"closed","template":"","meta":{"footnotes":"","_links_to":"","_links_to_target":""},"_links":{"self":[{"href":"https:\/\/seelearningcenter.pt\/es\/wp-json\/wp\/v2\/pages\/1663"}],"collection":[{"href":"https:\/\/seelearningcenter.pt\/es\/wp-json\/wp\/v2\/pages"}],"about":[{"href":"https:\/\/seelearningcenter.pt\/es\/wp-json\/wp\/v2\/types\/page"}],"author":[{"embeddable":true,"href":"https:\/\/seelearningcenter.pt\/es\/wp-json\/wp\/v2\/users\/2"}],"replies":[{"embeddable":true,"href":"https:\/\/seelearningcenter.pt\/es\/wp-json\/wp\/v2\/comments?post=1663"}],"version-history":[{"count":8,"href":"https:\/\/seelearningcenter.pt\/es\/wp-json\/wp\/v2\/pages\/1663\/revisions"}],"predecessor-version":[{"id":2335,"href":"https:\/\/seelearningcenter.pt\/es\/wp-json\/wp\/v2\/pages\/1663\/revisions\/2335"}],"up":[{"embeddable":true,"href":"https:\/\/seelearningcenter.pt\/es\/wp-json\/wp\/v2\/pages\/845"}],"wp:featuredmedia":[{"embeddable":true,"href":"https:\/\/seelearningcenter.pt\/es\/wp-json\/wp\/v2\/media\/2182"}],"wp:attachment":[{"href":"https:\/\/seelearningcenter.pt\/es\/wp-json\/wp\/v2\/media?parent=1663"}],"curies":[{"name":"wp","href":"https:\/\/api.w.org\/{rel}","templated":true}]}}