{"id":1009,"date":"2010-07-09T01:48:37","date_gmt":"2010-07-09T05:48:37","guid":{"rendered":"http:\/\/seelearningcenter.pt\/"},"modified":"2010-09-24T09:22:26","modified_gmt":"2010-09-24T13:22:26","slug":"cursos-de-portugues-para-extranjeros","status":"publish","type":"page","link":"https:\/\/seelearningcenter.pt\/es\/aprendizaje-de-portugues\/cursos-de-portugues-para-extranjeros\/","title":{"rendered":"Cursos de Portugu\u00e9s para Extranjeros"},"content":{"rendered":"<p>El portugu\u00e9s es una lengua rom\u00e1nica muy antigua, derivada del lat\u00edn pero con muchas influencias de otras culturas. Debido a la ocupaci\u00f3n de los moros en la Pen\u00ednsula Ib\u00e9rica durante la Edad Media y a la participaci\u00f3n de Portugal en los descubrimientos, adquiri\u00f3 palabras de muchas lenguas del mundo, convirti\u00e9ndose en una lengua \u00fanica. Es la sexta lengua m\u00e1s hablada en el mundo, siendo la lengua oficial de 10 pa\u00edses y estando explayada por muchos otros pa\u00edses, donde ha influido en las lenguas locales o es hablada por comunidades de portugueses. \u00a1Aproveche la oportunidad de los cursos de portugu\u00e9s en See Learning Center en Portugal y aprenda una de las lenguas m\u00e1s fascinantes, mientras explora, encuentra y vive un ambiente portugu\u00e9s!<\/p>\n<p><strong><em><span style=\"text-decoration: underline;\">Cursos para Adultos<\/span><\/em><\/strong><\/p>\n<p><strong><em>Ficha de datos<\/em><\/strong><\/p>\n<ul>\n<li><strong>Edad:<\/strong> +18 a\u00f1os<\/li>\n<li><strong>Sala de ordenadoras: <\/strong>Acceso libre a Internet<strong> <\/strong><\/li>\n<li><strong>N\u00famero de alumnos:<\/strong> m\u00e1x. 8 alumnos por clase<\/li>\n<li><strong>Nivele s:<\/strong> desde el\u00a0 inicial hasta el avanzado<\/li>\n<li><strong>Programa de actividades<\/strong><\/li>\n<li><strong>Alojamiento:<\/strong> Familia de acogida u Hotel<\/li>\n<\/ul>\n<p><strong><span style=\"text-decoration: underline;\">Cursos<\/span><\/strong><\/p>\n<ul>\n<li>-Curso See de Portugu\u00e9s General<\/li>\n<li>-Curso See de Portugu\u00e9s Intensivo<\/li>\n<li>-Curso See de Portugu\u00e9s Individual<\/li>\n<li>-Curso See de Portugu\u00e9s Empresarial<\/li>\n<li>-Curso See de Portugu\u00e9s 50+<\/li>\n<\/ul>\n<p><strong><em><span style=\"font-size: small;\"><span style=\"line-height: normal;\"><br \/>\n<\/span><\/span><\/em><\/strong><\/p>\n<table border=\"0\" cellspacing=\"0\" cellpadding=\"0\" width=\"100%\">\n<tbody>\n<tr>\n<td width=\"28%\"><img loading=\"lazy\" decoding=\"async\" src=\"http:\/\/www.seelearningcenter.pt\/images\/cursos_portugues4.jpg\" alt=\"\" width=\"288\" height=\"191\" \/><\/td>\n<td width=\"2%\"><img loading=\"lazy\" decoding=\"async\" src=\"http:\/\/www.seelearningcenter.pt\/images\/transp.gif\" alt=\"\" width=\"15\" height=\"1\" \/><\/td>\n<td width=\"70%\"><strong><em><span style=\"text-decoration: underline;\">Curso See de Portugu\u00e9s General<\/span><\/em><\/strong><strong><em><span style=\"text-decoration: underline;\"> <\/span><\/em><\/strong><\/p>\n<p>Consistiendo en 3 clases por d\u00eda, el Curso <em>See<\/em> de Portugu\u00e9s General le permite tener tiempo suficiente para descubrir la ciudad y sus alrededores. Cada nivel tiene una duraci\u00f3n de 4 semanas. Cada clase tiene un m\u00e1ximo de 8 alumnos, de modo a poder proporcionar atenci\u00f3n y ense\u00f1anza de forma individualizada. \u00a1Combine su curso de portugu\u00e9s con un programa completo de visitas y aproveche al m\u00e1ximo su estancia en Portugal! Disponible todo el a\u00f1o.<\/td>\n<\/tr>\n<\/tbody>\n<\/table>\n<p><strong><em><span style=\"text-decoration: underline;\">Curso See de Portugu\u00e9s Intensivo<\/span><\/em><\/strong><\/p>\n<p>Si su  objetivo es aprender<span style=\"text-decoration: underline;\"> <\/span>el m\u00e1ximo de portugu\u00e9s durante su estancia,  el curso <em>See<\/em> de Portugu\u00e9s Intensivo es ideal para usted.  Consistiendo en 25 horas por semana, este curso se puede combinar con el  Curso <em>See<\/em> de Portugu\u00e9s General con 2 horas extra por d\u00eda,  permiti\u00e9ndole de esta forma aprender m\u00e1s sin dejar de tener tiempo libre  para descubrir Portugal. Cada clase consta de un m\u00e1ximo de 8 alumnos  permiti\u00e9ndonos de esta forma prestar atenci\u00f3n y ense\u00f1anza de forma  individualizada.<\/p>\n<p>Disponible \u00fanicamente de junio a septiembre.<\/p>\n<table border=\"0\" cellspacing=\"0\" cellpadding=\"0\" width=\"100%\">\n<tbody>\n<tr>\n<td width=\"28%\"><img loading=\"lazy\" decoding=\"async\" src=\"http:\/\/www.seelearningcenter.pt\/images\/cursos_portugues5.jpg\" alt=\"\" width=\"191\" height=\"288\" \/><\/td>\n<td width=\"2%\"><img loading=\"lazy\" decoding=\"async\" src=\"http:\/\/www.seelearningcenter.pt\/images\/transp.gif\" alt=\"\" width=\"15\" height=\"1\" \/><\/td>\n<td width=\"70%\"><strong><em><span style=\"text-decoration: underline;\">Curso See de Portugu\u00e9s Individual<\/span><\/em><\/strong><strong><em><span style=\"text-decoration: underline;\"> <\/span><\/em><\/strong><\/p>\n<p>El curso <em>See<\/em> de Portugu\u00e9s Individual le da la oportunidad de  aprender esta lengua de forma r\u00e1pida e intensiva, a su propio ritmo y de  acuerdo con sus necesidades personales.<\/p>\n<p>El m\u00e9todo individual le  permite tener clases en horarios m\u00e1s flexibles, adapt\u00e1ndose a su  trabajo, a sus estudios, cultura o curiosidades ya que sus necesidades  son la prioridad del formador. Est\u00e1 invitado a traer su propio material  si as\u00ed lo desea. \u00a1Tenga tantas clases individuales como guste y empiece  cuando quiera!<\/p>\n<p>\u00a1Combine un curso de <em>See<\/em> de Portugu\u00e9s  General con un curso <em>See<\/em> de Portugu\u00e9s Individual y vea<span style=\"text-decoration: underline;\"> <\/span>c\u00f3mo<span style=\"text-decoration: underline;\"> <\/span>evoluciona su portugu\u00e9s!<\/p>\n<p>Disponible todo el a\u00f1o.<\/td>\n<\/tr>\n<\/tbody>\n<\/table>\n<p><strong><em><span style=\"text-decoration: underline;\">Curso See de Portugu\u00e9s Profesional<\/span><\/em><\/strong><\/p>\n<p>Si su deseo es desarrollar sus conocimientos de portugu\u00e9s dentro de  una \u00e1rea espec\u00edfica, el curso <em>See<\/em> de Portugu\u00e9s Profesional es la  oportunidad ideal para usted. Este curso desarrolla<span style=\"text-decoration: underline;\"> <\/span>el  vocabulario del alumno enfoc\u00e1ndolo a la pr\u00e1ctica del lenguaje oral y\/o  escrito cualquiera que sea su \u00e1rea de especializaci\u00f3n: medicina,  gesti\u00f3n, turismo, ingenier\u00eda, enfermer\u00eda, derecho, seguros, inform\u00e1tica,  traducci\u00f3n o interpretaci\u00f3n, ense\u00f1anza, etc. See Learning Center tiene  cursos intensivos adaptados a sus necesidades. Las clases pueden ser  individuales, en peque\u00f1os grupos o combinadas, de acuerdo con sus  necesidades y disponibilidad.<\/p>\n<table border=\"0\" cellspacing=\"0\" cellpadding=\"0\" width=\"100%\">\n<tbody>\n<tr>\n<td width=\"28%\" valign=\"middle\"><img loading=\"lazy\" decoding=\"async\" src=\"http:\/\/www.seelearningcenter.pt\/images\/cursos_portugues6.jpg\" alt=\"\" width=\"288\" height=\"191\" \/><\/td>\n<td width=\"2%\" valign=\"middle\"><img loading=\"lazy\" decoding=\"async\" src=\"http:\/\/www.seelearningcenter.pt\/images\/transp.gif\" alt=\"\" width=\"15\" height=\"1\" \/><\/td>\n<td width=\"70%\" valign=\"middle\"><strong><em><span style=\"text-decoration: underline;\">Curso See de Preparaci\u00f3n para Profesores de Portugu\u00e9s<\/span><\/em><\/strong><\/p>\n<p>Este curso est\u00e1 especialmente dise\u00f1ado para profesores nativos y no  nativos de Portugu\u00e9s Lengua Extranjera, dentro o fuera de Portugal. El  curso abarca trabajo pr\u00e1ctico, actividades comunicativas,  demostraciones, reflexi\u00f3n y discusi\u00f3n. Son presentados conocimientos y  t\u00e9cnicas llevados a la pr\u00e1ctica, posibilitando as\u00ed una experiencia de  aprendizaje completa y agradable que le permita evaluar, discutir y  aplicar los conocimientos a situaciones reales.<\/p>\n<p>Puede disfrutar  de un programa social de actividades de fin de tarde y excursiones de  medio d\u00eda o de un d\u00eda completo los fines de semana de modo a sacar el  mayor provecho de su estancia con nosotros.<\/p>\n<p>Se trata de un curso  de dos semanas que consta de 60 horas organizadas de acuerdo con lo  requerido, con un m\u00ednimo de 4 alumnos. Disponible una vez al a\u00f1o.<\/td>\n<\/tr>\n<\/tbody>\n<\/table>\n<p><strong><em><span style=\"text-decoration: underline;\">Curso See Light de Portugu\u00e9s<\/span><\/em><\/strong><\/p>\n<p>\u00c9ste es un  curso especialmente orientado para aquellas personas que estudian o  trabajan, pero que quieren aprender portugu\u00e9s de forma regular. Elija el  horario que m\u00e1s le convenga y desarrolle sus conocimientos ling\u00fc\u00edsticos  en las diferentes \u00e1reas tales como capacidad de comunicaci\u00f3n, lectura,  gram\u00e1tica y escritura, auditiva y oral y construcci\u00f3n de vocabulario.<\/p>\n<p><strong><em><span style=\"text-decoration: underline;\">Clase See Flex<\/span><\/em><\/strong><strong><em> <\/em><\/strong><strong><em>\u00a1NUEVO!<\/em><\/strong><\/p>\n<table border=\"0\" cellspacing=\"0\" cellpadding=\"0\" width=\"100%\">\n<tbody>\n<tr>\n<td width=\"28%\" valign=\"middle\"><img loading=\"lazy\" decoding=\"async\" src=\"http:\/\/www.seelearningcenter.pt\/images\/cursos_portugues7.jpg\" alt=\"\" width=\"288\" height=\"191\" \/><\/td>\n<td width=\"2%\" valign=\"middle\"><img loading=\"lazy\" decoding=\"async\" src=\"http:\/\/www.seelearningcenter.pt\/images\/transp.gif\" alt=\"\" width=\"15\" height=\"1\" \/><\/td>\n<td width=\"70%\" valign=\"middle\">La opci\u00f3n <em>See Flex<\/em> le permite no s\u00f3lo elegir su horario sino  tambi\u00e9n\u00a0 alterarlo si lo necesita para evitar de esta forma perder  clases, ya sea por la ma\u00f1ana, por la tarde o fin de tarde.<\/p>\n<p>El  curso puede ser interrumpido para retomarse m\u00e1s tarde si el alumno as\u00ed  lo desea. \u00a1Los cursos son adaptados a cada grupo de acuerdo con sus  necesidades espec\u00edficas!<\/p>\n<p><strong><em>\u00a1Si quiere hablar  Portugu\u00e9s desde el primer d\u00eda, inscr\u00edbase ya en <\/em><\/strong><strong><em>SEE  LEARNING CENTER!<\/em><\/strong><\/td>\n<\/tr>\n<\/tbody>\n<\/table>\n<p><strong><em><span style=\"text-decoration: underline;\">See Portugu\u00e9s +<\/span><\/em><\/strong><\/p>\n<p>See Learning Center le  ofrece clases <em>See<\/em> individuales en nuestro centro, en su lugar de  trabajo, en su casa o en cualquier sitio elegido por usted. El n\u00famero de  clases y el horario pueden\u00a0 variar de acuerdo con las necesidades del  alumno.<\/p>\n<table border=\"0\" cellspacing=\"0\" cellpadding=\"0\" width=\"100%\">\n<tbody>\n<tr>\n<td width=\"28%\" valign=\"middle\"><img loading=\"lazy\" decoding=\"async\" src=\"http:\/\/www.seelearningcenter.pt\/images\/cursos_portugues8.jpg\" alt=\"\" width=\"288\" height=\"191\" \/><\/td>\n<td width=\"2%\" valign=\"middle\"><img loading=\"lazy\" decoding=\"async\" src=\"http:\/\/www.seelearningcenter.pt\/images\/transp.gif\" alt=\"\" width=\"15\" height=\"1\" \/><\/td>\n<td width=\"70%\" valign=\"middle\"><strong><em><span style=\"text-decoration: underline;\">See Portugu\u00e9s especial Braille<\/span><\/em><\/strong><\/p>\n<p>Los  alumnos invidentes o parcialmente videntes requieren una  atenci\u00f3n  especializada al mismo tiempo que una integraci\u00f3n a los grupos  de  videntes totales. See Learning Center ofrece a los alumnos la   oportunidad de desarrollar capacidades sociales mientras aprenden la   lengua portuguesa.<\/td>\n<\/tr>\n<\/tbody>\n<\/table>\n<p>Chat club (10 lessons  per week)<\/p>\n<table border=\"0\" cellspacing=\"0\" cellpadding=\"0\" width=\"100%\">\n<tbody>\n<tr>\n<td width=\"28%\" valign=\"middle\"><img loading=\"lazy\" decoding=\"async\" src=\"http:\/\/www.seelearningcenter.pt\/images\/cursos_portugues9.jpg\" alt=\"\" width=\"288\" height=\"191\" \/><\/td>\n<td width=\"2%\" valign=\"middle\"><img loading=\"lazy\" decoding=\"async\" src=\"http:\/\/www.seelearningcenter.pt\/images\/transp.gif\" alt=\"\" width=\"15\" height=\"1\" \/><\/td>\n<td width=\"70%\" valign=\"middle\"><strong><em><span style=\"text-decoration: underline;\">Club de<\/span><\/em><\/strong><span style=\"text-decoration: underline;\"> <strong><em>Chat<\/em><\/strong><\/span><\/p>\n<p>Adquiera los conocimientos esenciales para comunicarse en   situaciones cotidianas a trav\u00e9s de clases de conversaci\u00f3n, pronunciaci\u00f3n   y club de <em>chat<\/em>. Rentabilice su pr\u00e1ctica diaria mediante la   comunicaci\u00f3n oral desarrollando as\u00ed su confianza en la oralidad. El club   presenta\u00a0 10 clases por semana. M\u00e1ximo 8 alumnos por clase.<\/td>\n<\/tr>\n<\/tbody>\n<\/table>\n<p><strong><em><span style=\"text-decoration: underline;\">Niveles<\/span><\/em><\/strong><\/p>\n<p>Los cursos <em>See<\/em> de  Portugu\u00e9s General tienen 6 niveles de 80 horas cada uno:<\/p>\n<ul>\n<li><strong>Principiante<\/strong><\/li>\n<li><strong>Elementar<\/strong><\/li>\n<li><strong>Pre-intermedio<\/strong><\/li>\n<li><strong>Intermedio<\/strong><\/li>\n<li><strong>Pos-intermedio<\/strong><\/li>\n<li><strong>Avanzado<\/strong><\/li>\n<\/ul>\n<p><strong><em><span style=\"text-decoration: underline;\">Certificados<\/span><\/em><\/strong><\/p>\n<table border=\"0\" cellspacing=\"0\" cellpadding=\"0\" width=\"100%\">\n<tbody>\n<tr>\n<td width=\"28%\" valign=\"middle\"><img loading=\"lazy\" decoding=\"async\" src=\"http:\/\/www.seelearningcenter.pt\/images\/cursos_portugues10.jpg\" alt=\"\" width=\"288\" height=\"191\" \/><\/td>\n<td width=\"2%\" valign=\"middle\"><img loading=\"lazy\" decoding=\"async\" src=\"http:\/\/www.seelearningcenter.pt\/images\/transp.gif\" alt=\"\" width=\"15\" height=\"1\" \/><\/td>\n<td width=\"70%\" valign=\"middle\"><strong>Certificado   de Asistencia <em>See<\/em><\/strong>: Atribuido a todos los alumnos que   frecuenten un curso <em>See<\/em>.<\/p>\n<p><strong>Certificado <em>See<\/em>:<\/strong> Atribuido a los alumnos que superen el examen final de nivel.<\/p>\n<p><strong> <\/strong><\/p>\n<p><strong>Ex\u00e1menes de Portugu\u00e9s Lengua Extranjera: <\/strong><\/p>\n<p>Son  ex\u00e1menes organizados y concedidos por la Universidad de Lisboa  en  fechas espec\u00edficas. Existen cinco niveles: CIPLE, CEPLE, DIPLE,  DAPLE,  DUPLE.<\/p>\n<p><strong><em><span style=\"text-decoration: underline;\"> <\/span><\/em><\/strong><br \/>\n<em> <\/em><\/td>\n<\/tr>\n<\/tbody>\n<\/table>\n<p><strong><em><span style=\"text-decoration: underline;\">Testimonio<\/span><\/em><\/strong><em> <\/em><\/p>\n<table border=\"0\" cellspacing=\"0\" cellpadding=\"0\" width=\"100%\">\n<tbody>\n<tr>\n<td width=\"28%\" valign=\"middle\"><img loading=\"lazy\" decoding=\"async\" src=\"http:\/\/www.seelearningcenter.pt\/images\/cursos_portugues11.jpg\" alt=\"\" width=\"288\" height=\"191\" \/><\/td>\n<td width=\"2%\" valign=\"middle\"><img loading=\"lazy\" decoding=\"async\" src=\"http:\/\/www.seelearningcenter.pt\/images\/transp.gif\" alt=\"\" width=\"15\" height=\"1\" \/><\/td>\n<td width=\"70%\" valign=\"middle\"><em>Hablar portugu\u00e9s<span style=\"text-decoration: underline;\"> <\/span>ha cambiado mi vida en lo que   respecta a  la autoestima, al liderazgo, a la actitud en la carrera, al   \u00e9xito, al  crecimiento personal, social y profesional y\u00a0 a las   oportunidades.  \u00a1Todos so\u00f1amos con una vida mejor!<\/em><\/p>\n<p>Andrea (Italian)<\/td>\n<\/tr>\n<\/tbody>\n<\/table>\n<table border=\"0\" cellspacing=\"0\" cellpadding=\"0\" width=\"100%\">\n<tbody>\n<tr>\n<td width=\"28%\" valign=\"top\"><img loading=\"lazy\" decoding=\"async\" src=\"http:\/\/www.seelearningcenter.pt\/images\/cursos_portugues12.jpg\" alt=\"\" width=\"288\" height=\"191\" \/><\/td>\n<td width=\"2%\" valign=\"middle\"><img loading=\"lazy\" decoding=\"async\" src=\"http:\/\/www.seelearningcenter.pt\/images\/transp.gif\" alt=\"\" width=\"15\" height=\"1\" \/><\/td>\n<td width=\"70%\" valign=\"middle\"><strong>Stefano y Elisabetta<\/strong><strong> <\/strong><\/p>\n<p><em>\u00a1<\/em><em>Hola!\u00a0  Somos   Stefano y Elisabetta, una pareja de italianos. Quer\u00edamos  trabajar de   enfermeros en Angola pero no sab\u00edamos portugu\u00e9s y entonces  pensamos   \u201c\u00bfQu\u00e9 podemos hacer? Vamos a Lisboa, ciudad de la luz, donde  pasa el  r\u00edo  de coraz\u00f3n de plata\u201d. Tenemos un amigo en Lisboa que vive  en   Alfornelos. Es una parte popular de la ciudad, tranquila, bien    comunicada y con buenos servicios: tiene metro, autobuses, banco,    supermercados&#8230;<\/em><\/p>\n<p><em>Nuestro amigo nos encontr\u00f3 una escuela   de  lenguas: \u00a1See Learnig Center! Tuvimos una profesora muy competente   que  consigui\u00f3 ense\u00f1arnos la lengua portuguesa mezclando lecciones de    gram\u00e1tica<span style=\"text-decoration: underline;\"> <\/span>con encanto y transmiti\u00e9ndonos la pasi\u00f3n por el fado y    otras m\u00fasicas, aconsej\u00e1ndonos pel\u00edculas y cocina portuguesa. D\u00eda a d\u00eda    \u00edbamos descubriendo Lisboa, que nos recibi\u00f3 y nos llen\u00f3 con sus  calles y   sus olores. Pudimos mirar el r\u00edo Tajo mientras tom\u00e1bamos una  \u201cbica\u201d   (caf\u00e9 solo corto) o una\u201d imperial\u201d (ca\u00f1a).<\/em><\/td>\n<\/tr>\n<\/tbody>\n<\/table>\n<p><strong><em><span style=\"text-decoration: underline;\">Programa de Actividades  &amp;   Excursiones<\/span><\/em><\/strong><\/p>\n<table border=\"0\" cellspacing=\"0\" cellpadding=\"0\" width=\"100%\">\n<tbody>\n<tr>\n<td width=\"28%\"><img loading=\"lazy\" decoding=\"async\" src=\"http:\/\/www.seelearningcenter.pt\/images\/cursos_portugues15.jpg\" alt=\"\" width=\"191\" height=\"288\" \/><\/td>\n<td width=\"2%\"><img loading=\"lazy\" decoding=\"async\" src=\"http:\/\/www.seelearningcenter.pt\/images\/transp.gif\" alt=\"\" width=\"15\" height=\"1\" \/><\/td>\n<td width=\"70%\">Puede aprovechar su tiempo libre   al  m\u00e1ximo participando en un  Programa de Actividades &amp;  Excursiones  de  See Learning Center.  Visite el pintoresco casco antiguo  de la ciudad  de  Lisboa, explore  las tiendas de <em>Rua Augusta<\/em>,  visite los  monumentos  de la  \u00c9poca de los Descubrimientos, rel\u00e1jese en  el Parque de  las  Naciones y  marav\u00edllese descubriendo la historia de  Portugal a  trav\u00e9s de  sus  museos.<\/p>\n<p><img loading=\"lazy\" decoding=\"async\" src=\"http:\/\/www.seelearningcenter.pt\/images\/cursos_portugues16.jpg\" alt=\"\" width=\"230\" height=\"153\" \/><img loading=\"lazy\" decoding=\"async\" src=\"http:\/\/www.seelearningcenter.pt\/images\/cursos_portugues17.jpg\" alt=\"\" width=\"230\" height=\"153\" \/><\/td>\n<\/tr>\n<\/tbody>\n<\/table>\n<table border=\"0\" cellspacing=\"0\" cellpadding=\"0\" width=\"100%\">\n<tbody>\n<tr>\n<td width=\"28%\"><\/td>\n<td width=\"2%\"><img loading=\"lazy\" decoding=\"async\" src=\"http:\/\/www.seelearningcenter.pt\/images\/transp.gif\" alt=\"\" width=\"15\" height=\"1\" \/><\/td>\n<td width=\"70%\"><\/td>\n<\/tr>\n<\/tbody>\n<\/table>\n","protected":false},"excerpt":{"rendered":"<p>El portugu\u00e9s es una lengua rom\u00e1nica muy antigua, derivada del lat\u00edn pero con muchas influencias de otras culturas. Debido a la ocupaci\u00f3n de los moros en la Pen\u00ednsula Ib\u00e9rica durante la Edad Media y a la participaci\u00f3n de Portugal en los descubrimientos, adquiri\u00f3 palabras de muchas lenguas del mundo, convirti\u00e9ndose en una lengua \u00fanica. Es [&hellip;]<\/p>\n","protected":false},"author":2,"featured_media":232,"parent":845,"menu_order":2,"comment_status":"open","ping_status":"closed","template":"page-portuguese_courses.php","meta":{"footnotes":"","_links_to":"","_links_to_target":""},"class_list":["post-1009","page","type-page","status-publish","has-post-thumbnail","hentry"],"_links":{"self":[{"href":"https:\/\/seelearningcenter.pt\/es\/wp-json\/wp\/v2\/pages\/1009","targetHints":{"allow":["GET"]}}],"collection":[{"href":"https:\/\/seelearningcenter.pt\/es\/wp-json\/wp\/v2\/pages"}],"about":[{"href":"https:\/\/seelearningcenter.pt\/es\/wp-json\/wp\/v2\/types\/page"}],"author":[{"embeddable":true,"href":"https:\/\/seelearningcenter.pt\/es\/wp-json\/wp\/v2\/users\/2"}],"replies":[{"embeddable":true,"href":"https:\/\/seelearningcenter.pt\/es\/wp-json\/wp\/v2\/comments?post=1009"}],"version-history":[{"count":6,"href":"https:\/\/seelearningcenter.pt\/es\/wp-json\/wp\/v2\/pages\/1009\/revisions"}],"predecessor-version":[{"id":2636,"href":"https:\/\/seelearningcenter.pt\/es\/wp-json\/wp\/v2\/pages\/1009\/revisions\/2636"}],"up":[{"embeddable":true,"href":"https:\/\/seelearningcenter.pt\/es\/wp-json\/wp\/v2\/pages\/845"}],"wp:featuredmedia":[{"embeddable":true,"href":"https:\/\/seelearningcenter.pt\/es\/wp-json\/wp\/v2\/media\/232"}],"wp:attachment":[{"href":"https:\/\/seelearningcenter.pt\/es\/wp-json\/wp\/v2\/media?parent=1009"}],"curies":[{"name":"wp","href":"https:\/\/api.w.org\/{rel}","templated":true}]}}