{"id":963,"date":"2010-07-08T04:58:48","date_gmt":"2010-07-08T08:58:48","guid":{"rendered":"http:\/\/seelearningcenter.pt\/"},"modified":"2010-09-30T17:25:52","modified_gmt":"2010-09-30T21:25:52","slug":"portugiesisch-als-fremdsprache-kurse-im-see-learning-center","status":"publish","type":"page","link":"https:\/\/seelearningcenter.pt\/de\/lernen-portugiesisch\/portugiesisch-als-fremdsprache-kurse-im-see-learning-center\/","title":{"rendered":"Portugiesisch-als-Fremdsprache-Kurs"},"content":{"rendered":"<p>Portugiesisch ist eine sehr alte romantische Sprache, abgeleitet aus dem Lateinischen, aber auch sehr von anderen Kulturen beeinflusst. Als Folge der maurischen Besetzung der Iberischen Halbinsel im Mittelalter und der Teilnahme Portugals an den Entdeckungsreisen entwickelte sich die portugiesische Sprache, durch verschiedene Einfl\u00fcsse gepr\u00e4gt, zu ihrer heutigen Besonderheit.<\/p>\n<p>Sie ist die sechst meistgesprochene Sprache der Welt und offizielle Sprache von insgesamt 10 L\u00e4ndern. Dar\u04d7ber hinaus ist sie auch sonst weit verbreitet und hat ihre Spuren auf allen Kontinenten hinterlassen.<\/p>\n<p>Nutzen Sie die Gelegenheit einen Portugiesisch-Kurs im <strong>See Learning Center <\/strong>in Portugal abzusolvieren und erlernen Sie eine der faszinierendsten Sprachen. W\u00e4hrend Sie sie erforschen, entdecken und erleben Sie die portugiesische Atmosph\u00e4re!<\/p>\n<p><strong><em><span style=\"text-decoration: underline;\">Kurse f\u00fcr Erwachsene<\/span><\/em><\/strong><br \/>\n<a id=\"1\" name=\"1\"><\/a><\/p>\n<p><strong><em>Datenkartei<\/em><\/strong><\/p>\n<ul>\n<li><strong>Alter:<\/strong> +18 Jahre<\/li>\n<li><strong>Computerraum: <\/strong>freier Internet-Zugang<strong> <\/strong><\/li>\n<li><strong>Sch\u00fcleranzahl:<\/strong> max. 8 Sch\u00fcler\/Klasse<\/li>\n<li><strong>Niveau:<\/strong> Elementar, Mittel und Fortgeschritte<\/li>\n<li><strong>Aktivit\u00e4tenprogramm<\/strong><\/li>\n<li><strong>Unterkunft:<\/strong> Gastfamilie oder Hotel<\/li>\n<li><strong>Kurse: <\/strong>\n<ul>\n<li>Kurs See Portugiesisch Allgemein     LINKS<\/li>\n<li>Kurs See Portugiesisch Intensiv<\/li>\n<li>Kurs See Portugiesisch Individuell<\/li>\n<li>Kurs See Portugiesisch Unternehmer<\/li>\n<li>Kurs See Portugiesisch 50+<\/li>\n<\/ul>\n<\/li>\n<\/ul>\n<table border=\"0\" cellspacing=\"0\" cellpadding=\"0\" width=\"100%\">\n<tbody>\n<tr>\n<td width=\"28%\"><img loading=\"lazy\" decoding=\"async\" src=\"http:\/\/www.seelearningcenter.pt\/images\/cursos_portugues4.jpg\" alt=\"\" width=\"288\" height=\"191\" \/><\/td>\n<td width=\"2%\"><img loading=\"lazy\" decoding=\"async\" src=\"http:\/\/www.seelearningcenter.pt\/images\/transp.gif\" alt=\"\" width=\"15\" height=\"1\" \/><\/td>\n<td width=\"70%\"><span style=\"text-decoration: underline;\"><strong>Siehe Allgemeine Portugiesisch<\/strong><\/span><\/p>\n<p>Bei 3 Unterrichtsstunden pro Tag haben Sie noch ausreichend Zeit das sch\u00f6ne Lissabon und seine Umgebung n\u00e4her kennenzulernen. Jeder Sprachlevel dauert 4 Wochen und bei h\u00f6chstens 8 Sch\u00fclern pro Klasse ist eine  individuelle Aufmerksamkeit des Lehrers gew\u00e4hrleistet. Kombinieren Sie Ihren Portugiesisch-Kurs mit einem kompletten Ausflugsprogramm und genie\u00dfen Sie Ihren Portugal-Aufenthalt in vollen Z\u00fcgen! Das ganze Jahr verf\u00fcgbar.<\/td>\n<\/tr>\n<\/tbody>\n<\/table>\n<p><strong><em><span style=\"text-decoration: underline;\">Kurs See Portugiesisch Intensiv<\/span><\/em><\/strong><strong><em> <\/em><\/strong><\/p>\n<p>Wenn es Ihr Ziel ist, w\u00e4hrend Ihres Aufenthaltes so viel wie m\u00f6glich Portugiesisch zu lernen, ist der ist Kurs See Portugiesisch Intensiv der iIdeale f\u00fcr Sie. Bestehend aus einer 25-st\u00fcndigen Unterrichtswoche kann dieser Kurs mit dem See Portugiesisch Allgemein mit 2 Extrastunden kombiniert werden, erlaubt somit ein noch schnelleres Erlernen der Sprache und l\u00e4sst immer noch Zeit \u00fcbrig, um Portugal zu erforschen. Jede Klasse verf\u00fcgt \u00fcber h\u00f6chstens 8 Sch\u00fcler, um individuelle Betreuung gew\u00e4hrleisten zu k\u00f6nnen. Verf\u00fcgbar nur von Juni bis September.<\/p>\n<table border=\"0\" cellspacing=\"0\" cellpadding=\"0\" width=\"100%\">\n<tbody>\n<tr>\n<td width=\"28%\"><img loading=\"lazy\" decoding=\"async\" src=\"http:\/\/www.seelearningcenter.pt\/images\/cursos_portugues5.jpg\" alt=\"\" width=\"191\" height=\"288\" \/><\/td>\n<td width=\"2%\"><img loading=\"lazy\" decoding=\"async\" src=\"http:\/\/www.seelearningcenter.pt\/images\/transp.gif\" alt=\"\" width=\"15\" height=\"1\" \/><\/td>\n<td width=\"70%\"><span style=\"color: #c70000;\"><span style=\"text-decoration: underline;\"><strong>Kurs See Portugiesisch (Individual)<\/strong><\/span><\/span><\/p>\n<p>Der <span style=\"text-decoration: underline;\">See Portugiesisch Individual Kurs<\/span> gibt Ihnen die Gelegenheit die Sprache entsprechend Ihrem Tempo und nach Ihrem pers\u00f6nlichen Bedarf schnell und intensiv zu erlernen. Dieser Individualunterricht erlaubt es Ihnen, flexibel Ihre Unterrichtsstunden auszuw\u00e4hlen, und ihn zeitm\u00e4\u00dfig mit Ihrer Arbeit, Uni oder anderem in Einklang zu bringen \u2013 Ihr Bedarf ist die Priorit\u00e4t Ihres Lehrers. Sie k\u00f6nnen gern Ihr eigenes Material mitbringen, wenn sie das m\u00f6chten. Nehmen Sie Ihre individuellen Stunden so oft und wann Sie m\u00f6chten!<\/p>\n<p>Kombinieren Sie einen Kurs See Portugiesisch Allgeimein mit einem Kurs See Portugiesisch Individual und bemerken Sie ihre gesteigerte kommunikative Kompetenz! Verf\u00fcgbar das ganze Jahr!<\/td>\n<\/tr>\n<\/tbody>\n<\/table>\n<p><strong><em><span style=\"text-decoration: underline;\">Kurs See Portugiesisch Professional<\/span><\/em><\/strong><\/p>\n<p>Wenn Sie beabsichtigen, Ihre Portugiesisch-Kenntnisse auf einem spezifischen Gebiet zu erweitern, so ist der <span style=\"text-decoration: underline;\">Kurs See Portugiesisch Professional<\/span> der richtige f\u00fcr Sie. Der Fokus liegt auf Wortschatzausweitung, Kommunikations- und Schreibpraxis. Welche auch Ihre Speziealisierung ist \u2013 Medizin, Betriebswirtschaft, Tourismus, Ingenieurwesen, Krankenpflege, Recht, Versicherung, Informatik, \u00dcbersetzung, Dolmetschen oder Erziehung &#8230; \u2013 <strong>See Learning Center<\/strong> hat den richtigen Kurs f\u00fcr Sie, Ihrem Bedarf angepasst. Die Unterrichtsstunden k\u00f6nnen, je nach Bedarf und Verf\u00fcgbarkeit, individuell oder in kleinen Gruppen organisiert werden.<\/p>\n<table border=\"0\" cellspacing=\"0\" cellpadding=\"0\" width=\"100%\">\n<tbody>\n<tr>\n<td width=\"28%\" valign=\"middle\"><img loading=\"lazy\" decoding=\"async\" src=\"http:\/\/www.seelearningcenter.pt\/images\/cursos_portugues6.jpg\" alt=\"\" width=\"288\" height=\"191\" \/><\/td>\n<td width=\"2%\" valign=\"middle\"><img loading=\"lazy\" decoding=\"async\" src=\"http:\/\/www.seelearningcenter.pt\/images\/transp.gif\" alt=\"\" width=\"15\" height=\"1\" \/><\/td>\n<td width=\"70%\" valign=\"middle\"><span style=\"color: #c70000;\"><strong><em><span style=\"text-decoration: underline;\">Kurs See Training f\u00fcr Portugiesischlehrer<\/span><\/em><\/strong><\/span><\/p>\n<p>Dieser Kurs ist speziell f\u00fcr muttersprachliche Lehrer und nicht-muttersprachliche Lehrer f\u00fcr Portugiesisch als Fremsprache, in und au\u00dferhalb Portugals, gedacht. Der Kurs beeinhaltet praktische Arbeiten, kommunikative Aktivit\u00e4ten, Demonstrationen, Betrachtungen und Diskussionen. Es werden praktische Kenntnisse und Techniken vorgestellt, was zu einer kompletten und angenehmen Lernerfahrung f\u00fchrt, die es Ihnen erm\u00f6glich, sie sofort in wirklichen Situationen, wie Beurteilungen, Diskussionen, usw.  Anzuwenden Sie k\u00f6nnen am sp\u00e4ten Nachmittag an sozialen Aktivit\u00e4tsprogrammen, an Wochenenden an halb- oder ganzt\u00e4gigen Ausfl\u00fcgen teilnehmen, die Ihnen erlauben, das Beste aus Ihrem Aufenthalt bei uns zu herauszuholen.<\/p>\n<p>Dieser Kurs dauert 2 Wochen und besteht aus 60 Unterrichtsstunden, wunschgem\u00e4\u00df organisiert, f\u00fcr mindestens 4 Sch\u00fcler. Verf\u00fcgbar einmal pro Jahr.<\/td>\n<\/tr>\n<\/tbody>\n<\/table>\n<p><strong><em><span style=\"text-decoration: underline;\">Kurs See Portugiesisch Light<\/span><\/em><\/strong><\/p>\n<p>Dieser Kurs ist speziell f\u00fcr studierende und arbeitende Sch\u00fcler vorgesehen, die jedoch auf eine regelm\u00e4\u00dfige Art Portugiesisch lernen m\u00f6chten. Suchen Sie sich den f\u00fcr Sie passenden Stundenplan aus und erweitern Sie Ihre Sprachkennnisse \u2013 F\u00e4higkeit zur Kommunikation, Lesen, Grammatik, Schreiben, H\u00f6ren, Sprechen, Anwendung des Vokabulars.<\/p>\n<table border=\"0\" cellspacing=\"0\" cellpadding=\"0\" width=\"100%\">\n<tbody>\n<tr>\n<td width=\"28%\" valign=\"middle\"><img loading=\"lazy\" decoding=\"async\" src=\"http:\/\/www.seelearningcenter.pt\/images\/cursos_portugues7.jpg\" alt=\"\" width=\"288\" height=\"191\" \/><\/td>\n<td width=\"2%\" valign=\"middle\"><img loading=\"lazy\" decoding=\"async\" src=\"http:\/\/www.seelearningcenter.pt\/images\/transp.gif\" alt=\"\" width=\"15\" height=\"1\" \/><\/td>\n<td width=\"70%\" valign=\"middle\"><span style=\"color: #c70000;\"><strong><em><span style=\"text-decoration: underline;\">See FlexUnterrichtsstunde<\/span><\/em><\/strong><strong><em> <\/em><\/strong><strong><em>NEU!<\/em><\/strong><\/span>Mit der See Flex Unterrichtsstunde suchen Sie sich Ihren Stundenplan aus und \u00e4ndern ihn, wenn n\u00f6tig auf morgens, nachmittags oder abends, um keine Stunden zu verlieren. <a id=\"8\" name=\"8\"><\/a><\/p>\n<p>Der Kurs kann unterbrochen und sp\u00e4ter weitergef\u00fchrt werden. Die Kurse sind jeder Gruppe gem\u00e4\u00df ihres spezifischen Bedarfs angepasst!<\/p>\n<p><span style=\"color: #c70000;\"><strong>Wenn Sie gleich vom ersten Tag an Portugiesisch sprechen m\u00f6chten, schreiben Sie sich im SEE LEARNING CENTER ein!<\/strong><\/span><\/td>\n<\/tr>\n<\/tbody>\n<\/table>\n<p><span style=\"text-decoration: underline;\"><em><strong>See Portugiesisch +<\/strong><\/em><\/span><\/p>\n<p><a id=\"9\" name=\"9\"><\/a><br \/>\n<strong>See Learning Center<\/strong> bietet Ihnen individuellen Unterricht im Center selbst, an Ihrem Arbeitsplatz, bei Ihnen zu Hause oder irgendwo anders, wo es Ihnen Recht ist. Die Anzahl der Sch\u00fcler und der Stundenplan k\u00f6nnen ganz Ihrem Bedarf angeglichen werden.<\/p>\n<table border=\"0\" cellspacing=\"0\" cellpadding=\"0\" width=\"100%\">\n<tbody>\n<tr>\n<td width=\"28%\" valign=\"middle\"><img loading=\"lazy\" decoding=\"async\" src=\"http:\/\/www.seelearningcenter.pt\/images\/cursos_portugues8.jpg\" alt=\"\" width=\"288\" height=\"191\" \/><\/td>\n<td width=\"2%\" valign=\"middle\"><img loading=\"lazy\" decoding=\"async\" src=\"http:\/\/www.seelearningcenter.pt\/images\/transp.gif\" alt=\"\" width=\"15\" height=\"1\" \/><\/td>\n<td width=\"70%\" valign=\"middle\"><span style=\"color: #c70000;\"><strong><em><span style=\"text-decoration: underline;\">See Portugiesisch especial Braille<\/span><\/em><\/strong><\/span><em> <\/em><\/p>\n<p>Blinde oder sehbehinderte Sch\u00fcler ben\u00f6tigen eine besondere Aufmerksamkeit und Integration in normalen Gruppen. <strong>See Learning Center<\/strong> bietet diesen Sch\u00fclern, w\u00e4hrend des Erlernens der portugiesischen Sprache die Gelegenheit, neue Freundschaften zu schlie\u00dfen und soziale Kontakte zu kn\u00fcpfen.<\/td>\n<\/tr>\n<\/tbody>\n<\/table>\n<p><span style=\"text-decoration: underline;\"><em><strong>Club Chat<\/strong><\/em><\/span><a id=\"9\" name=\"9\"><\/a><\/p>\n<table border=\"0\" cellspacing=\"0\" cellpadding=\"0\" width=\"100%\">\n<tbody>\n<tr>\n<td width=\"28%\" valign=\"middle\"><img loading=\"lazy\" decoding=\"async\" src=\"http:\/\/www.seelearningcenter.pt\/images\/cursos_portugues9.jpg\" alt=\"\" width=\"288\" height=\"191\" \/><\/td>\n<td width=\"2%\" valign=\"middle\"><img loading=\"lazy\" decoding=\"async\" src=\"http:\/\/www.seelearningcenter.pt\/images\/transp.gif\" alt=\"\" width=\"15\" height=\"1\" \/><\/td>\n<td width=\"70%\" valign=\"middle\">Lernen Sie das Wesentliche f\u00fcr allt\u00e4gliche Situationen \u2013 Konversationsstunden, Aussprache und <em>chat-club<\/em>. Praktizieren Sie so viel wie m\u00f6glich m\u00fcndlich und entwickeln Sie Ihre Sprechsicherheit. Der Club beeinhaltet 10 Unterrichtsstunden pro Woche bei h\u00f6chstens 8 Sch\u00fclern pro Klasse.<\/td>\n<\/tr>\n<\/tbody>\n<\/table>\n<p><strong><em><span style=\"text-decoration: underline;\">Lern-Levels<\/span><\/em><\/strong><a name=\"11\"><\/a><\/p>\n<p>Die <strong>Kurse See Portugiesisch Allgemein<\/strong> haben 6 Lernniveaus mit je 80 Unterrichtsstunden:<\/p>\n<p><strong>Anf\u00e4nger<\/strong><\/p>\n<p><strong>Elementar<\/strong><\/p>\n<p><strong>Vor-Mittelstufe<\/strong><\/p>\n<p><strong>Mittelstufe<\/strong><\/p>\n<p><strong>Nach-Mittelstufe<\/strong><\/p>\n<p><strong>Fortgeschrittene<\/strong><\/p>\n<table border=\"0\" cellspacing=\"0\" cellpadding=\"0\" width=\"100%\">\n<tbody>\n<tr>\n<td width=\"28%\" valign=\"middle\"><img loading=\"lazy\" decoding=\"async\" src=\"http:\/\/www.seelearningcenter.pt\/images\/cursos_portugues10.jpg\" alt=\"\" width=\"288\" height=\"191\" \/><\/td>\n<td width=\"2%\" valign=\"middle\"><img loading=\"lazy\" decoding=\"async\" src=\"http:\/\/www.seelearningcenter.pt\/images\/transp.gif\" alt=\"\" width=\"15\" height=\"1\" \/><\/td>\n<td width=\"70%\" valign=\"middle\"><span style=\"color: #c70000;\"><strong>Teilnahme-Zertifikat See<\/strong>:<\/span><a name=\"12\"><\/a> wird jedem Sch\u00fcler, der an einem See-Kurs teilgenommen hat, ausgeh\u00e4ndigt. <span style=\"color: #c70000;\"><strong>Zertifikat See:<\/strong> <\/span>wird Sch\u00fclern nach Bestehen der Endpr\u00fcfung eines Niveaus ausgeh\u00e4ndigt.<\/p>\n<p><span style=\"color: #c70000;\"><strong>Pr\u00fcfung f\u00fcr Portugiesisch als Fremdsprache: <\/strong><\/span>Von der Universit\u00e4t Lissabon an bestimmten Daten organisierte und erteilte Pr\u00fcfungen. Verf\u00fcgbar f\u00fcnf Niveaus: CIPLE, CEPLE, DIPLE, DAPLE, DUPLE.<strong> <\/strong><\/td>\n<\/tr>\n<\/tbody>\n<\/table>\n<table border=\"0\" cellspacing=\"0\" cellpadding=\"0\" width=\"100%\">\n<tbody>\n<tr>\n<td width=\"28%\" valign=\"middle\"><img loading=\"lazy\" decoding=\"async\" src=\"http:\/\/www.seelearningcenter.pt\/images\/cursos_portugues11.jpg\" alt=\"\" width=\"288\" height=\"191\" \/><\/td>\n<td width=\"2%\" valign=\"middle\"><img loading=\"lazy\" decoding=\"async\" src=\"http:\/\/www.seelearningcenter.pt\/images\/transp.gif\" alt=\"\" width=\"15\" height=\"1\" \/><\/td>\n<td width=\"70%\" valign=\"middle\"><span style=\"color: #c70000;\"><strong><em><span style=\"text-decoration: underline;\">Erlebnisse ehemaliger Sch\u00fcler<\/span><\/em><\/strong><\/span><\/p>\n<p><em>Portugiesisch zu sprechen hat mein Leben ver\u00e4ndert, mein Selbstbewusstsein, meine F\u00fchrungseigenschaften gest\u00e4rkt ,und mir au\u00dferdem die Gelegenheit zu pers\u00f6nlichem, sozialem und beruflichem Wachsen gegeben. Wir alle tr\u00e4umen von einem besseren Leben!<\/em><\/td>\n<\/tr>\n<\/tbody>\n<\/table>\n<table border=\"0\" cellspacing=\"0\" cellpadding=\"0\" width=\"100%\">\n<tbody>\n<tr>\n<td width=\"28%\" valign=\"top\"><img loading=\"lazy\" decoding=\"async\" src=\"http:\/\/www.seelearningcenter.pt\/images\/cursos_portugues12.jpg\" alt=\"\" width=\"288\" height=\"191\" \/><\/td>\n<td width=\"2%\" valign=\"middle\"><img loading=\"lazy\" decoding=\"async\" src=\"http:\/\/www.seelearningcenter.pt\/images\/transp.gif\" alt=\"\" width=\"15\" height=\"1\" \/><\/td>\n<td width=\"70%\" valign=\"middle\"><span style=\"color: #c70000;\"><strong>Stefano e Elisabetta<\/strong><\/span><em> <\/em><\/p>\n<p><em> <\/em><\/p>\n<p><em>Hallo! Wir, Stefano und Elisabetta sind ein italienisches P\u00e4rchen. Wir wollten gern als Krankenpfleger in Angola arbeiten und konnten kein Porgugiesisch. So \u00fcberlegten wir: &#8222;Was tun?Lass&#8216; uns nach Lissabon, der Stadt des Lichtes, wo der Fluss des Silberherzens fliesst, gehen!&#8220; Ein Freund von uns lebt in Alfornelos, einem ruhigen Stadtteil einer bekannten Stadt mit guten Transportverbindungen, wo auch Banken,  Post,Superm\u00e4rkte,usw.vorhanden sind.<br \/>\nDieser Freund hat uns eine Sprachschule empfohlen: See Learning Center! Dort hatten wir eine \u00e4u\u00dferst vorbereitete Lehrerin, die uns, mit Beimischung von Grammatik-\u00dcbungen, die portugiesische Sprache beigebracht und auch die Leidenschaft des Fados und anderer Musik \u00fcbertragen hat. Sie empfahl uns Filme, B\u00fccher und Spazierg\u00e4nge durch die Stadt, wo wir die echte portugiesische K\u00fcche ausfindig machen konnten. So haben wir Lissabon kennengelernt wie es leibt und lebt, die Stra\u00dfen voller typischer Ger\u00fcche. W\u00e4hrend wir auf den Tejo-Fluss schauten, tranken wir eine Bica, Typ Expresso, einen Gal\u00e3o, ein gro\u00dfes Glas Milchkaffee oder auchmal  ein Imperial, ein frisches Blondes. <\/em><\/td>\n<\/tr>\n<\/tbody>\n<\/table>\n<p><span style=\"text-decoration: underline;\"><strong>Programa de Actividades  &amp; Excurs\u00f5es<\/strong><\/span><\/p>\n<table border=\"0\" cellspacing=\"0\" cellpadding=\"0\" width=\"100%\">\n<tbody>\n<tr>\n<td width=\"28%\"><img loading=\"lazy\" decoding=\"async\" src=\"http:\/\/www.seelearningcenter.pt\/images\/cursos_portugues15.jpg\" alt=\"\" width=\"191\" height=\"288\" \/><\/td>\n<td width=\"2%\"><img loading=\"lazy\" decoding=\"async\" src=\"http:\/\/www.seelearningcenter.pt\/images\/transp.gif\" alt=\"\" width=\"15\" height=\"1\" \/><\/td>\n<td width=\"70%\"><strong><em><span style=\"text-decoration: underline;\">Programme f\u00fcr Aktivit\u00e4ten &amp; Ausfl\u00fcge <\/span><\/em><\/strong><\/p>\n<p><a name=\"15\"><\/a> Genie\u00dfen Sie Ihre Freizeit in vollen Z\u00fcgen indem Sie an Aktivit\u00e4ts- und Auflugsprogrammen teilnehmen. Besuchen Sie die farbige <em>Baixa<\/em>, Altstadt von Lissabon, erkunden Sie die Boutiquen der <em>Rua Augusta<\/em>, besuchen Sie die Denkm\u00e4ler der Entdeckerzeiten, entspannen Sie im <em>Parque das Na\u00e7\u00f5es<\/em> (ehemaliges Expo-Gel\u00e4nde) und lassen Sie sich in den Museen von der Geschichte Portugal bezaubern.<\/td>\n<\/tr>\n<\/tbody>\n<\/table>\n<table border=\"0\" cellspacing=\"0\" cellpadding=\"0\" width=\"100%\">\n<tbody>\n<tr>\n<td width=\"28%\"><img loading=\"lazy\" decoding=\"async\" src=\"http:\/\/www.seelearningcenter.pt\/images\/cursos_portugues16.jpg\" alt=\"\" width=\"288\" height=\"191\" \/><\/td>\n<td width=\"2%\"><img loading=\"lazy\" decoding=\"async\" src=\"http:\/\/www.seelearningcenter.pt\/images\/transp.gif\" alt=\"\" width=\"15\" height=\"1\" \/><\/td>\n<td width=\"70%\"><img loading=\"lazy\" decoding=\"async\" src=\"http:\/\/www.seelearningcenter.pt\/images\/cursos_portugues17.jpg\" alt=\"\" width=\"288\" height=\"191\" \/><\/td>\n<\/tr>\n<\/tbody>\n<\/table>\n","protected":false},"excerpt":{"rendered":"<p>Portugiesisch ist eine sehr alte romantische Sprache, abgeleitet aus dem Lateinischen, aber auch sehr von anderen Kulturen beeinflusst. Als Folge der maurischen Besetzung der Iberischen Halbinsel im Mittelalter und der Teilnahme Portugals an den Entdeckungsreisen entwickelte sich die portugiesische Sprache, durch verschiedene Einfl\u00fcsse gepr\u00e4gt, zu ihrer heutigen Besonderheit. Sie ist die sechst meistgesprochene Sprache der [&hellip;]<\/p>\n","protected":false},"author":2,"featured_media":232,"parent":837,"menu_order":2,"comment_status":"open","ping_status":"closed","template":"page-portuguese_courses.php","meta":{"footnotes":"","_links_to":"","_links_to_target":""},"_links":{"self":[{"href":"https:\/\/seelearningcenter.pt\/de\/wp-json\/wp\/v2\/pages\/963"}],"collection":[{"href":"https:\/\/seelearningcenter.pt\/de\/wp-json\/wp\/v2\/pages"}],"about":[{"href":"https:\/\/seelearningcenter.pt\/de\/wp-json\/wp\/v2\/types\/page"}],"author":[{"embeddable":true,"href":"https:\/\/seelearningcenter.pt\/de\/wp-json\/wp\/v2\/users\/2"}],"replies":[{"embeddable":true,"href":"https:\/\/seelearningcenter.pt\/de\/wp-json\/wp\/v2\/comments?post=963"}],"version-history":[{"count":25,"href":"https:\/\/seelearningcenter.pt\/de\/wp-json\/wp\/v2\/pages\/963\/revisions"}],"predecessor-version":[{"id":2762,"href":"https:\/\/seelearningcenter.pt\/de\/wp-json\/wp\/v2\/pages\/963\/revisions\/2762"}],"up":[{"embeddable":true,"href":"https:\/\/seelearningcenter.pt\/de\/wp-json\/wp\/v2\/pages\/837"}],"wp:featuredmedia":[{"embeddable":true,"href":"https:\/\/seelearningcenter.pt\/de\/wp-json\/wp\/v2\/media\/232"}],"wp:attachment":[{"href":"https:\/\/seelearningcenter.pt\/de\/wp-json\/wp\/v2\/media?parent=963"}],"curies":[{"name":"wp","href":"https:\/\/api.w.org\/{rel}","templated":true}]}}