{"id":806,"date":"2010-07-05T17:51:43","date_gmt":"2010-07-05T21:51:43","guid":{"rendered":"http:\/\/seelearningcenter.pt\/"},"modified":"2010-10-17T15:42:57","modified_gmt":"2010-10-17T19:42:57","slug":"warum-die-portugiesische-sprache-im-see-learning-center-erlernen","status":"publish","type":"page","link":"https:\/\/seelearningcenter.pt\/de\/lernen-portugiesisch\/warum-die-portugiesische-sprache-im-see-learning-center-erlernen\/","title":{"rendered":"Warum die portugiesische Sprache im SEE-Learning-Center erlernen?"},"content":{"rendered":"<table border=\"0\" cellspacing=\"0\" cellpadding=\"0\" width=\"100%\">\n<tbody>\n<tr>\n<td width=\"28%\" valign=\"top\"><img loading=\"lazy\" decoding=\"async\" src=\"http:\/\/www.seelearningcenter.pt\/images\/cursos_port_see.jpg\" alt=\"\" width=\"191\" height=\"288\" \/><\/td>\n<td width=\"2%\"><img loading=\"lazy\" decoding=\"async\" src=\"http:\/\/www.seelearningcenter.pt\/images\/transp.gif\" alt=\"\" width=\"15\" height=\"1\" \/><\/td>\n<td width=\"70%\" valign=\"top\">\n<ul>\n<li>Das See-Learning-Center liegt in Alfornelos, direkt an der Metro-Station Alfornelos (Linie Amadora-Ost). Gelegen am Stadtrand Lissabons, N\u00e4he Pontinha und Benfica, stehen Ihnen jede Menge Caf\u00e9s, Restaurants, Banken, sowie ein Einkaufszentrum zur Verf\u00fcgung stehen. Die ausgezeichneten \u00f6ffentlichen Transportmittel wie Busse und Metro erlauben ein einfaches und schnelles Erreichen des Zentrums.<\/li>\n<li>Die g\u00fcnstige Lage sowie die hervorragenenden Verkehrsverbindungen mit den nahegelegenen Zug-Bahnh\u00f6fen in Benfica und Amadora machen Alfornelos zu einem sicheren und dynamischen \u00a0\u00a0\u00a0 \u00a0\u00a0\u00a0 \u00a0\u00a0\u00a0 \u00a0\u00a0\u00a0 \u00a0\u00a0\u00a0 \u00a0 Wohnviertel.<\/li>\n<li>Vom See-Learning-Center sind Sie mit der Metro in 5 Minuten im Einkaufszentrum Colombo und in etwa 20 Minuten im Zentrum Lissbons.<\/li>\n<li><a href=\"http:\/\/seelearningcenter.pt\/de\/lernen-portugiesisch\/willkommen-in-lissabon\/\">Aufgrund der zentralen Lage der Schule k\u00f6nnen die Sch\u00fcler gut die Stadt erforschen, kulturelle oder sportliche Veranstaltungen besuchen, in den Restaurants zu Abend essen und in den verschiedenen Gesch\u00e4ften Eink\u00e4ufe erledigen.<\/a><\/li>\n<li>\u00dcber das See-Learning-Center k\u00f6nnen die Sch\u00fcler an w\u00f6chentlichen Ausfl\u00fcgen und kulturellen Aktivit\u00e4ten teilnehmen.<\/li>\n<li>Das Team des See-Learning-Centers ist stets darum bem\u00fcht, alle Sch\u00fcler dabei zu unterst\u00fctzen, sich an ihren neuen Lebensrythmus, an die neue Kultur und die Lerndynamik in Portugal zu gew\u00f6hnen.<\/li>\n<li>Das See-Learning-Center bietet in einer dynamischen und professionellen Atmosph\u00e4re Kurse der portugiesischen Sprache an.<\/li>\n<li>Programme f\u00fcr jedes Alter, f\u00fcr Kinder und Jugendliche, Studenten, Berufst\u00e4tige und Senioren (50+) stehen jedem zur Verf\u00fcgung, der uns aufsucht.<\/li>\n<li>Den Sch\u00fclern stehen verschiedene Programme zur Auswahl, welche sie ihren pers\u00f6nlichen Anspr\u00fcchen entsprechend aussuchen k\u00f6nnen.<\/li>\n<li>Die Lehrer sind f\u00fcr das Unterrichten der portugiesischen Sprache als Zweitsprache qualifiziert und au\u00dferdem Muttersprachler.<\/li>\n<li>Das See-Learnig-Center bietet Ihnen strukturierte Kurse in 6 Levels an.<\/li>\n<li>Die Methodologie richtet sich nach dem Europ\u00e4ischen Referenzrahmen f\u00fcr Fremdsprachen (QECR).<\/li>\n<li>H\u00f6chstens 8 Sch\u00fcler pro Klasse.<\/li>\n<li>Mindestkursdauer ist 1 Woche.<\/li>\n<li>Kurse mit Dauer von mehr als 1 Jahr vorhanden.<\/li>\n<li>Computerraum und Verbindungskabel f\u00fcr Laptop vorhanden und freier Zugang zum Wireless LAN vorhanden.<\/li>\n<li>Das See-Learning-Center l\u00e4sst nur einen Sch\u00fcler derselben Sprache pro Unterkunft zu.<\/li>\n<li>Ihre Erfahrung mit Ihrer Gastfamilie ist auch f\u00fcr uns wichtig!!!<\/li>\n<\/ul>\n<\/td>\n<\/tr>\n<\/tbody>\n<\/table>\n","protected":false},"excerpt":{"rendered":"<p>Das See-Learning-Center liegt in Alfornelos, direkt an der Metro-Station Alfornelos (Linie Amadora-Ost). Gelegen am Stadtrand Lissabons, N\u00e4he Pontinha und Benfica, stehen Ihnen jede Menge Caf\u00e9s, Restaurants, Banken, sowie ein Einkaufszentrum zur Verf\u00fcgung stehen. Die ausgezeichneten \u00f6ffentlichen Transportmittel wie Busse und Metro erlauben ein einfaches und schnelles Erreichen des Zentrums. Die g\u00fcnstige Lage sowie die hervorragenenden [&hellip;]<\/p>\n","protected":false},"author":2,"featured_media":235,"parent":837,"menu_order":10,"comment_status":"closed","ping_status":"closed","template":"","meta":{"footnotes":"","_links_to":"","_links_to_target":""},"_links":{"self":[{"href":"https:\/\/seelearningcenter.pt\/de\/wp-json\/wp\/v2\/pages\/806"}],"collection":[{"href":"https:\/\/seelearningcenter.pt\/de\/wp-json\/wp\/v2\/pages"}],"about":[{"href":"https:\/\/seelearningcenter.pt\/de\/wp-json\/wp\/v2\/types\/page"}],"author":[{"embeddable":true,"href":"https:\/\/seelearningcenter.pt\/de\/wp-json\/wp\/v2\/users\/2"}],"replies":[{"embeddable":true,"href":"https:\/\/seelearningcenter.pt\/de\/wp-json\/wp\/v2\/comments?post=806"}],"version-history":[{"count":7,"href":"https:\/\/seelearningcenter.pt\/de\/wp-json\/wp\/v2\/pages\/806\/revisions"}],"predecessor-version":[{"id":2988,"href":"https:\/\/seelearningcenter.pt\/de\/wp-json\/wp\/v2\/pages\/806\/revisions\/2988"}],"up":[{"embeddable":true,"href":"https:\/\/seelearningcenter.pt\/de\/wp-json\/wp\/v2\/pages\/837"}],"wp:featuredmedia":[{"embeddable":true,"href":"https:\/\/seelearningcenter.pt\/de\/wp-json\/wp\/v2\/media\/235"}],"wp:attachment":[{"href":"https:\/\/seelearningcenter.pt\/de\/wp-json\/wp\/v2\/media?parent=806"}],"curies":[{"name":"wp","href":"https:\/\/api.w.org\/{rel}","templated":true}]}}