{"id":781,"date":"2010-07-05T17:32:48","date_gmt":"2010-07-05T21:32:48","guid":{"rendered":"http:\/\/seelearningcenter.pt\/"},"modified":"2010-07-06T03:45:10","modified_gmt":"2010-07-06T07:45:10","slug":"warum-die-portugiesische-sprache-erlernen","status":"publish","type":"page","link":"https:\/\/seelearningcenter.pt\/de\/lernen-portugiesisch\/warum-die-portugiesische-sprache-erlernen\/","title":{"rendered":"Warum die portugiesische Sprache erlernen?"},"content":{"rendered":"<table border=\"0\" cellspacing=\"0\" cellpadding=\"0\" width=\"100%\">\n<tbody>\n<tr>\n<td width=\"28%\" valign=\"top\"><img loading=\"lazy\" decoding=\"async\" src=\"http:\/\/www.seelearningcenter.pt\/images\/cursos_portugues1.jpg\" alt=\"\" width=\"191\" height=\"288\" \/><\/td>\n<td width=\"2%\"><img loading=\"lazy\" decoding=\"async\" src=\"http:\/\/www.seelearningcenter.pt\/images\/transp.gif\" alt=\"\" width=\"15\" height=\"1\" \/><\/td>\n<td width=\"70%\" valign=\"top\"><strong><em><span style=\"text-decoration: underline;\">Warum die portugiesische Sprache erlernen?<\/span><\/em><\/strong><\/p>\n<ul>\n<li>Die portugiesische Sprache wird von mehr als 200 Millionen Menschen in der ganzen Welt gesprochen.<\/li>\n<\/ul>\n<ul>\n<li>Sie steht auf sechstem Platz im Ranking der meistgesprochenen Muttersprachen.<\/li>\n<\/ul>\n<ul>\n<li>Die portugiesische Sprache ist die meistgesprochene in Lateinamerika und wird praktisch von der ganzen Bev\u00f6lkerung Brasiliens gesprochen.<\/li>\n<\/ul>\n<ul>\n<li>Die portugiesische Sprache z\u00e4hlt als gr\u00f6\u00dfte freie Sprache in den ehemaligen portugiesischen Kolonien.<\/li>\n<\/ul>\n<ul>\n<li>Die portugiesische Sprache z\u00e4hlt als offizielle Sprache in 10 L\u00e4ndern.<\/li>\n<\/ul>\n<ul>\n<li>Die portugiesische Sprache wird von einer umfangreichen Gemeinschaft von portugiesisch muttersprachlichen Immigranten in Nordamerika, haupts\u00e4chlich in Kanada (Ontario) und in den Vereinigten Staaten Amerikas (New Jersey, <a title=\"New England\" href=\"http:\/\/en.wikipedia.org\/wiki\/New_England\">New England<\/a> und South <a title=\"Florida\" href=\"http:\/\/en.wikipedia.org\/wiki\/Florida\">Florida<\/a>) gesprochen.<\/li>\n<\/ul>\n<ul>\n<li>Es gibt auch zahlreiche Gemeinschafen portugiesischer Immigranten in L\u00e4ndern wie Venezuela und S\u00fcdafrika, sowie auch in europ\u00e4ischen L\u00e4ndern wie die Schweiz oder Frankreich.<\/li>\n<\/ul>\n<ul>\n<li>Die portugiesische Sprache ist, zusammen mit der spanischen und franz\u00f6sischen, offizielle Sprache in L\u00e4ndern wie \u00e4quatorialguinea, co-offizielle mit der <em>l\u00edngua cantonesa<\/em> und der chinesischen Sprache der Besonderen Verwaltungsregion von Makau\u00a0 und abschlie\u00dfend co-offiziell mit der <em>l\u00edngua tetum<\/em> von Ost-Timor. In Uruguai ist Portugiesch Pflichtfach in den Schulen.<\/li>\n<\/ul>\n<ul>\n<li>Die portugiesische Sprache wurde von dem spanischen Schriftsteller Miguel Cervantes als \u201c<em>s\u00fc\u00dfe Sprache<\/em>\u201d genannt.<\/li>\n<\/ul>\n<ul>\n<li>Die portugiesische Sprache wurde von Olavo Bilac, brasilianischer Schriftsteller, als \u201c<em>die letzte Blume L\u00e1cios, schlicht und sch\u00f6n<\/em>\u201d beschrieben.<\/li>\n<\/ul>\n<\/td>\n<\/tr>\n<\/tbody>\n<\/table>\n","protected":false},"excerpt":{"rendered":"<p>Warum die portugiesische Sprache erlernen? Die portugiesische Sprache wird von mehr als 200 Millionen Menschen in der ganzen Welt gesprochen. Sie steht auf sechstem Platz im Ranking der meistgesprochenen Muttersprachen. Die portugiesische Sprache ist die meistgesprochene in Lateinamerika und wird praktisch von der ganzen Bev\u00f6lkerung Brasiliens gesprochen. Die portugiesische Sprache z\u00e4hlt als gr\u00f6\u00dfte freie Sprache [&hellip;]<\/p>\n","protected":false},"author":2,"featured_media":229,"parent":837,"menu_order":8,"comment_status":"closed","ping_status":"closed","template":"","meta":{"footnotes":"","_links_to":"","_links_to_target":""},"_links":{"self":[{"href":"https:\/\/seelearningcenter.pt\/de\/wp-json\/wp\/v2\/pages\/781"}],"collection":[{"href":"https:\/\/seelearningcenter.pt\/de\/wp-json\/wp\/v2\/pages"}],"about":[{"href":"https:\/\/seelearningcenter.pt\/de\/wp-json\/wp\/v2\/types\/page"}],"author":[{"embeddable":true,"href":"https:\/\/seelearningcenter.pt\/de\/wp-json\/wp\/v2\/users\/2"}],"replies":[{"embeddable":true,"href":"https:\/\/seelearningcenter.pt\/de\/wp-json\/wp\/v2\/comments?post=781"}],"version-history":[{"count":2,"href":"https:\/\/seelearningcenter.pt\/de\/wp-json\/wp\/v2\/pages\/781\/revisions"}],"predecessor-version":[{"id":854,"href":"https:\/\/seelearningcenter.pt\/de\/wp-json\/wp\/v2\/pages\/781\/revisions\/854"}],"up":[{"embeddable":true,"href":"https:\/\/seelearningcenter.pt\/de\/wp-json\/wp\/v2\/pages\/837"}],"wp:featuredmedia":[{"embeddable":true,"href":"https:\/\/seelearningcenter.pt\/de\/wp-json\/wp\/v2\/media\/229"}],"wp:attachment":[{"href":"https:\/\/seelearningcenter.pt\/de\/wp-json\/wp\/v2\/media?parent=781"}],"curies":[{"name":"wp","href":"https:\/\/api.w.org\/{rel}","templated":true}]}}