{"id":2296,"date":"2010-09-18T15:42:22","date_gmt":"2010-09-18T19:42:22","guid":{"rendered":"http:\/\/seelearningcenter.pt\/"},"modified":"2010-09-30T06:19:18","modified_gmt":"2010-09-30T10:19:18","slug":"the-golden-age-50","status":"publish","type":"page","link":"https:\/\/seelearningcenter.pt\/de\/lernen-portugiesisch\/the-golden-age-50\/","title":{"rendered":"Golden Age &#8211; Das Goldene Zeitalter 50 +"},"content":{"rendered":"<p><img loading=\"lazy\" decoding=\"async\" class=\"aligncenter size-medium wp-image-1375\" title=\"The Golden Age 50+\" src=\"http:\/\/seelearningcenter.pt\/wp-content\/uploads\/2010\/07\/SEE-PLE-12-300x200.jpg\" alt=\"\" width=\"300\" height=\"200\" srcset=\"https:\/\/seelearningcenter.pt\/wp-content\/uploads\/2010\/07\/SEE-PLE-12-300x200.jpg 300w, https:\/\/seelearningcenter.pt\/wp-content\/uploads\/2010\/07\/SEE-PLE-12-1024x682.jpg 1024w\" sizes=\"(max-width: 300px) 100vw, 300px\" \/><\/p>\n<p>Das Programm Golden Age, ma\u00dfgeschneidert f\u00fcr Sch\u00fcler ab 50 Jahre, die gern reisen, neue Leute kennenlernen m\u00f6chten und ein Gesp\u00fcr f\u00fcr Entdeckungen und Abenteuer besitzen, ist eine au\u00dfergew\u00f6hnliche Erfahrung. Dieser zweiw\u00f6chige Kurs besteht aus Privatunterkunft und 20 Unterrichtsstunden pro Woche, die vorallem auf sprachorientiertes Portugiesisch konzentriert sind. Die Nachmittagsaktivit\u00e4ten werden mit Portugals kulturellen Aspekten verbunden, Sitten und Gebr\u00e4uche, Geschichte und Kunst miteingeschlossen. Dieser Kurs ist f\u00fcr reifere Sch\u00fcler ideal, um\u00a0 Portugiesisch zu lernen und dabei den Geschmack Portugals zu genie\u00dfen.<\/p>\n<p><strong>SEE Portugiesisch-Club 50+\u00a0 \u2013 The Golden Age &#8211; H\u00f6hepunkte <\/strong><\/p>\n<ul>\n<li>Lissabons faszinierende und tiefgr\u00fcndige Geschichte entdecken<\/li>\n<li>W\u00e4hrend des Aufenthalts in einer Gastgeber-Familie in die portugiesische\u00a0 Kultur eintauchen<\/li>\n<li>Portugiesisch in einer vertrauten, passenden und themabezogenen Umgebung lernen<\/li>\n<li>umgangssprachliches Portugiesisch praktizieren<\/li>\n<li>Kombination Sprache und Kultur erlernen<\/li>\n<li>kulturelle und gesellschaftliche Veranstaltungen zu Nutze machen<\/li>\n<li>an Spezialkursen f\u00fcr portugiesische Geschichte, Kunst, Politik und Kultur teilnehmen<\/li>\n<li>Wi-Fi und Computer-Zugang<\/li>\n<li>Gleichgesinnte Leute aus aller Welt kennenlernen<\/li>\n<\/ul>\n<div id=\"_mcePaste\" style=\"position: absolute; left: -10000px; top: 139px; width: 1px; height: 1px; overflow: hidden;\">The Golden Age 50+<\/p>\n<p>Il programma Golden Age \u00e8 un\u2019esperienza straordinaria cucita su misura per studenti dai 50 anni in su che amano viaggiare, incontrare nuove persone e sono appassionati di scoperte e avventure.<br \/>\nQuesto corso di due settimane offre una sistemazione in famiglia, 20 lezioni di lingua a settimana focalizzate soprattutto sull\u2019apprendimento del portoghese colloquiale.<br \/>\nLe attivit\u00e0 sono incentrate sugli aspetti culturali portoghesi, inclusi i costumi, la storia e l\u2019arte. Questo corso \u00e8 perfetto per studenti maturi che desiderano imparare il portoghese mentre fanno un assaggio del Portogallo.<\/p>\n<p>SEE Portuguese Club 50+ \u201cin pillole\u201d, The Golden Age<\/p>\n<p>scopri la Storia intensa e intrigante di Lisbona<br \/>\nimmergiti nella cultura portoghese vivendo presso una famiglia ospitante<br \/>\nimpara il portoghese in maniera approfondita, completa e attraente pratica il portoghese colloquiale<br \/>\ncombina l\u2019apprendimento della lingua e della cultura portoghese<br \/>\napprofitta delle attivit\u00e0 sociali e culturali<br \/>\nfrequenta lezioni specializzate in storia portoghese, arte, politica e cultura<br \/>\nWi-fi e libero accesso al computer<br \/>\nIncontra persone con la tua stessa mentalit\u00e0 provenienti da tutto il mondo<\/p>\n<p>Golden Age &#8211; Das Goldene Zeitalter 50 +<\/p>\n<p>Das Programm Golden Age, ma\u00dfgeschneidert f\u00fcr Sch\u00fcler ab 50 Jahre, die gern reisen, neue Leute kennenlernen m\u00f6chten und ein Gesp\u00fcr f\u00fcr Entdeckungen und Abenteuer besitzen, ist eine au\u00dfergew\u00f6hnliche Erfahrung. Dieser zweiw\u00f6chige Kurs besteht aus Privatunterkunft und 20 Unterrichtsstunden pro Woche, die vorallem auf sprachorientiertes Portugiesisch konzentriert sind. Die Nachmittagsaktivit\u00e4ten werden mit Portugals kulturellen Aspekten verbunden, Sitten und Gebr\u00e4uche, Geschichte und Kunst miteingeschlossen. Dieser Kurs ist f\u00fcr reifere Sch\u00fcler ideal, um\u00a0 Portugiesisch zu lernen und dabei den Geschmack Portugals zu genie\u00dfen.<\/p>\n<p>SEE Portugiesisch-Club 50+\u00a0 \u2013 The Golden Age &#8211; H\u00f6hepunkte<\/p>\n<p>Lissabons faszinierende und tiefgr\u00fcndige Geschichte entdecken<br \/>\nW\u00e4hrend des Aufenthalts in einer Gastgeber-Familie in die portugiesische\u00a0 Kultur eintauchen<br \/>\nPortugiesisch in einer vertrauten, passenden und themabezogenen Umgebung lernen<br \/>\numgangssprachliches Portugiesisch praktizieren<br \/>\nKombination Sprache und Kultur erlernen<br \/>\nkulturelle und gesellschaftliche Veranstaltungen zu Nutze machen<br \/>\nan Spezialkursen f\u00fcr portugiesische Geschichte, Kunst, Politik und Kultur teilnehmen<br \/>\nWi-Fi und Computer-Zugang<br \/>\nGleichgesinnte Leute aus aller Welt kennenlernen<\/p><\/div>\n","protected":false},"excerpt":{"rendered":"<p>Das Programm Golden Age, ma\u00dfgeschneidert f\u00fcr Sch\u00fcler ab 50 Jahre, die gern reisen, neue Leute kennenlernen m\u00f6chten und ein Gesp\u00fcr f\u00fcr Entdeckungen und Abenteuer besitzen, ist eine au\u00dfergew\u00f6hnliche Erfahrung. Dieser zweiw\u00f6chige Kurs besteht aus Privatunterkunft und 20 Unterrichtsstunden pro Woche, die vorallem auf sprachorientiertes Portugiesisch konzentriert sind. Die Nachmittagsaktivit\u00e4ten werden mit Portugals kulturellen Aspekten verbunden, [&hellip;]<\/p>\n","protected":false},"author":2,"featured_media":2303,"parent":837,"menu_order":6,"comment_status":"open","ping_status":"closed","template":"","meta":{"footnotes":"","_links_to":"","_links_to_target":""},"_links":{"self":[{"href":"https:\/\/seelearningcenter.pt\/de\/wp-json\/wp\/v2\/pages\/2296"}],"collection":[{"href":"https:\/\/seelearningcenter.pt\/de\/wp-json\/wp\/v2\/pages"}],"about":[{"href":"https:\/\/seelearningcenter.pt\/de\/wp-json\/wp\/v2\/types\/page"}],"author":[{"embeddable":true,"href":"https:\/\/seelearningcenter.pt\/de\/wp-json\/wp\/v2\/users\/2"}],"replies":[{"embeddable":true,"href":"https:\/\/seelearningcenter.pt\/de\/wp-json\/wp\/v2\/comments?post=2296"}],"version-history":[{"count":5,"href":"https:\/\/seelearningcenter.pt\/de\/wp-json\/wp\/v2\/pages\/2296\/revisions"}],"predecessor-version":[{"id":2747,"href":"https:\/\/seelearningcenter.pt\/de\/wp-json\/wp\/v2\/pages\/2296\/revisions\/2747"}],"up":[{"embeddable":true,"href":"https:\/\/seelearningcenter.pt\/de\/wp-json\/wp\/v2\/pages\/837"}],"wp:featuredmedia":[{"embeddable":true,"href":"https:\/\/seelearningcenter.pt\/de\/wp-json\/wp\/v2\/media\/2303"}],"wp:attachment":[{"href":"https:\/\/seelearningcenter.pt\/de\/wp-json\/wp\/v2\/media?parent=2296"}],"curies":[{"name":"wp","href":"https:\/\/api.w.org\/{rel}","templated":true}]}}