{"id":2266,"date":"2010-09-18T15:25:53","date_gmt":"2010-09-18T19:25:53","guid":{"rendered":"http:\/\/seelearningcenter.pt\/"},"modified":"2010-09-30T06:21:32","modified_gmt":"2010-09-30T10:21:32","slug":"junge-studenten","status":"publish","type":"page","link":"https:\/\/seelearningcenter.pt\/de\/lernen-portugiesisch\/junge-studenten\/","title":{"rendered":"Junior-Sommerschule"},"content":{"rendered":"<table border=\"0\" cellspacing=\"0\" cellpadding=\"0\" width=\"690\">\n<tbody>\n<tr>\n<td width=\"290\"><img loading=\"lazy\" decoding=\"async\" title=\"Young Learners\" src=\"http:\/\/seelearningcenter.pt\/wp-content\/uploads\/2010\/06\/SEE-LEARNING-CENTER-15-quadrado.jpg\" alt=\"\" width=\"235\" height=\"235\" \/><\/td>\n<td width=\"15\"><img loading=\"lazy\" decoding=\"async\" src=\"http:\/\/www.seelearningcenter.pt\/images\/transp.gif\" alt=\"\" width=\"15\" height=\"1\" \/><\/td>\n<td width=\"387\"><strong>SEE Portugiesisches Sommerprogramm<\/strong><\/p>\n<p>Im See Learning Center haben die Sch\u00fcler die Gelegenheit, w\u00e4hrend eines sorgf\u00e4ltig ausgew\u00e4hlten Wohnaufenthaltes, die aufregende Stadt Lissabon zu erforschen, Freunde aus aller Welt kennenzulernen und komplett in die portugiesische Kultur einzutauchen \u2013 das sind SEE Sprachsommerferien.<br \/>\nSEE,<span style=\"color: #888888;\"> <span style=\"color: #333333;\">das portugiesische Sommerprogramm<\/span><\/span> ist ein Kurs von mindestens einer Woche bei einer H\u00f6chstanzahl von f\u00fcnfzehn Sch\u00fclern. Dieser Kurs besteht aus 15 portugiesischen Unterrichtsstunden pro Woche, verbunden mit allerlei Spa\u00df, interaktiven und kulturellen Aktivit\u00e4ten am Nachmittag. Jeder Sch\u00fcler wird in einer gem\u00fctlichen und angenehmen Privatunterkunft untergebracht. Unabh\u00e4ngig von der Sprachf\u00e4higkeit, ob Anf\u00e4nger oder Fortgeschrittener, ist dieser Kurs f\u00fcr alle eine aufregende, p\u00e4dagogische und kulturelle Erfahrung.<br \/>\nSEE Juniorsommerschulprogramm stellt sicher, dass Sch\u00fcler lernen, dabei Spa\u00df haben und die portugiesische Sprache erleben!<\/p>\n<p><strong><br \/>\nSEE Junior-Sommerschule\u00a0 H\u00f6hepunkte <\/strong><\/p>\n<ul>\n<li>neue Freunde kennenlernen<\/li>\n<li>portugiesische Geschichte, Kultur und Tradition erlernen und erleben<\/li>\n<li>geleitete kulturelle Aktivit\u00e4tsprogramme<\/li>\n<li>individuell gestalltete Assistenz<\/li>\n<li>au\u00dfergew\u00f6hnliche Sch\u00fclerbetreuung<\/li>\n<li>h\u00f6chster Lehrstandard<\/li>\n<li>Kursbescheinigung nach Beendigung<\/li>\n<li>All-inclusive-Paket<\/li>\n<\/ul>\n<\/td>\n<\/tr>\n<\/tbody>\n<\/table>\n","protected":false},"excerpt":{"rendered":"<p>SEE Portugiesisches Sommerprogramm Im See Learning Center haben die Sch\u00fcler die Gelegenheit, w\u00e4hrend eines sorgf\u00e4ltig ausgew\u00e4hlten Wohnaufenthaltes, die aufregende Stadt Lissabon zu erforschen, Freunde aus aller Welt kennenzulernen und komplett in die portugiesische Kultur einzutauchen \u2013 das sind SEE Sprachsommerferien. SEE, das portugiesische Sommerprogramm ist ein Kurs von mindestens einer Woche bei einer H\u00f6chstanzahl von [&hellip;]<\/p>\n","protected":false},"author":2,"featured_media":2271,"parent":837,"menu_order":4,"comment_status":"open","ping_status":"closed","template":"","meta":{"footnotes":"","_links_to":"","_links_to_target":""},"_links":{"self":[{"href":"https:\/\/seelearningcenter.pt\/de\/wp-json\/wp\/v2\/pages\/2266"}],"collection":[{"href":"https:\/\/seelearningcenter.pt\/de\/wp-json\/wp\/v2\/pages"}],"about":[{"href":"https:\/\/seelearningcenter.pt\/de\/wp-json\/wp\/v2\/types\/page"}],"author":[{"embeddable":true,"href":"https:\/\/seelearningcenter.pt\/de\/wp-json\/wp\/v2\/users\/2"}],"replies":[{"embeddable":true,"href":"https:\/\/seelearningcenter.pt\/de\/wp-json\/wp\/v2\/comments?post=2266"}],"version-history":[{"count":6,"href":"https:\/\/seelearningcenter.pt\/de\/wp-json\/wp\/v2\/pages\/2266\/revisions"}],"predecessor-version":[{"id":2750,"href":"https:\/\/seelearningcenter.pt\/de\/wp-json\/wp\/v2\/pages\/2266\/revisions\/2750"}],"up":[{"embeddable":true,"href":"https:\/\/seelearningcenter.pt\/de\/wp-json\/wp\/v2\/pages\/837"}],"wp:featuredmedia":[{"embeddable":true,"href":"https:\/\/seelearningcenter.pt\/de\/wp-json\/wp\/v2\/media\/2271"}],"wp:attachment":[{"href":"https:\/\/seelearningcenter.pt\/de\/wp-json\/wp\/v2\/media?parent=2266"}],"curies":[{"name":"wp","href":"https:\/\/api.w.org\/{rel}","templated":true}]}}