{"id":2209,"date":"2010-09-18T14:46:22","date_gmt":"2010-09-18T18:46:22","guid":{"rendered":"http:\/\/seelearningcenter.pt\/"},"modified":"2010-09-24T08:28:17","modified_gmt":"2010-09-24T12:28:17","slug":"wohnung","status":"publish","type":"page","link":"https:\/\/seelearningcenter.pt\/de\/lernen-portugiesisch\/wohnung\/","title":{"rendered":"Wohnung"},"content":{"rendered":"<p><a name=\"14\"><\/a>Teilen Sie Ihren Alltag mit einer ausgew\u00e4hlten Familie und tauchen Sie komplett in die portugiesische Kultur ein \u2013 zu Hause fern von zu Hause. Alle Familien sind von uns \u00fcberwacht und sie geben dem Sch\u00fcler die Gelegenheit die neu erworbenen Portugiesisch-Kenntnisse in einer traditionellen Atmosph\u00e4re zu anzuwenden und weiter zu verbessern. Die Sch\u00fcler k\u00f6nnen zwischen Einzel- und Doppelzimmer w\u00e4hlen, entfernt von anderen Muttersprachlern, es sei denn, es wird anders gew\u00fcnscht.<\/p>\n<table border=\"0\" cellspacing=\"0\" cellpadding=\"0\" width=\"100%\">\n<tbody>\n<tr>\n<td width=\"28%\"><img loading=\"lazy\" decoding=\"async\" src=\"http:\/\/www.seelearningcenter.pt\/images\/cursos_portugues13.jpg\" alt=\"\" width=\"191\" height=\"288\" \/><\/td>\n<td width=\"2%\"><img loading=\"lazy\" decoding=\"async\" src=\"http:\/\/www.seelearningcenter.pt\/images\/transp.gif\" alt=\"\" width=\"15\" height=\"1\" \/><\/td>\n<td width=\"35%\"><img loading=\"lazy\" decoding=\"async\" src=\"http:\/\/www.seelearningcenter.pt\/images\/cursos_portugues14.jpg\" alt=\"\" width=\"191\" height=\"288\" \/><\/td>\n<td width=\"2%\"><img loading=\"lazy\" decoding=\"async\" src=\"http:\/\/www.seelearningcenter.pt\/images\/transp.gif\" alt=\"\" width=\"15\" height=\"1\" \/><\/td>\n<td width=\"70%\">Die Gastfamilie liegt nie weiter als 20 Minuten vom <strong>See Learning Center<\/strong> entfert, so dass Sie entweder zu Fu\u00df oder mit den \u00f6ffentlichen  Transportmitteln anreisen k\u00f6nnen. Die meisten Familien befinden sich in  Alfornelos. Diese Ortschaft entstand vor etwa einem Jahrhundert, als man  die Bauernh\u00f6fe durch Wohnh\u00e4user ersetzte. Durch diesen l\u00e4ndlichen  Ursprung entstand auch der Name der Gemeinde, Al-Forner, was so viel wie  B\u00e4cker auf Arabisch bedeutet.<\/td>\n<\/tr>\n<\/tbody>\n<\/table>\n","protected":false},"excerpt":{"rendered":"<p>Teilen Sie Ihren Alltag mit einer ausgew\u00e4hlten Familie und tauchen Sie komplett in die portugiesische Kultur ein \u2013 zu Hause fern von zu Hause. Alle Familien sind von uns \u00fcberwacht und sie geben dem Sch\u00fcler die Gelegenheit die neu erworbenen Portugiesisch-Kenntnisse in einer traditionellen Atmosph\u00e4re zu anzuwenden und weiter zu verbessern. Die Sch\u00fcler k\u00f6nnen zwischen [&hellip;]<\/p>\n","protected":false},"author":2,"featured_media":2215,"parent":837,"menu_order":18,"comment_status":"open","ping_status":"closed","template":"","meta":{"footnotes":"","_links_to":"","_links_to_target":""},"_links":{"self":[{"href":"https:\/\/seelearningcenter.pt\/de\/wp-json\/wp\/v2\/pages\/2209"}],"collection":[{"href":"https:\/\/seelearningcenter.pt\/de\/wp-json\/wp\/v2\/pages"}],"about":[{"href":"https:\/\/seelearningcenter.pt\/de\/wp-json\/wp\/v2\/types\/page"}],"author":[{"embeddable":true,"href":"https:\/\/seelearningcenter.pt\/de\/wp-json\/wp\/v2\/users\/2"}],"replies":[{"embeddable":true,"href":"https:\/\/seelearningcenter.pt\/de\/wp-json\/wp\/v2\/comments?post=2209"}],"version-history":[{"count":7,"href":"https:\/\/seelearningcenter.pt\/de\/wp-json\/wp\/v2\/pages\/2209\/revisions"}],"predecessor-version":[{"id":2220,"href":"https:\/\/seelearningcenter.pt\/de\/wp-json\/wp\/v2\/pages\/2209\/revisions\/2220"}],"up":[{"embeddable":true,"href":"https:\/\/seelearningcenter.pt\/de\/wp-json\/wp\/v2\/pages\/837"}],"wp:featuredmedia":[{"embeddable":true,"href":"https:\/\/seelearningcenter.pt\/de\/wp-json\/wp\/v2\/media\/2215"}],"wp:attachment":[{"href":"https:\/\/seelearningcenter.pt\/de\/wp-json\/wp\/v2\/media?parent=2209"}],"curies":[{"name":"wp","href":"https:\/\/api.w.org\/{rel}","templated":true}]}}