{"id":1746,"date":"2010-09-11T19:57:18","date_gmt":"2010-09-11T23:57:18","guid":{"rendered":"http:\/\/seelearningcenter.pt\/"},"modified":"2010-09-18T15:59:58","modified_gmt":"2010-09-18T19:59:58","slug":"see-highlights","status":"publish","type":"page","link":"https:\/\/seelearningcenter.pt\/de\/lernen-portugiesisch\/see-highlights\/","title":{"rendered":"SEE Highlights"},"content":{"rendered":"<p><a rel=\"attachment wp-att-1197\" href=\"http:\/\/seelearningcenter.pt\/learning-portuguese-ple\/see-highlights\/attachment\/img_see_hilights\/\"><img loading=\"lazy\" decoding=\"async\" class=\"alignleft size-full wp-image-1197\" title=\"img_see_hilights\" src=\"http:\/\/seelearningcenter.pt\/wp-content\/uploads\/2010\/07\/img_see_hilights.jpg\" alt=\"\" width=\"288\" height=\"429\" srcset=\"https:\/\/seelearningcenter.pt\/wp-content\/uploads\/2010\/07\/img_see_hilights.jpg 288w, https:\/\/seelearningcenter.pt\/wp-content\/uploads\/2010\/07\/img_see_hilights-201x300.jpg 201w\" sizes=\"(max-width: 288px) 100vw, 288px\" \/><\/a><\/p>\n<p><span class=\"destaques\">1.<\/span> begleitende Lernmethode<\/p>\n<p><span class=\"destaques\">2.<\/span> Lernen in einer einladenden und<br \/>\nmultikulturellen Atmosph\u00e4re<\/p>\n<p><span class=\"destaques\">3.<\/span> erfahrenes Lehrerteam<\/p>\n<p><span class=\"destaques\">4.<\/span> permanente und personalisierte Betreuung<\/p>\n<p><span class=\"destaques\">5.<\/span> hervorragende Lokalisierung und Erreichbarkeit<\/p>\n<p><span class=\"destaques\">6.<\/span> konkurrenzf\u00e4hige Preise<\/p>\n<p><span class=\"destaques\">7.<\/span> kulturelle Aktivit\u00e4ten<\/p>\n<p><span class=\"destaques\">8.<\/span> K\u00fcstenn\u00e4he (Costa da Caparica)<\/p>\n<p><span class=\"destaques\">9.<\/span> einladende und freundliche Gastfamilien<\/p>\n<p><span class=\"destaques\">10.<\/span> Tradition und Innovation<\/p>\n<p><span class=\"destaques_red\">Lehrer und Lehrmethode<\/span><\/p>\n<p>Das See Learning Center ist stolz auf seine hochqualitativen Kurse, den Privatunterricht und das dazugeh\u00f6rigen Aktivit\u00e4tsprogramm. Unsere Lehrmethodologie hat sich nach mehr als 20 Jahren Erfahrung als absolut zufriedenstellend und erfolgbringend bew\u00e4hrt.<\/p>\n<p>Die Lehrer, Muttersprachler der portugiesischen Sprache, verf\u00fcgen \u00fcber ein vom Ministerium f\u00fcr Wissenschaft, Technologie und Hochschule anerkanntes abgeschlossenes Studium und besitzen p\u00e4dagogische Ausbildung, die sie dazu berechtigt, Portugiesisch als Fremdsprache zu unterrichten.<\/p>\n","protected":false},"excerpt":{"rendered":"<p>1. begleitende Lernmethode 2. Lernen in einer einladenden und multikulturellen Atmosph\u00e4re 3. erfahrenes Lehrerteam 4. permanente und personalisierte Betreuung 5. hervorragende Lokalisierung und Erreichbarkeit 6. konkurrenzf\u00e4hige Preise 7. kulturelle Aktivit\u00e4ten 8. K\u00fcstenn\u00e4he (Costa da Caparica) 9. einladende und freundliche Gastfamilien 10. Tradition und Innovation Lehrer und Lehrmethode Das See Learning Center ist stolz auf seine [&hellip;]<\/p>\n","protected":false},"author":2,"featured_media":2177,"parent":837,"menu_order":12,"comment_status":"open","ping_status":"closed","template":"","meta":{"footnotes":"","_links_to":"","_links_to_target":""},"_links":{"self":[{"href":"https:\/\/seelearningcenter.pt\/de\/wp-json\/wp\/v2\/pages\/1746"}],"collection":[{"href":"https:\/\/seelearningcenter.pt\/de\/wp-json\/wp\/v2\/pages"}],"about":[{"href":"https:\/\/seelearningcenter.pt\/de\/wp-json\/wp\/v2\/types\/page"}],"author":[{"embeddable":true,"href":"https:\/\/seelearningcenter.pt\/de\/wp-json\/wp\/v2\/users\/2"}],"replies":[{"embeddable":true,"href":"https:\/\/seelearningcenter.pt\/de\/wp-json\/wp\/v2\/comments?post=1746"}],"version-history":[{"count":8,"href":"https:\/\/seelearningcenter.pt\/de\/wp-json\/wp\/v2\/pages\/1746\/revisions"}],"predecessor-version":[{"id":2328,"href":"https:\/\/seelearningcenter.pt\/de\/wp-json\/wp\/v2\/pages\/1746\/revisions\/2328"}],"up":[{"embeddable":true,"href":"https:\/\/seelearningcenter.pt\/de\/wp-json\/wp\/v2\/pages\/837"}],"wp:featuredmedia":[{"embeddable":true,"href":"https:\/\/seelearningcenter.pt\/de\/wp-json\/wp\/v2\/media\/2177"}],"wp:attachment":[{"href":"https:\/\/seelearningcenter.pt\/de\/wp-json\/wp\/v2\/media?parent=1746"}],"curies":[{"name":"wp","href":"https:\/\/api.w.org\/{rel}","templated":true}]}}