{"id":1683,"date":"2010-09-10T22:50:06","date_gmt":"2010-09-11T02:50:06","guid":{"rendered":"http:\/\/seelearningcenter.pt\/"},"modified":"2010-09-18T15:59:24","modified_gmt":"2010-09-18T19:59:24","slug":"faq","status":"publish","type":"page","link":"https:\/\/seelearningcenter.pt\/de\/lernen-portugiesisch\/faq\/","title":{"rendered":"FAQ"},"content":{"rendered":"<div class=\"faq_question\">\n<h4>Wie gro\u00df sind die Klassen?<\/h4>\n<p>Die Klassen haben h\u00f6chstens 8 Sch\u00fcler und jeder Sch\u00fcler erh\u00e4lt personalisierte Betreuung des Lehrers oder der Lehrerin.<\/p>\n<\/div>\n<div class=\"faq_question\">\n<h4>Wie viele Lern-Levels gibt es?<\/h4>\n<p>Zwischen Anf\u00e4nger und Fortgeschrittene liegen 6 Levels.<\/p>\n<\/div>\n<div class=\"faq_question\">\n<h4>Wo liegt das See Learning Center?<\/h4>\n<p>Das See Learning Center verf\u00fcgt \u00fcber moderne, bequeme und komplett eingerichtete Lernr\u00e4ume. Eine unserer Zweigstellen liegt direkt an der Metro-Station Alfornelos, einem famili\u00e4ren Viertel am Stadtrand (Gro\u00dfraum Lissabon).<\/p>\n<\/div>\n<div class=\"faq_question\">\n<h4>Wann beginnen die Kurse?<\/h4>\n<p>Montags, au\u00dfer an Schulferien und \u00f6ffentlichen Feiertagen.<\/p>\n<\/div>\n<div class=\"faq_question\">\n<h4>Wie kann ich mich einschreiben?<\/h4>\n<p>Als erstes m\u00fcssen Sie den Bewerbungsbogen ausf\u00fcllen und die Zahlung der entsprechenden Einschreibung vornehmen. Anschlie\u00dfend wird Ihnen ein Schreiben zugeschickt, in dem Ihre Einschreibung und Zahlungsbedingungen best\u00e4tigt werden, wobei die Zahlung mindestens 4 Wochen vor Kursbeginn veranlasst sein muss.  Sch\u00fcler, die nicht die komplette Zahlung vorgenommen haben, bekommen keine Erlaubnis, den Kurs zu beginnen.<\/p>\n<\/div>\n<div class=\"faq_question\">\n<h4>Brauche ich ein Visum?<\/h4>\n<p>Sch\u00fcler aus Mitgliedsstaaten der Europ\u00e4ischen Union ben\u00f6tigen kein Visum um in Portugal einzureisen. Sch\u00fcler aus Nicht-Mitgliedsstaaten m\u00fcssen sich bei der n\u00e4chstliegenden Botschaft oder dem Konsulat von Portugal \u00fcber das Erlangen eines Sch\u00fcler-Visums informieren.<br \/>\nEs liegt in der Verantwortung der Sch\u00fcler, das Erlangen des passenden Visums f\u00fcr den Aufenthalt in Portugal w\u00e4hrend des Unterrichtsbesuches sicherzustellen. See Learning Center garantiert allen Sch\u00fclern, die ihr Sch\u00fcler-Visum beantragt haben, die Zusendung eines Best\u00e4tigungsschreiben.<\/p>\n<\/div>\n<div class=\"faq_question\">\n<h4>Was passiert, wenn die Bitte auf Visum abgelehnt wird?<\/h4>\n<p>In diesem Fall m\u00fcssen Sie uns eine beglaubigte Kopie des von dem portugiesischen Konsulats ausgestelltem Schreiben, wo das Visum beantragt wurde, zusammen mit dem Best\u00e4tigungsschreiben, so dass wir die komplette R\u00fcckerstattung aller bisher geleisteten Zahlungen vornehmen k\u00f6nnen. Diese R\u00fcckerstattung erfolgt jedoch nur, wenn die Absage bis 14 Tage vor Kursbeginn erfolgt ist. Sollte die Absage nach dieser Frist erfolgen, wird ein Pennale f\u00e4llig.<\/p>\n<\/div>\n<div class=\"faq_question\">\n<h4>Welche ist die wichtigste Regel im See Learning Center?<\/h4>\n<p>Den Sch\u00fclern ist es im Center nicht erlaubt, w\u00e4hrend des gesamten Unterrichtsverlaufs andere Sprachen zu sprechen. Am ersten Unterrichtstag unterschreiben alle Sch\u00fcler diesbez\u00fcglich eine Vereinbarung.<\/p>\n<\/div>\n<div class=\"faq_question\">\n<h4>Welche Art von Unterkunft bevorzugen Sie?<\/h4>\n<p>Der gr\u00f6\u00dfte Teil der Sch\u00fcler zieht es vor, mit einer Gastfamilie zu leben. Der Aufenthalt in einer famili\u00e4ren Umgebung ist aus nachstehenden Gr\u00fcnden die beste Auswahl:<br \/>\n&#8211; Beim Praktizieren der Sprache in der Gastfamilie stellen sich schnellere             Lernerfolge ein.<br \/>\n&#8211; Diese L\u00f6sung ist die billigste und sicherste.<br \/>\n&#8211; Diese L\u00f6sung erlaubt Ihnen, viel mehr \u00fcber Portugal und die portugiesische<br \/>\nKultur zu lernen.<\/p>\n<\/div>\n<div class=\"faq_question\">\n<h4>Wie lange brauche ich, um die portugiesische Sprache zu erlernen?<\/h4>\n<p>Jeder Sch\u00fcler ist anders. W\u00e4hrend einige schnell lernen, brauchen andere mehr Zeit. Wenn Sie bedeutende Fortschritte machen m\u00f6chten, sollten Sie mindestens 3 Monate lernen. Die Durchschnittsdauer zum Erlernen der portugiesischen Sprache im See Learning Center liegt in der Regel zwischen 3 und 6 Monaten.<\/p>\n<\/div>\n<div class=\"faq_question\">\n<h4>Werde ich ein Zertifikat erhalten?<\/h4>\n<p>Die Sch\u00fcler sollen an allen Unterrichtsstunden teilnehmen, p\u00fcnktlich und korrekt sein. Die Lehrer k\u00f6nnen den Zutritt verweigern, wenn die Sch\u00fcler 10 Minuten nach Unterrichtsbeginn eintreffen. Die Sch\u00fcler m\u00fcssen zumindest an 85% der Unterrichtsstunden teilgenommen haben, um das Zertifikat zu erhalten. Immer wenn der Sch\u00fcler beabsichtigt, von einer oder mehreren Unterrichtsstunden fernzubleiben, oder wenn er aus Gesundheitsgr\u00fcnden an der Teilnahme verhindert ist, ist er verpflichtet, die Schule unmittelbar hier\u00fcber zu unterrichen.<\/p>\n<\/div>\n<div class=\"faq_question\">\n<h4>Brauche ich eine Krankenversicherung?<\/h4>\n<p>Ja. Die Sch\u00fcler sind \u00fcber See Learning Center oder ihre Gastfamilien weder kranken- noch diebstahlversichert. Die Schule entzieht sich jeglicher Verantwortung bez\u00fcglich entstehender Krankheitskosten.<br \/>\nDie Sch\u00fcler aus EU-Mitgliedsl\u00e4ndern m\u00fcssen in Besitz ihrer Gesundheitskarte sein, w\u00e4hrend die aus Nicht-Mitgliedsl\u00e4ndern eine Krankenversicherung abschlie\u00dfen m\u00fcssen. Die Sch\u00fcler sind f\u00fcr alle anfallenden Kosten bez\u00fcglich der in Portugal erhaltenen \u00e4rztlichen Versorgung selbst verantwortlich.<\/p>\n<\/div>\n<div class=\"faq_question\">\n<h4>Kann ich das Lernprogramm wechseln?<\/h4>\n<p>Die Sch\u00fcler k\u00f6nnen zu einer anderen Modalit\u00e4t der PLE-Kurse wechseln, vorausgesetzt dass freie Pl\u00e4tze verf\u00fcgbar sind. Die Sch\u00fcler, die sich f\u00fcr einem Wechsel hin zu einem Lernprogramm verbunden mit h\u00f6heren Kosten entscheiden, m\u00fcssen bei Antrag der \u00c4nderung den Mehrbetrag bezahlen.<\/p>\n<\/div>\n<div class=\"faq_question\">\n<h4>Ist es m\u00f6glich, einen speziellen Ern\u00e4hrungsplan zur Verf\u00fcgung zu stellen?<\/h4>\n<p>Einige der Sch\u00fcler vom See Learning Center haben einen speziellen Ern\u00e4hrungsplan. Falls es f\u00fcr die Gastfamilien notwendig ist, au\u00dfer den \u00fcblichen Nahrungsmitteln andere zu erwerben, stellt See Learning Center dem Sch\u00fcler die Mehrkosten f\u00fcr die Anschaffung dieser speziellen Nahrungsmittel in Rechnung.<\/p>\n<\/div>\n<div class=\"faq_question\">\n<h4>Welche sind die  K\u00fcndigungsbedingungen nach dem Beginn des Lernprogrammes?<\/h4>\n<p>Es wird eine K\u00fcndigungspennale berechnet, welche den Kosten einer Unterrichtswoche entspricht. Der dar\u00fcber hinausgehende Betrag wird zur\u00fcckerstattet. Die Kurse k\u00f6nnen nicht auf einen anderen Sch\u00fcler \u00fcbertragen werden. Wenn der Sch\u00fcler vom Unterrichtsbesuch aus Urlaubsgr\u00fcnden f\u00fcr 1 bis 2 Wochen freigestellt werden m\u00f6chte, muss er seine Bitte mit einem Vorbescheid von mindestens 2 Wochen vorher, schriftlich beim See Learning Center einreichen. Am Ende des Kurses haben die Sch\u00fcler das Recht auf Nachholung der freigestellten Unterrichtsstunden. F\u00fcr jede im Laufe des Kurses vorgenommene \u00c4nderung der anf\u00e4nglich vereinbarten Konditionen wird eine Verwaltungsgeb\u00fchr berechnet.<\/p>\n<\/div>\n","protected":false},"excerpt":{"rendered":"<p>Wie gro\u00df sind die Klassen? Die Klassen haben h\u00f6chstens 8 Sch\u00fcler und jeder Sch\u00fcler erh\u00e4lt personalisierte Betreuung des Lehrers oder der Lehrerin. Wie viele Lern-Levels gibt es? Zwischen Anf\u00e4nger und Fortgeschrittene liegen 6 Levels. Wo liegt das See Learning Center? Das See Learning Center verf\u00fcgt \u00fcber moderne, bequeme und komplett eingerichtete Lernr\u00e4ume. Eine unserer Zweigstellen [&hellip;]<\/p>\n","protected":false},"author":2,"featured_media":2183,"parent":837,"menu_order":20,"comment_status":"open","ping_status":"closed","template":"page-faqs.php","meta":{"footnotes":"","_links_to":"","_links_to_target":""},"_links":{"self":[{"href":"https:\/\/seelearningcenter.pt\/de\/wp-json\/wp\/v2\/pages\/1683"}],"collection":[{"href":"https:\/\/seelearningcenter.pt\/de\/wp-json\/wp\/v2\/pages"}],"about":[{"href":"https:\/\/seelearningcenter.pt\/de\/wp-json\/wp\/v2\/types\/page"}],"author":[{"embeddable":true,"href":"https:\/\/seelearningcenter.pt\/de\/wp-json\/wp\/v2\/users\/2"}],"replies":[{"embeddable":true,"href":"https:\/\/seelearningcenter.pt\/de\/wp-json\/wp\/v2\/comments?post=1683"}],"version-history":[{"count":10,"href":"https:\/\/seelearningcenter.pt\/de\/wp-json\/wp\/v2\/pages\/1683\/revisions"}],"predecessor-version":[{"id":2330,"href":"https:\/\/seelearningcenter.pt\/de\/wp-json\/wp\/v2\/pages\/1683\/revisions\/2330"}],"up":[{"embeddable":true,"href":"https:\/\/seelearningcenter.pt\/de\/wp-json\/wp\/v2\/pages\/837"}],"wp:featuredmedia":[{"embeddable":true,"href":"https:\/\/seelearningcenter.pt\/de\/wp-json\/wp\/v2\/media\/2183"}],"wp:attachment":[{"href":"https:\/\/seelearningcenter.pt\/de\/wp-json\/wp\/v2\/media?parent=1683"}],"curies":[{"name":"wp","href":"https:\/\/api.w.org\/{rel}","templated":true}]}}