{"id":1681,"date":"2010-09-10T22:47:21","date_gmt":"2010-09-11T02:47:21","guid":{"rendered":"http:\/\/seelearningcenter.pt\/"},"modified":"2010-09-18T15:59:45","modified_gmt":"2010-09-18T19:59:45","slug":"wussten-sie-dass","status":"publish","type":"page","link":"https:\/\/seelearningcenter.pt\/de\/lernen-portugiesisch\/wussten-sie-dass\/","title":{"rendered":"Wussten Sie, dass &#8230;"},"content":{"rendered":"<p><img loading=\"lazy\" decoding=\"async\" class=\"alignleft size-full wp-image-1646\" title=\"sabia_que\" src=\"http:\/\/seelearningcenter.pt\/wp-content\/uploads\/2010\/09\/sabia_que.jpg\" alt=\"\" width=\"350\" height=\"237\" srcset=\"https:\/\/seelearningcenter.pt\/wp-content\/uploads\/2010\/09\/sabia_que.jpg 350w, https:\/\/seelearningcenter.pt\/wp-content\/uploads\/2010\/09\/sabia_que-300x203.jpg 300w\" sizes=\"(max-width: 350px) 100vw, 350px\" \/><\/p>\n<ul class=\"right_ul\" type=\"disc\">\n<li>Die See-Portugiesisch-als-Fremdsprache-Kurse die Promovierung der portugiesischen Sprache und Kultur als Ziel haben und beabsichtigen, die anders sprachigen B\u00fcrger in der Beherrschung der portugiesischen Sprache zu qualifizieren, sowie auch die Sprachkenntnisse der B\u00fcrger aus L\u00e4ndern mit offizieller portugiesischer Sprache stammend zu verst\u00e4rken?<\/li>\n<li>die Klassen h\u00f6chstens 8 Sch\u00fcler haben und jeder Sch\u00fcler vom Lehrer individuell betreut wird?<\/li>\n<li>es von Anf\u00e4nger bis Fortgeschrittene 6 Lernlevels gibt?<\/li>\n<li>die Kurse montags beginnen, au\u00dfer in den Schulferien und an offiziellen Feiertagen?<\/li>\n<li>die Mindestdauer des Kurses eine Woche betr\u00e4gt und solange ausgedehnt werden kann wie es vom Lernenden gew\u00fcnscht wird, wobei dieser die M\u00f6glichkeit hat, seinen Stundenplan gem\u00e4\u00df seiner Verf\u00fcgbarkeit und seinen Ziele einzurichten?<\/li>\n<li>das See Learning Center \u00fcber moderne, bequeme und komplett eingerichtete  Lernr\u00e4ume verf\u00fcgt und eins der Center direkt an der Metro-Station Alfornelos (Amadora Ost), einem famili\u00e4ren Viertel am Rande Lissabons, liegt?<\/li>\n<\/ul>\n","protected":false},"excerpt":{"rendered":"<p>Die See-Portugiesisch-als-Fremdsprache-Kurse die Promovierung der portugiesischen Sprache und Kultur als Ziel haben und beabsichtigen, die anders sprachigen B\u00fcrger in der Beherrschung der portugiesischen Sprache zu qualifizieren, sowie auch die Sprachkenntnisse der B\u00fcrger aus L\u00e4ndern mit offizieller portugiesischer Sprache stammend zu verst\u00e4rken? die Klassen h\u00f6chstens 8 Sch\u00fcler haben und jeder Sch\u00fcler vom Lehrer individuell betreut wird? [&hellip;]<\/p>\n","protected":false},"author":2,"featured_media":2182,"parent":837,"menu_order":22,"comment_status":"open","ping_status":"closed","template":"","meta":{"footnotes":"","_links_to":"","_links_to_target":""},"_links":{"self":[{"href":"https:\/\/seelearningcenter.pt\/de\/wp-json\/wp\/v2\/pages\/1681"}],"collection":[{"href":"https:\/\/seelearningcenter.pt\/de\/wp-json\/wp\/v2\/pages"}],"about":[{"href":"https:\/\/seelearningcenter.pt\/de\/wp-json\/wp\/v2\/types\/page"}],"author":[{"embeddable":true,"href":"https:\/\/seelearningcenter.pt\/de\/wp-json\/wp\/v2\/users\/2"}],"replies":[{"embeddable":true,"href":"https:\/\/seelearningcenter.pt\/de\/wp-json\/wp\/v2\/comments?post=1681"}],"version-history":[{"count":3,"href":"https:\/\/seelearningcenter.pt\/de\/wp-json\/wp\/v2\/pages\/1681\/revisions"}],"predecessor-version":[{"id":2327,"href":"https:\/\/seelearningcenter.pt\/de\/wp-json\/wp\/v2\/pages\/1681\/revisions\/2327"}],"up":[{"embeddable":true,"href":"https:\/\/seelearningcenter.pt\/de\/wp-json\/wp\/v2\/pages\/837"}],"wp:featuredmedia":[{"embeddable":true,"href":"https:\/\/seelearningcenter.pt\/de\/wp-json\/wp\/v2\/media\/2182"}],"wp:attachment":[{"href":"https:\/\/seelearningcenter.pt\/de\/wp-json\/wp\/v2\/media?parent=1681"}],"curies":[{"name":"wp","href":"https:\/\/api.w.org\/{rel}","templated":true}]}}